{"id":1025,"date":"2024-08-26T10:58:17","date_gmt":"2024-08-26T10:58:17","guid":{"rendered":"https:\/\/www.cwu.edu.tr\/tr\/?page_id=1025"},"modified":"2025-10-24T13:50:42","modified_gmt":"2025-10-24T13:50:42","slug":"sat-sinav-merkezi","status":"publish","type":"page","link":"https:\/\/www.cwu.edu.tr\/tr\/sat-sinav-merkezi\/","title":{"rendered":"SAT S\u0131nav Merkezi"},"content":{"rendered":"<style>.kb-row-layout-id1025_18f642-79 > .kt-row-column-wrap{align-content:start;}:where(.kb-row-layout-id1025_18f642-79 > .kt-row-column-wrap) > .wp-block-kadence-column{justify-content:start;}.kb-row-layout-id1025_18f642-79 > .kt-row-column-wrap{column-gap:var(--global-kb-gap-md, 2rem);row-gap:var(--global-kb-gap-md, 2rem);padding-top:var(--global-kb-spacing-sm, 1.5rem);padding-bottom:var(--global-kb-spacing-sm, 1.5rem);grid-template-columns:minmax(0, calc(25% - ((var(--global-kb-gap-md, 2rem) * 1 )\/2)))minmax(0, calc(75% - ((var(--global-kb-gap-md, 2rem) * 1 )\/2)));}.kb-row-layout-id1025_18f642-79 > .kt-row-layout-overlay{opacity:0.30;}@media all and (max-width: 1024px){.kb-row-layout-id1025_18f642-79 > .kt-row-column-wrap{grid-template-columns:minmax(0, 1fr) minmax(0, 2fr);}}@media all and (max-width: 767px){.kb-row-layout-id1025_18f642-79 > .kt-row-column-wrap{grid-template-columns:minmax(0, 1fr);}}<\/style><div class=\"kb-row-layout-wrap kb-row-layout-id1025_18f642-79 alignnone wp-block-kadence-rowlayout\"><div class=\"kt-row-column-wrap kt-has-2-columns kt-row-layout-right-golden kt-tab-layout-inherit kt-mobile-layout-row kt-row-valign-top\">\n<style>.kadence-column1025_8cebca-9b > .kt-inside-inner-col,.kadence-column1025_8cebca-9b > .kt-inside-inner-col:before{border-top-left-radius:0px;border-top-right-radius:0px;border-bottom-right-radius:0px;border-bottom-left-radius:0px;}.kadence-column1025_8cebca-9b > .kt-inside-inner-col{column-gap:var(--global-kb-gap-sm, 1rem);}.kadence-column1025_8cebca-9b > .kt-inside-inner-col{flex-direction:column;}.kadence-column1025_8cebca-9b > .kt-inside-inner-col > .aligncenter{width:100%;}.kadence-column1025_8cebca-9b > .kt-inside-inner-col:before{opacity:0.3;}.kadence-column1025_8cebca-9b{position:relative;}@media all and (max-width: 1024px){.kadence-column1025_8cebca-9b > .kt-inside-inner-col{flex-direction:column;justify-content:center;}}@media all and (max-width: 767px){.kadence-column1025_8cebca-9b > .kt-inside-inner-col{flex-direction:column;justify-content:center;}}<\/style>\n<div class=\"wp-block-kadence-column kadence-column1025_8cebca-9b\"><div class=\"kt-inside-inner-col\">\n<div class=\"wp-block-wpb-accordion-menu-or-category-pro-wpb-wmca-shortcode-selector\">\t\t\t<div class=\"wpb_category_n_menu_accordion wpb_accordion_free_version wpb_wmca_accordion_wrapper_theme_transparent wpb_the_menu_accordion\" data-shortcode_id=\"1479\" data-accordion=\"true\" data-indicator_icon=\"+\">\n\t\t\t\t\t\t\t\t<ul id=\"menu-akademik\" class=\"wpb_category_n_menu_accordion_list\"><li id=\"menu-item-1495\" class=\"menu-item menu-item-type-custom menu-item-object-custom menu-item-has-children menu-item-1495\"><a href=\"#\">Akademik Takvim<\/a>\n<ul class=\"sub-menu\">\n\t<li id=\"menu-item-5807\" class=\"menu-item menu-item-type-post_type menu-item-object-page menu-item-5807\"><a href=\"https:\/\/www.cwu.edu.tr\/tr\/akademik-takvim-2025-2026\/\">Akademik Takvim 2025 \u2013 2026<\/a><\/li>\n\t<li id=\"menu-item-1501\" class=\"menu-item menu-item-type-post_type menu-item-object-page menu-item-1501\"><a href=\"https:\/\/www.cwu.edu.tr\/tr\/akademik-takvim\/\">Akademik Takvim 2024 \u2013 2025<\/a><\/li>\n<\/ul>\n<\/li>\n<li id=\"menu-item-1446\" class=\"menu-item menu-item-type-custom menu-item-object-custom menu-item-has-children menu-item-1446\"><a href=\"#\">Fak\u00fclteler<\/a>\n<ul class=\"sub-menu\">\n\t<li id=\"menu-item-1472\" class=\"menu-item menu-item-type-post_type menu-item-object-page menu-item-1472\"><a href=\"https:\/\/www.cwu.edu.tr\/tr\/iktisadi-idari-ve-sosyal-bilimler-fakultesi\/\">\u0130ktisadi, \u0130dari ve Sosyal Bilimler Fak\u00fcltesi<\/a><\/li>\n\t<li id=\"menu-item-1473\" class=\"menu-item menu-item-type-post_type menu-item-object-page menu-item-1473\"><a href=\"https:\/\/www.cwu.edu.tr\/tr\/muhendislik-ve-mimarlik-fakultesi\/\">M\u00fchendislik ve Mimarl\u0131k Fak\u00fcltesi<\/a><\/li>\n<\/ul>\n<\/li>\n<li id=\"menu-item-1451\" class=\"menu-item menu-item-type-custom menu-item-object-custom menu-item-has-children menu-item-1451\"><a href=\"#\">Enstit\u00fcler<\/a>\n<ul class=\"sub-menu\">\n\t<li id=\"menu-item-1643\" class=\"menu-item menu-item-type-custom menu-item-object-custom menu-item-has-children menu-item-1643\"><a href=\"#\">Lisans\u00fcst\u00fc E\u011fitim Enstit\u00fcs\u00fc<\/a>\n\t<ul class=\"sub-menu\">\n\t\t<li id=\"menu-item-1475\" class=\"menu-item menu-item-type-custom menu-item-object-custom menu-item-1475\"><a href=\"https:\/\/sis.cwu.edu.tr\/ogrenciler\/applicationform\/form\/ln\/en\" target=\"_blank\" rel=\"noopener\">Online Ba\u015fvuru<\/a><\/li>\n\t\t<li id=\"menu-item-1474\" class=\"menu-item menu-item-type-custom menu-item-object-custom menu-item-1474\"><a href=\"https:\/\/www.cwu.edu.tr\/tr\/isletme-yuksek-lisansi-mba\/\">B\u00f6l\u00fcm Hakk\u0131nda (MBA)<\/a><\/li>\n\t\t<li id=\"menu-item-1476\" class=\"menu-item menu-item-type-custom menu-item-object-custom menu-item-1476\"><a href=\"https:\/\/www.cwu.edu.tr\/tr\/isletme-yuksek-lisansi-ucret-ve-burslar\/\">B\u00f6l\u00fcm \u00dccreti ve Burs Olanaklar\u0131<\/a><\/li>\n\t\t<li id=\"menu-item-1477\" class=\"menu-item menu-item-type-custom menu-item-object-custom menu-item-1477\"><a href=\"https:\/\/www.cwu.edu.tr\/tr\/isletme-yuksek-lisansi-kayit-ve-kabul\/\">Kay\u0131t ve Kabul \u015eartlar\u0131<\/a><\/li>\n\t\t<li id=\"menu-item-1478\" class=\"menu-item menu-item-type-custom menu-item-object-custom menu-item-1478\"><a href=\"https:\/\/www.cwu.edu.tr\/tr\/isletme-yuksek-lisansi-akademik-kadro\/\">Akademik Kadro<\/a><\/li>\n\t<\/ul>\n<\/li>\n\t<li id=\"menu-item-1456\" class=\"menu-item menu-item-type-post_type menu-item-object-page menu-item-1456\"><a href=\"https:\/\/www.cwu.edu.tr\/tr\/yabanci-diller-ve-ingilizce-hazirlik-okulu\/\">Yabanc\u0131 Diller ve \u0130ngilizce Haz\u0131rl\u0131k Okulu<\/a><\/li>\n<\/ul>\n<\/li>\n<li id=\"menu-item-5801\" class=\"menu-item menu-item-type-custom menu-item-object-custom menu-item-has-children menu-item-5801\"><a href=\"#\">Resmi Test Merkezleri<\/a>\n<ul class=\"sub-menu\">\n\t<li id=\"menu-item-5802\" class=\"menu-item menu-item-type-post_type menu-item-object-page menu-item-5802\"><a href=\"https:\/\/www.cwu.edu.tr\/tr\/sat-sinav-merkezi\/\">SAT S\u0131nav Merkezi<\/a><\/li>\n\t<li id=\"menu-item-5803\" class=\"menu-item menu-item-type-post_type menu-item-object-page menu-item-5803\"><a href=\"https:\/\/www.cwu.edu.tr\/tr\/british-council-ielts-sinav-merkezi\/\">British Council IELTS S\u0131nav Merkezi<\/a><\/li>\n<\/ul>\n<\/li>\n<li id=\"menu-item-1511\" class=\"menu-item menu-item-type-custom menu-item-object-custom menu-item-has-children menu-item-1511\"><a href=\"#\">E\u011fitim Merkezleri<\/a>\n<ul class=\"sub-menu\">\n\t<li id=\"menu-item-1503\" class=\"menu-item menu-item-type-post_type menu-item-object-page menu-item-1503\"><a href=\"https:\/\/www.cwu.edu.tr\/tr\/kariyer-merkezi\/\">Kariyer Merkezi<\/a><\/li>\n\t<li id=\"menu-item-1507\" class=\"menu-item menu-item-type-post_type menu-item-object-page menu-item-1507\"><a href=\"https:\/\/www.cwu.edu.tr\/tr\/surekli-egitim-merkezi\/\">S\u00fcrekli E\u011fitim Merkezi<\/a><\/li>\n\t<li id=\"menu-item-1510\" class=\"menu-item menu-item-type-post_type menu-item-object-page menu-item-1510\"><a href=\"https:\/\/www.cwu.edu.tr\/tr\/turkce-ogretim-ve-arastirma-merkezi\/\">T\u00fcrk\u00e7e \u00d6\u011fretim ve Ara\u015ft\u0131rma Merkezi<\/a><\/li>\n\t<li id=\"menu-item-1512\" class=\"menu-item menu-item-type-post_type menu-item-object-page menu-item-1512\"><a href=\"https:\/\/www.cwu.edu.tr\/tr\/sat-sinav-merkezi\/\">SAT S\u0131nav Merkezi<\/a><\/li>\n\t<li id=\"menu-item-1513\" class=\"menu-item menu-item-type-post_type menu-item-object-page menu-item-1513\"><a href=\"https:\/\/www.cwu.edu.tr\/tr\/british-council-ielts-sinav-merkezi\/\">British Council IELTS S\u0131nav Merkezi<\/a><\/li>\n<\/ul>\n<\/li>\n<li id=\"menu-item-5804\" class=\"menu-item menu-item-type-custom menu-item-object-custom menu-item-has-children menu-item-5804\"><a href=\"#\">Ara\u015ft\u0131rma<\/a>\n<ul class=\"sub-menu\">\n\t<li id=\"menu-item-5809\" class=\"menu-item menu-item-type-post_type menu-item-object-page menu-item-5809\"><a href=\"https:\/\/www.cwu.edu.tr\/tr\/3-uluslararasi-hayvansal-gidalar-kongresi-ozel-sayisi\/\">3. Uluslararas\u0131 Hayvansal G\u0131dalar Kongresi \u00d6zel Say\u0131s\u0131<\/a><\/li>\n<\/ul>\n<\/li>\n<\/ul>\t\t\t\t\t\t\t<\/div>\n\t\t<\/div>\n<\/div><\/div>\n\n\n<style>.kadence-column1025_f34991-c7 > .kt-inside-inner-col,.kadence-column1025_f34991-c7 > .kt-inside-inner-col:before{border-top-left-radius:0px;border-top-right-radius:0px;border-bottom-right-radius:0px;border-bottom-left-radius:0px;}.kadence-column1025_f34991-c7 > .kt-inside-inner-col{column-gap:var(--global-kb-gap-sm, 1rem);}.kadence-column1025_f34991-c7 > .kt-inside-inner-col{flex-direction:column;}.kadence-column1025_f34991-c7 > .kt-inside-inner-col > .aligncenter{width:100%;}.kadence-column1025_f34991-c7 > .kt-inside-inner-col:before{opacity:0.3;}.kadence-column1025_f34991-c7{position:relative;}@media all and (max-width: 1024px){.kadence-column1025_f34991-c7 > .kt-inside-inner-col{flex-direction:column;justify-content:center;}}@media all and (max-width: 767px){.kadence-column1025_f34991-c7 > .kt-inside-inner-col{flex-direction:column;justify-content:center;}}<\/style>\n<div class=\"wp-block-kadence-column kadence-column1025_f34991-c7\"><div class=\"kt-inside-inner-col\">\n<h2 class=\"wp-block-heading\">SAT S\u0131nav Merkezi<\/h2>\n\n\n\n<p>SAT (Scholastic Aptitude Test) alan\u0131n\u0131n \u00f6de gelen kar amac\u0131 g\u00fctmeyen organizasyonu College Board taraf\u0131ndan d\u00fczenlenen d\u00fcnyan\u0131n en k\u00f6kl\u00fc \u00fcniversiteye giri\u015f s\u0131nav\u0131d\u0131r. Amerika Birle\u015fik Devletleri ba\u015fta olmak \u00fczere pek \u00e7ok \u00fclkede \u00fcniversite ba\u015fvurular\u0131nda kullan\u0131labilen SAT s\u0131nav\u0131na d\u00fcnyan\u0131n her yerinden yurt d\u0131\u015f\u0131nda e\u011fitim almak isteyen \u00e7ok say\u0131da \u00f6\u011frenci kat\u0131lmaktad\u0131r.<\/p>\n\n\n\n<p>K\u0131br\u0131s Bat\u0131 \u00dcniversitesi, Gazima\u011fusa\u2019daki tek resmi SAT s\u0131nav merkezidir.<\/p>\n\n\n\n<p>Yurt d\u0131\u015f\u0131 e\u011fitim hayalinize yakla\u015fmak i\u00e7in SAT sonucuna ihtiyac\u0131n\u0131z varsa <a href=\"https:\/\/satsuite.collegeboard.org\/sat\" target=\"_blank\" rel=\"noopener\">SAT resm\u00ee sitesinden<\/a> detayl\u0131 bilgi alabilir, <a href=\"https:\/\/satsuite.collegeboard.org\/sat\/test-center-search\" target=\"_blank\" rel=\"noopener\">bu ba\u011flant\u0131ya t\u0131klayarak<\/a> uygun tarihlerde K\u0131br\u0131s Bat\u0131 \u00dcniversitesinde (test merkezi numaras\u0131: 56704) s\u0131nava girmek i\u00e7in kay\u0131t yapt\u0131rabilirsiniz.<\/p>\n\n\n\n<p>Not: Ba\u015fka bir \u00fclke vatanda\u015fl\u0131\u011f\u0131 bulunmayan ve orta\u00f6\u011fretimin tamam\u0131n\u0131 T\u00fcrkiye d\u0131\u015f\u0131ndaki bir \u00fclkede tamamlamam\u0131\u015f T\u00fcrkiye Cumhuriyeti vatanda\u015flar\u0131 SAT ya da benzeri uluslararas\u0131 s\u0131navlar\u0131n sonu\u00e7lar\u0131 ile T\u00fcrkiye ve Kuzey K\u0131br\u0131s\u2019taki \u00fcniversitelere ba\u015fvuramazlar.<\/p>\n<\/div><\/div>\n\n<\/div><\/div>","protected":false},"excerpt":{"rendered":"<p>SAT S\u0131nav Merkezi SAT (Scholastic Aptitude Test) alan\u0131n\u0131n \u00f6de gelen kar amac\u0131 g\u00fctmeyen organizasyonu College Board taraf\u0131ndan d\u00fczenlenen d\u00fcnyan\u0131n en k\u00f6kl\u00fc \u00fcniversiteye giri\u015f s\u0131nav\u0131d\u0131r. Amerika Birle\u015fik Devletleri ba\u015fta olmak \u00fczere pek \u00e7ok \u00fclkede \u00fcniversite ba\u015fvurular\u0131nda kullan\u0131labilen SAT s\u0131nav\u0131na d\u00fcnyan\u0131n her yerinden yurt d\u0131\u015f\u0131nda e\u011fitim almak isteyen \u00e7ok say\u0131da \u00f6\u011frenci kat\u0131lmaktad\u0131r. K\u0131br\u0131s Bat\u0131 \u00dcniversitesi, Gazima\u011fusa\u2019daki tek&#8230;<\/p>\n","protected":false},"author":1,"featured_media":5265,"parent":0,"menu_order":0,"comment_status":"closed","ping_status":"closed","template":"","meta":{"_coblocks_attr":"","_coblocks_dimensions":"","_coblocks_responsive_height":"","_coblocks_accordion_ie_support":"","_kad_post_transparent":"","_kad_post_title":"","_kad_post_layout":"normal","_kad_post_sidebar_id":"","_kad_post_content_style":"unboxed","_kad_post_vertical_padding":"","_kad_post_feature":"","_kad_post_feature_position":"","_kad_post_header":false,"_kad_post_footer":false,"footnotes":""},"class_list":["post-1025","page","type-page","status-publish","has-post-thumbnail","hentry"],"_links":{"self":[{"href":"https:\/\/www.cwu.edu.tr\/tr\/wp-json\/wp\/v2\/pages\/1025","targetHints":{"allow":["GET"]}}],"collection":[{"href":"https:\/\/www.cwu.edu.tr\/tr\/wp-json\/wp\/v2\/pages"}],"about":[{"href":"https:\/\/www.cwu.edu.tr\/tr\/wp-json\/wp\/v2\/types\/page"}],"author":[{"embeddable":true,"href":"https:\/\/www.cwu.edu.tr\/tr\/wp-json\/wp\/v2\/users\/1"}],"replies":[{"embeddable":true,"href":"https:\/\/www.cwu.edu.tr\/tr\/wp-json\/wp\/v2\/comments?post=1025"}],"version-history":[{"count":6,"href":"https:\/\/www.cwu.edu.tr\/tr\/wp-json\/wp\/v2\/pages\/1025\/revisions"}],"predecessor-version":[{"id":5403,"href":"https:\/\/www.cwu.edu.tr\/tr\/wp-json\/wp\/v2\/pages\/1025\/revisions\/5403"}],"wp:featuredmedia":[{"embeddable":true,"href":"https:\/\/www.cwu.edu.tr\/tr\/wp-json\/wp\/v2\/media\/5265"}],"wp:attachment":[{"href":"https:\/\/www.cwu.edu.tr\/tr\/wp-json\/wp\/v2\/media?parent=1025"}],"curies":[{"name":"wp","href":"https:\/\/api.w.org\/{rel}","templated":true}]}}