{"id":1063,"date":"2024-08-26T11:52:27","date_gmt":"2024-08-26T11:52:27","guid":{"rendered":"https:\/\/www.cwu.edu.tr\/tr\/?page_id=1063"},"modified":"2025-10-24T13:44:32","modified_gmt":"2025-10-24T13:44:32","slug":"oryantasyon-gunleri","status":"publish","type":"page","link":"https:\/\/www.cwu.edu.tr\/tr\/oryantasyon-gunleri\/","title":{"rendered":"Oryantasyon G\u00fcnleri"},"content":{"rendered":"<style>.kb-row-layout-id1063_c92c5e-91 > .kt-row-column-wrap{align-content:start;}:where(.kb-row-layout-id1063_c92c5e-91 > .kt-row-column-wrap) > .wp-block-kadence-column{justify-content:start;}.kb-row-layout-id1063_c92c5e-91 > .kt-row-column-wrap{column-gap:var(--global-kb-gap-md, 2rem);row-gap:var(--global-kb-gap-md, 2rem);padding-top:var(--global-kb-spacing-sm, 1.5rem);padding-bottom:var(--global-kb-spacing-sm, 1.5rem);grid-template-columns:minmax(0, calc(25% - ((var(--global-kb-gap-md, 2rem) * 1 )\/2)))minmax(0, calc(75% - ((var(--global-kb-gap-md, 2rem) * 1 )\/2)));}.kb-row-layout-id1063_c92c5e-91 > .kt-row-layout-overlay{opacity:0.30;}@media all and (max-width: 1024px){.kb-row-layout-id1063_c92c5e-91 > .kt-row-column-wrap{grid-template-columns:minmax(0, 1fr) minmax(0, 2fr);}}@media all and (max-width: 767px){.kb-row-layout-id1063_c92c5e-91 > .kt-row-column-wrap{grid-template-columns:minmax(0, 1fr);}}<\/style><div class=\"kb-row-layout-wrap kb-row-layout-id1063_c92c5e-91 alignnone wp-block-kadence-rowlayout\"><div class=\"kt-row-column-wrap kt-has-2-columns kt-row-layout-right-golden kt-tab-layout-inherit kt-mobile-layout-row kt-row-valign-top\">\n<style>.kadence-column1063_fa88bf-54 > .kt-inside-inner-col,.kadence-column1063_fa88bf-54 > .kt-inside-inner-col:before{border-top-left-radius:0px;border-top-right-radius:0px;border-bottom-right-radius:0px;border-bottom-left-radius:0px;}.kadence-column1063_fa88bf-54 > .kt-inside-inner-col{column-gap:var(--global-kb-gap-sm, 1rem);}.kadence-column1063_fa88bf-54 > .kt-inside-inner-col{flex-direction:column;}.kadence-column1063_fa88bf-54 > .kt-inside-inner-col > .aligncenter{width:100%;}.kadence-column1063_fa88bf-54 > .kt-inside-inner-col:before{opacity:0.3;}.kadence-column1063_fa88bf-54{position:relative;}@media all and (max-width: 1024px){.kadence-column1063_fa88bf-54 > .kt-inside-inner-col{flex-direction:column;justify-content:center;}}@media all and (max-width: 767px){.kadence-column1063_fa88bf-54 > .kt-inside-inner-col{flex-direction:column;justify-content:center;}}<\/style>\n<div class=\"wp-block-kadence-column kadence-column1063_fa88bf-54\"><div class=\"kt-inside-inner-col\">\n<div class=\"wp-block-wpb-accordion-menu-or-category-pro-wpb-wmca-shortcode-selector\">\t\t\t<div class=\"wpb_category_n_menu_accordion wpb_accordion_free_version wpb_wmca_accordion_wrapper_theme_transparent wpb_the_menu_accordion\" data-shortcode_id=\"3025\" data-accordion=\"true\" data-indicator_icon=\"+\">\n\t\t\t\t\t\t\t\t<ul id=\"menu-kampus\" class=\"wpb_category_n_menu_accordion_list\"><li id=\"menu-item-3009\" class=\"menu-item menu-item-type-custom menu-item-object-custom menu-item-has-children menu-item-3009\"><a href=\"#\">Kuzey K\u0131br\u0131s&#8217;ta Ya\u015fam<\/a>\n<ul class=\"sub-menu\">\n\t<li id=\"menu-item-3010\" class=\"menu-item menu-item-type-post_type menu-item-object-page menu-item-3010\"><a href=\"https:\/\/www.cwu.edu.tr\/tr\/kampus-deneyimi\/\">Kamp\u00fcs Deneyimi<\/a><\/li>\n\t<li id=\"menu-item-3011\" class=\"menu-item menu-item-type-post_type menu-item-object-page menu-item-3011\"><a href=\"https:\/\/www.cwu.edu.tr\/tr\/kuzey-kibrista-ogrencilik\/\">Kuzey K\u0131br\u0131s\u2019ta \u00d6\u011frencilik<\/a><\/li>\n\t<li id=\"menu-item-3012\" class=\"menu-item menu-item-type-post_type menu-item-object-page menu-item-3012\"><a href=\"https:\/\/www.cwu.edu.tr\/tr\/gazimagusa-ve-kktc\/\">Gazima\u011fusa ve KKTC<\/a><\/li>\n<\/ul>\n<\/li>\n<li id=\"menu-item-3014\" class=\"menu-item menu-item-type-custom menu-item-object-custom menu-item-has-children menu-item-3014\"><a href=\"#\">K\u0131br\u0131s Bat\u0131 \u00dcniversitesi Kamp\u00fcs Hayat\u0131<\/a>\n<ul class=\"sub-menu\">\n\t<li id=\"menu-item-3013\" class=\"menu-item menu-item-type-post_type menu-item-object-page menu-item-3013\"><a href=\"https:\/\/www.cwu.edu.tr\/tr\/guvenlik\/\">Kamp\u00fcs G\u00fcvenli\u011fi<\/a><\/li>\n\t<li id=\"menu-item-3018\" class=\"menu-item menu-item-type-post_type menu-item-object-page menu-item-3018\"><a href=\"https:\/\/www.cwu.edu.tr\/tr\/yurtlar-ve-konaklama\/\">Yurtlar ve Konaklama<\/a><\/li>\n\t<li id=\"menu-item-3019\" class=\"menu-item menu-item-type-post_type menu-item-object-page menu-item-3019\"><a href=\"https:\/\/www.cwu.edu.tr\/tr\/kutuphane-ve-arastirma\/\">K\u00fct\u00fcphane ve Ara\u015ft\u0131rma<\/a><\/li>\n\t<li id=\"menu-item-3020\" class=\"menu-item menu-item-type-post_type menu-item-object-page menu-item-3020\"><a href=\"https:\/\/www.cwu.edu.tr\/tr\/universite-hayati\/\">\u00dcniversite Hayat\u0131<\/a><\/li>\n<\/ul>\n<\/li>\n<\/ul>\t\t\t\t\t\t\t<\/div>\n\t\t<\/div>\n<\/div><\/div>\n\n\n<style>.kadence-column1063_962c29-85 > .kt-inside-inner-col,.kadence-column1063_962c29-85 > .kt-inside-inner-col:before{border-top-left-radius:0px;border-top-right-radius:0px;border-bottom-right-radius:0px;border-bottom-left-radius:0px;}.kadence-column1063_962c29-85 > .kt-inside-inner-col{column-gap:var(--global-kb-gap-sm, 1rem);}.kadence-column1063_962c29-85 > .kt-inside-inner-col{flex-direction:column;}.kadence-column1063_962c29-85 > .kt-inside-inner-col > .aligncenter{width:100%;}.kadence-column1063_962c29-85 > .kt-inside-inner-col:before{opacity:0.3;}.kadence-column1063_962c29-85{position:relative;}@media all and (max-width: 1024px){.kadence-column1063_962c29-85 > .kt-inside-inner-col{flex-direction:column;justify-content:center;}}@media all and (max-width: 767px){.kadence-column1063_962c29-85 > .kt-inside-inner-col{flex-direction:column;justify-content:center;}}<\/style>\n<div class=\"wp-block-kadence-column kadence-column1063_962c29-85\"><div class=\"kt-inside-inner-col\"><style>.wp-block-kadence-advancedheading.kt-adv-heading1063_a4a7d7-f1, .wp-block-kadence-advancedheading.kt-adv-heading1063_a4a7d7-f1[data-kb-block=\"kb-adv-heading1063_a4a7d7-f1\"]{font-style:normal;}.wp-block-kadence-advancedheading.kt-adv-heading1063_a4a7d7-f1 mark.kt-highlight, .wp-block-kadence-advancedheading.kt-adv-heading1063_a4a7d7-f1[data-kb-block=\"kb-adv-heading1063_a4a7d7-f1\"] mark.kt-highlight{font-style:normal;color:#f76a0c;-webkit-box-decoration-break:clone;box-decoration-break:clone;padding-top:0px;padding-right:0px;padding-bottom:0px;padding-left:0px;}<\/style>\n<h2 class=\"kt-adv-heading1063_a4a7d7-f1 wp-block-kadence-advancedheading\" data-kb-block=\"kb-adv-heading1063_a4a7d7-f1\">K\u0131br\u0131s Bat\u0131 \u00dcniversitesi Oryantasyon G\u00fcnleri<\/h2>\n\n\n\n<p>K\u0131br\u0131s Bat\u0131 \u00dcniversitesi Oryantasyon Program\u0131 yeni \u00f6\u011frencilerin \u00fcniversiteye, \u00fcniversite \u00f6\u011frencili\u011fine, Gazima\u011fusa\u2019ya ve Kuzey K\u0131br\u0131s\u2019a al\u0131\u015fmas\u0131n\u0131 ama\u00e7layan bir dizi etkinlikten olu\u015fur. Kamp\u00fcste yapaca\u011f\u0131m\u0131z oryantasyon oturumlar\u0131nda<\/p>\n\n\n\n<ul class=\"wp-block-list\">\n<li>\u00dcniversite \u00f6\u011frencili\u011fine uyum, etkili ders \u00e7al\u0131\u015fma ve ba\u015far\u0131 stratejileri<\/li>\n\n\n\n<li>Tamamlanmas\u0131 gereken resmi prosed\u00fcrler, oturma izni, sa\u011fl\u0131k sigortas\u0131, Kuzey K\u0131br\u0131s\u2019\u0131n trafik kurallar\u0131<\/li>\n\n\n\n<li>Ders kayd\u0131, KIB\u00dc mevzuat\u0131, kurallar ve y\u00f6netmelikler<\/li>\n<\/ul>\n\n\n\n<p>konusunda ihtiya\u00e7 duyaca\u011f\u0131n bilgileri payla\u015f\u0131yoruz. \u0130lk ders kayd\u0131n\u0131 da Oryantasyon Program\u0131 kapsam\u0131nda yapacaks\u0131n.<\/p>\n\n\n\n<p>Oryantasyon Program\u0131 kapsam\u0131nda bilgi payla\u015f\u0131m\u0131na ek olarak d\u00f6rt \u0131l\u0131n\u0131 ge\u00e7irece\u011fin \u015fehri ve Kuzey K\u0131br\u0131s\u2019\u0131 tan\u0131man ve \u00f6\u011frencili\u011fe birlikte payla\u015faca\u011f\u0131n arkada\u015flar\u0131n\u0131 tan\u0131man i\u00e7in \u015fehir turu, do\u011fa gezileri, spor faaliyetleri ve tan\u0131\u015fma etkinlikleri yer al\u0131yor.<\/p>\n\n\n\n<p>K\u0131br\u0131s Bat\u0131 \u00dcniversitesi 2024 Oryantasyon Program\u0131 \u00e7ok yak\u0131nda bu sayfada yer alacak.<\/p>\n<\/div><\/div>\n\n<\/div><\/div>","protected":false},"excerpt":{"rendered":"<p>K\u0131br\u0131s Bat\u0131 \u00dcniversitesi Oryantasyon G\u00fcnleri K\u0131br\u0131s Bat\u0131 \u00dcniversitesi Oryantasyon Program\u0131 yeni \u00f6\u011frencilerin \u00fcniversiteye, \u00fcniversite \u00f6\u011frencili\u011fine, Gazima\u011fusa\u2019ya ve Kuzey K\u0131br\u0131s\u2019a al\u0131\u015fmas\u0131n\u0131 ama\u00e7layan bir dizi etkinlikten olu\u015fur. Kamp\u00fcste yapaca\u011f\u0131m\u0131z oryantasyon oturumlar\u0131nda konusunda ihtiya\u00e7 duyaca\u011f\u0131n bilgileri payla\u015f\u0131yoruz. \u0130lk ders kayd\u0131n\u0131 da Oryantasyon Program\u0131 kapsam\u0131nda yapacaks\u0131n. Oryantasyon Program\u0131 kapsam\u0131nda bilgi payla\u015f\u0131m\u0131na ek olarak d\u00f6rt \u0131l\u0131n\u0131 ge\u00e7irece\u011fin \u015fehri ve Kuzey&#8230;<\/p>\n","protected":false},"author":1,"featured_media":5265,"parent":0,"menu_order":0,"comment_status":"closed","ping_status":"closed","template":"","meta":{"_coblocks_attr":"","_coblocks_dimensions":"","_coblocks_responsive_height":"","_coblocks_accordion_ie_support":"","_kad_post_transparent":"","_kad_post_title":"","_kad_post_layout":"normal","_kad_post_sidebar_id":"","_kad_post_content_style":"unboxed","_kad_post_vertical_padding":"","_kad_post_feature":"","_kad_post_feature_position":"","_kad_post_header":false,"_kad_post_footer":false,"footnotes":""},"class_list":["post-1063","page","type-page","status-publish","has-post-thumbnail","hentry"],"_links":{"self":[{"href":"https:\/\/www.cwu.edu.tr\/tr\/wp-json\/wp\/v2\/pages\/1063","targetHints":{"allow":["GET"]}}],"collection":[{"href":"https:\/\/www.cwu.edu.tr\/tr\/wp-json\/wp\/v2\/pages"}],"about":[{"href":"https:\/\/www.cwu.edu.tr\/tr\/wp-json\/wp\/v2\/types\/page"}],"author":[{"embeddable":true,"href":"https:\/\/www.cwu.edu.tr\/tr\/wp-json\/wp\/v2\/users\/1"}],"replies":[{"embeddable":true,"href":"https:\/\/www.cwu.edu.tr\/tr\/wp-json\/wp\/v2\/comments?post=1063"}],"version-history":[{"count":2,"href":"https:\/\/www.cwu.edu.tr\/tr\/wp-json\/wp\/v2\/pages\/1063\/revisions"}],"predecessor-version":[{"id":5396,"href":"https:\/\/www.cwu.edu.tr\/tr\/wp-json\/wp\/v2\/pages\/1063\/revisions\/5396"}],"wp:featuredmedia":[{"embeddable":true,"href":"https:\/\/www.cwu.edu.tr\/tr\/wp-json\/wp\/v2\/media\/5265"}],"wp:attachment":[{"href":"https:\/\/www.cwu.edu.tr\/tr\/wp-json\/wp\/v2\/media?parent=1063"}],"curies":[{"name":"wp","href":"https:\/\/api.w.org\/{rel}","templated":true}]}}