{"id":1074,"date":"2024-08-26T12:24:13","date_gmt":"2024-08-26T12:24:13","guid":{"rendered":"https:\/\/www.cwu.edu.tr\/tr\/?page_id=1074"},"modified":"2025-10-24T13:05:10","modified_gmt":"2025-10-24T13:05:10","slug":"kuzey-kibrista-ogrencilik","status":"publish","type":"page","link":"https:\/\/www.cwu.edu.tr\/tr\/kuzey-kibrista-ogrencilik\/","title":{"rendered":"Kuzey K\u0131br\u0131s\u2019ta \u00d6\u011frencilik"},"content":{"rendered":"<style>.kb-row-layout-id1074_3aafd8-94 > .kt-row-column-wrap{align-content:start;}:where(.kb-row-layout-id1074_3aafd8-94 > .kt-row-column-wrap) > .wp-block-kadence-column{justify-content:start;}.kb-row-layout-id1074_3aafd8-94 > .kt-row-column-wrap{column-gap:var(--global-kb-gap-md, 2rem);row-gap:var(--global-kb-gap-md, 2rem);padding-top:var(--global-kb-spacing-sm, 1.5rem);padding-bottom:var(--global-kb-spacing-sm, 1.5rem);grid-template-columns:minmax(0, calc(25% - ((var(--global-kb-gap-md, 2rem) * 1 )\/2)))minmax(0, calc(75% - ((var(--global-kb-gap-md, 2rem) * 1 )\/2)));}.kb-row-layout-id1074_3aafd8-94 > .kt-row-layout-overlay{opacity:0.30;}@media all and (max-width: 1024px){.kb-row-layout-id1074_3aafd8-94 > .kt-row-column-wrap{grid-template-columns:minmax(0, 1fr) minmax(0, 2fr);}}@media all and (max-width: 767px){.kb-row-layout-id1074_3aafd8-94 > .kt-row-column-wrap{grid-template-columns:minmax(0, 1fr);}}<\/style><div class=\"kb-row-layout-wrap kb-row-layout-id1074_3aafd8-94 alignnone wp-block-kadence-rowlayout\"><div class=\"kt-row-column-wrap kt-has-2-columns kt-row-layout-right-golden kt-tab-layout-inherit kt-mobile-layout-row kt-row-valign-top\">\n<style>.kadence-column1074_0d6517-d9 > .kt-inside-inner-col,.kadence-column1074_0d6517-d9 > .kt-inside-inner-col:before{border-top-left-radius:0px;border-top-right-radius:0px;border-bottom-right-radius:0px;border-bottom-left-radius:0px;}.kadence-column1074_0d6517-d9 > .kt-inside-inner-col{column-gap:var(--global-kb-gap-sm, 1rem);}.kadence-column1074_0d6517-d9 > .kt-inside-inner-col{flex-direction:column;}.kadence-column1074_0d6517-d9 > .kt-inside-inner-col > .aligncenter{width:100%;}.kadence-column1074_0d6517-d9 > .kt-inside-inner-col:before{opacity:0.3;}.kadence-column1074_0d6517-d9{position:relative;}@media all and (max-width: 1024px){.kadence-column1074_0d6517-d9 > .kt-inside-inner-col{flex-direction:column;justify-content:center;}}@media all and (max-width: 767px){.kadence-column1074_0d6517-d9 > .kt-inside-inner-col{flex-direction:column;justify-content:center;}}<\/style>\n<div class=\"wp-block-kadence-column kadence-column1074_0d6517-d9\"><div class=\"kt-inside-inner-col\">\n<div class=\"wp-block-wpb-accordion-menu-or-category-pro-wpb-wmca-shortcode-selector\">\t\t\t<div class=\"wpb_category_n_menu_accordion wpb_accordion_free_version wpb_wmca_accordion_wrapper_theme_transparent wpb_the_menu_accordion\" data-shortcode_id=\"3025\" data-accordion=\"true\" data-indicator_icon=\"+\">\n\t\t\t\t\t\t\t\t<ul id=\"menu-kampus\" class=\"wpb_category_n_menu_accordion_list\"><li id=\"menu-item-3009\" class=\"menu-item menu-item-type-custom menu-item-object-custom menu-item-has-children menu-item-3009\"><a href=\"#\">Kuzey K\u0131br\u0131s&#8217;ta Ya\u015fam<\/a>\n<ul class=\"sub-menu\">\n\t<li id=\"menu-item-3010\" class=\"menu-item menu-item-type-post_type menu-item-object-page menu-item-3010\"><a href=\"https:\/\/www.cwu.edu.tr\/tr\/kampus-deneyimi\/\">Kamp\u00fcs Deneyimi<\/a><\/li>\n\t<li id=\"menu-item-3011\" class=\"menu-item menu-item-type-post_type menu-item-object-page menu-item-3011\"><a href=\"https:\/\/www.cwu.edu.tr\/tr\/kuzey-kibrista-ogrencilik\/\">Kuzey K\u0131br\u0131s\u2019ta \u00d6\u011frencilik<\/a><\/li>\n\t<li id=\"menu-item-3012\" class=\"menu-item menu-item-type-post_type menu-item-object-page menu-item-3012\"><a href=\"https:\/\/www.cwu.edu.tr\/tr\/gazimagusa-ve-kktc\/\">Gazima\u011fusa ve KKTC<\/a><\/li>\n<\/ul>\n<\/li>\n<li id=\"menu-item-3014\" class=\"menu-item menu-item-type-custom menu-item-object-custom menu-item-has-children menu-item-3014\"><a href=\"#\">K\u0131br\u0131s Bat\u0131 \u00dcniversitesi Kamp\u00fcs Hayat\u0131<\/a>\n<ul class=\"sub-menu\">\n\t<li id=\"menu-item-3013\" class=\"menu-item menu-item-type-post_type menu-item-object-page menu-item-3013\"><a href=\"https:\/\/www.cwu.edu.tr\/tr\/guvenlik\/\">Kamp\u00fcs G\u00fcvenli\u011fi<\/a><\/li>\n\t<li id=\"menu-item-3018\" class=\"menu-item menu-item-type-post_type menu-item-object-page menu-item-3018\"><a href=\"https:\/\/www.cwu.edu.tr\/tr\/yurtlar-ve-konaklama\/\">Yurtlar ve Konaklama<\/a><\/li>\n\t<li id=\"menu-item-3019\" class=\"menu-item menu-item-type-post_type menu-item-object-page menu-item-3019\"><a href=\"https:\/\/www.cwu.edu.tr\/tr\/kutuphane-ve-arastirma\/\">K\u00fct\u00fcphane ve Ara\u015ft\u0131rma<\/a><\/li>\n\t<li id=\"menu-item-3020\" class=\"menu-item menu-item-type-post_type menu-item-object-page menu-item-3020\"><a href=\"https:\/\/www.cwu.edu.tr\/tr\/universite-hayati\/\">\u00dcniversite Hayat\u0131<\/a><\/li>\n<\/ul>\n<\/li>\n<\/ul>\t\t\t\t\t\t\t<\/div>\n\t\t<\/div>\n<\/div><\/div>\n\n\n<style>.kadence-column1074_13bed8-92 > .kt-inside-inner-col,.kadence-column1074_13bed8-92 > .kt-inside-inner-col:before{border-top-left-radius:0px;border-top-right-radius:0px;border-bottom-right-radius:0px;border-bottom-left-radius:0px;}.kadence-column1074_13bed8-92 > .kt-inside-inner-col{column-gap:var(--global-kb-gap-sm, 1rem);}.kadence-column1074_13bed8-92 > .kt-inside-inner-col{flex-direction:column;}.kadence-column1074_13bed8-92 > .kt-inside-inner-col > .aligncenter{width:100%;}.kadence-column1074_13bed8-92 > .kt-inside-inner-col:before{opacity:0.3;}.kadence-column1074_13bed8-92{position:relative;}@media all and (max-width: 1024px){.kadence-column1074_13bed8-92 > .kt-inside-inner-col{flex-direction:column;justify-content:center;}}@media all and (max-width: 767px){.kadence-column1074_13bed8-92 > .kt-inside-inner-col{flex-direction:column;justify-content:center;}}<\/style>\n<div class=\"wp-block-kadence-column kadence-column1074_13bed8-92\"><div class=\"kt-inside-inner-col\"><style>.wp-block-kadence-advancedheading.kt-adv-heading1074_09f8e0-f4, .wp-block-kadence-advancedheading.kt-adv-heading1074_09f8e0-f4[data-kb-block=\"kb-adv-heading1074_09f8e0-f4\"]{font-style:normal;}.wp-block-kadence-advancedheading.kt-adv-heading1074_09f8e0-f4 mark.kt-highlight, .wp-block-kadence-advancedheading.kt-adv-heading1074_09f8e0-f4[data-kb-block=\"kb-adv-heading1074_09f8e0-f4\"] mark.kt-highlight{font-style:normal;color:#f76a0c;-webkit-box-decoration-break:clone;box-decoration-break:clone;padding-top:0px;padding-right:0px;padding-bottom:0px;padding-left:0px;}<\/style>\n<h2 class=\"kt-adv-heading1074_09f8e0-f4 wp-block-kadence-advancedheading\" data-kb-block=\"kb-adv-heading1074_09f8e0-f4\">Kuzey K\u0131br\u0131s\u2019ta \u00d6\u011frencilik<\/h2>\n\n\n\n<p>Kuzey K\u0131br\u0131s T\u00fcrk Cumhuriyeti d\u00fcnyan\u0131n yetmi\u015f be\u015ften fazla \u00fclkesinden gelen 100.000\u2019in \u00fczerinde \u00fcniversite \u00f6\u011frencisine ev sahipli\u011fi yapmaktad\u0131r. \u00dcniversite okumak i\u00e7in KKTC\u2019yi tercih eden T\u00fcrkiye Cumhuriyeti vatanda\u015f\u0131 \u00f6\u011frenciler ve uluslararas\u0131 \u00f6\u011frencilerin say\u0131s\u0131, KKTC vatanda\u015f\u0131 \u00f6\u011frencilerin katlarca \u00fcst\u00fcndedir. Bu niteli\u011fi ile Kuzey K\u0131br\u0131s \u201cE\u011fitim Adas\u0131\u201d markas\u0131yla an\u0131lmaktad\u0131r.\u00a0 Kuzey K\u0131br\u0131s\u2019ta \u00f6\u011frenci olmak canl\u0131, \u00e7e\u015fitli, kalabal\u0131k ve hareketli bir \u00f6\u011frenci toplulu\u011funun par\u00e7as\u0131 olmakt\u0131r.<\/p>\n\n\n\n<p>Kuzey K\u0131br\u0131s sosyoekonomik yap\u0131s\u0131, iklimi, co\u011frafi ko\u015fullar\u0131, k\u00fclt\u00fcr\u00fc ve ekonomisi ile \u00fclke d\u0131\u015f\u0131ndan gelecek \u00f6\u011frenciler i\u00e7in pek \u00e7ok avantaj sunmaktad\u0131r. Bunlardan baz\u0131lar\u0131 \u015f\u00f6yle \u00f6zetlenebilir:<\/p>\n\n\n\n<ul class=\"wp-block-list\">\n<li>Kuzey K\u0131br\u0131s su\u00e7 oran\u0131n\u0131n olduk\u00e7a d\u00fc\u015f\u00fck oldu\u011fu, g\u00fcvenli bir \u00fclkedir. H\u0131rs\u0131zl\u0131k, kapka\u00e7, taciz gibi su\u00e7lara olduk\u00e7a nadir rastlan\u0131r. \u00d6\u011frenciler bu g\u00fcvenli ortam\u0131n avantaj\u0131n\u0131 ya\u015far.<\/li>\n\n\n\n<li>Kuzey K\u0131br\u0131s ekonomisi i\u00e7in \u00fcniversite \u00f6\u011frencileri olduk\u00e7a b\u00fcy\u00fck \u00f6nem ta\u015f\u0131maktad\u0131r. Bu sayede \u00f6\u011frenciler kendileri i\u00e7in ev bulmakta, \u00f6\u011frencilere y\u00f6nelik indirimlere ya da kampanyalara eri\u015fmekte sorun ya\u015famazlar.<\/li>\n\n\n\n<li>Kuzey K\u0131br\u0131s\u2019\u0131n \u015fehirleri metropollerdeki sorunlardan uzakt\u0131r. \u00d6\u011frenciler okula gidip gelirken saatlerini yolda ge\u00e7irmez, trafi\u011fe tak\u0131lmaz. Y\u00fcr\u00fcmek ya da bisiklet s\u00fcrmek yayg\u0131n kullan\u0131lan ula\u015f\u0131m y\u00f6ntemleridir.<\/li>\n\n\n\n<li>Kuzey K\u0131br\u0131s\u2019ta bar\u0131nma ve beslenme maliyetleri \u00f6zellikle \u0130stanbul ve Ankara gibi b\u00fcy\u00fck \u015fehirlerden dikkate de\u011fer oranda d\u00fc\u015f\u00fckt\u00fcr.<\/li>\n\n\n\n<li>K\u0131br\u0131s T\u00fcrk k\u00fclt\u00fcr\u00fc farkl\u0131l\u0131klara a\u00e7\u0131k, toleransa ve anlay\u0131\u015fa dayal\u0131, kapsay\u0131c\u0131 ve \u0131l\u0131ml\u0131 bir k\u00fclt\u00fcrd\u00fcr.<\/li>\n\n\n\n<li>Kuzey K\u0131br\u0131s co\u011frafi bak\u0131mdan pek \u00e7ok \u00fclkenin sunmad\u0131\u011f\u0131 olanaklar\u0131 \u00f6\u011frencilere sunar. \u00d6\u011frenciler, dersleri bittikten en fazla 20 dakika sonra pek \u00e7ok insan\u0131n y\u00fcksek fiyatlar vererek tatile geldi\u011fi sahillere eri\u015febilir. Do\u011fa y\u00fcr\u00fcy\u00fc\u015f\u00fc, y\u00fczme, dal\u0131\u015f, t\u0131rmanma, bisiklet, s\u00f6rf, yama\u00e7 para\u015f\u00fct\u00fc gibi pek \u00e7ok spor dal\u0131nda \u00f6\u011frenciler \u015fehir de\u011fi\u015ftirmeden pratik yapabilir.<\/li>\n<\/ul>\n\n\n\n<p>Bunlara ek olarak T\u00fcrkiye\u2019den gelecek \u00f6\u011frenciler i\u00e7in Kuzey K\u0131br\u0131s\u2019ta \u00f6\u011frenci olmak baz\u0131 e\u015fsiz avantajlar da sa\u011flamaktad\u0131r<\/p>\n\n\n\n<ul class=\"wp-block-list\">\n<li>Ortak dil<\/li>\n\n\n\n<li>Ortak para birimi<\/li>\n\n\n\n<li>K\u00fclt\u00fcrel uyum<\/li>\n\n\n\n<li>Kolay, ucuz ve h\u0131zl\u0131 seyahat<\/li>\n\n\n\n<li>\u00d6\u011frenci oturma izni i\u015flemlerinin h\u0131zla ve sorunsuz \u015fekilde tamamlanmas\u0131<\/li>\n<\/ul>\n\n\n\n<p>Bu avantajlar\u0131n yan\u0131nda yurtd\u0131\u015f\u0131nda e\u011fitim alma deneyimini, farkl\u0131 milletlerden \u00f6\u011frencilerle ba\u011f kurma ve uluslararas\u0131 bir toplulu\u011fun par\u00e7as\u0131 olma de<\/p>\n<\/div><\/div>\n\n<\/div><\/div>","protected":false},"excerpt":{"rendered":"<p>Kuzey K\u0131br\u0131s\u2019ta \u00d6\u011frencilik Kuzey K\u0131br\u0131s T\u00fcrk Cumhuriyeti d\u00fcnyan\u0131n yetmi\u015f be\u015ften fazla \u00fclkesinden gelen 100.000\u2019in \u00fczerinde \u00fcniversite \u00f6\u011frencisine ev sahipli\u011fi yapmaktad\u0131r. \u00dcniversite okumak i\u00e7in KKTC\u2019yi tercih eden T\u00fcrkiye Cumhuriyeti vatanda\u015f\u0131 \u00f6\u011frenciler ve uluslararas\u0131 \u00f6\u011frencilerin say\u0131s\u0131, KKTC vatanda\u015f\u0131 \u00f6\u011frencilerin katlarca \u00fcst\u00fcndedir. Bu niteli\u011fi ile Kuzey K\u0131br\u0131s \u201cE\u011fitim Adas\u0131\u201d markas\u0131yla an\u0131lmaktad\u0131r.\u00a0 Kuzey K\u0131br\u0131s\u2019ta \u00f6\u011frenci olmak canl\u0131, \u00e7e\u015fitli, kalabal\u0131k&#8230;<\/p>\n","protected":false},"author":1,"featured_media":5265,"parent":0,"menu_order":0,"comment_status":"closed","ping_status":"closed","template":"","meta":{"_coblocks_attr":"","_coblocks_dimensions":"","_coblocks_responsive_height":"","_coblocks_accordion_ie_support":"","_kad_post_transparent":"","_kad_post_title":"","_kad_post_layout":"normal","_kad_post_sidebar_id":"","_kad_post_content_style":"unboxed","_kad_post_vertical_padding":"","_kad_post_feature":"","_kad_post_feature_position":"","_kad_post_header":false,"_kad_post_footer":false,"footnotes":""},"class_list":["post-1074","page","type-page","status-publish","has-post-thumbnail","hentry"],"_links":{"self":[{"href":"https:\/\/www.cwu.edu.tr\/tr\/wp-json\/wp\/v2\/pages\/1074","targetHints":{"allow":["GET"]}}],"collection":[{"href":"https:\/\/www.cwu.edu.tr\/tr\/wp-json\/wp\/v2\/pages"}],"about":[{"href":"https:\/\/www.cwu.edu.tr\/tr\/wp-json\/wp\/v2\/types\/page"}],"author":[{"embeddable":true,"href":"https:\/\/www.cwu.edu.tr\/tr\/wp-json\/wp\/v2\/users\/1"}],"replies":[{"embeddable":true,"href":"https:\/\/www.cwu.edu.tr\/tr\/wp-json\/wp\/v2\/comments?post=1074"}],"version-history":[{"count":5,"href":"https:\/\/www.cwu.edu.tr\/tr\/wp-json\/wp\/v2\/pages\/1074\/revisions"}],"predecessor-version":[{"id":5355,"href":"https:\/\/www.cwu.edu.tr\/tr\/wp-json\/wp\/v2\/pages\/1074\/revisions\/5355"}],"wp:featuredmedia":[{"embeddable":true,"href":"https:\/\/www.cwu.edu.tr\/tr\/wp-json\/wp\/v2\/media\/5265"}],"wp:attachment":[{"href":"https:\/\/www.cwu.edu.tr\/tr\/wp-json\/wp\/v2\/media?parent=1074"}],"curies":[{"name":"wp","href":"https:\/\/api.w.org\/{rel}","templated":true}]}}