{"id":1496,"date":"2024-09-03T08:56:23","date_gmt":"2024-09-03T08:56:23","guid":{"rendered":"https:\/\/www.cwu.edu.tr\/tr\/?page_id=1496"},"modified":"2025-10-24T10:47:37","modified_gmt":"2025-10-24T10:47:37","slug":"akademik-takvim","status":"publish","type":"page","link":"https:\/\/www.cwu.edu.tr\/tr\/akademik-takvim\/","title":{"rendered":"Akademik Takvim 2024 &#8211; 2025"},"content":{"rendered":"<style>.kb-row-layout-id1496_97ea07-3c > .kt-row-column-wrap{align-content:start;}:where(.kb-row-layout-id1496_97ea07-3c > .kt-row-column-wrap) > .wp-block-kadence-column{justify-content:start;}.kb-row-layout-id1496_97ea07-3c > .kt-row-column-wrap{column-gap:var(--global-kb-gap-md, 2rem);row-gap:var(--global-kb-gap-md, 2rem);padding-top:var(--global-kb-spacing-sm, 1.5rem);padding-bottom:var(--global-kb-spacing-sm, 1.5rem);grid-template-columns:minmax(0, calc(25% - ((var(--global-kb-gap-md, 2rem) * 1 )\/2)))minmax(0, calc(75% - ((var(--global-kb-gap-md, 2rem) * 1 )\/2)));}.kb-row-layout-id1496_97ea07-3c > .kt-row-layout-overlay{opacity:0.30;}@media all and (max-width: 1024px){.kb-row-layout-id1496_97ea07-3c > .kt-row-column-wrap{grid-template-columns:minmax(0, 1fr) minmax(0, 2fr);}}@media all and (max-width: 767px){.kb-row-layout-id1496_97ea07-3c > .kt-row-column-wrap{grid-template-columns:minmax(0, 1fr);}}<\/style><div class=\"kb-row-layout-wrap kb-row-layout-id1496_97ea07-3c alignnone wp-block-kadence-rowlayout\"><div class=\"kt-row-column-wrap kt-has-2-columns kt-row-layout-right-golden kt-tab-layout-inherit kt-mobile-layout-row kt-row-valign-top\">\n<style>.kadence-column1496_558494-39 > .kt-inside-inner-col,.kadence-column1496_558494-39 > .kt-inside-inner-col:before{border-top-left-radius:0px;border-top-right-radius:0px;border-bottom-right-radius:0px;border-bottom-left-radius:0px;}.kadence-column1496_558494-39 > .kt-inside-inner-col{column-gap:var(--global-kb-gap-sm, 1rem);}.kadence-column1496_558494-39 > .kt-inside-inner-col{flex-direction:column;}.kadence-column1496_558494-39 > .kt-inside-inner-col > .aligncenter{width:100%;}.kadence-column1496_558494-39 > .kt-inside-inner-col:before{opacity:0.3;}.kadence-column1496_558494-39{position:relative;}@media all and (max-width: 1024px){.kadence-column1496_558494-39 > .kt-inside-inner-col{flex-direction:column;justify-content:center;}}@media all and (max-width: 767px){.kadence-column1496_558494-39 > .kt-inside-inner-col{flex-direction:column;justify-content:center;}}<\/style>\n<div class=\"wp-block-kadence-column kadence-column1496_558494-39\"><div class=\"kt-inside-inner-col\">\n<div class=\"wp-block-wpb-accordion-menu-or-category-pro-wpb-wmca-shortcode-selector\">\t\t\t<div class=\"wpb_category_n_menu_accordion wpb_accordion_free_version wpb_wmca_accordion_wrapper_theme_transparent wpb_the_menu_accordion\" data-shortcode_id=\"4916\" data-accordion=\"true\" data-indicator_icon=\"+\">\n\t\t\t\t\t\t\t\t<ul id=\"menu-akademik-takvim-sidebar\" class=\"wpb_category_n_menu_accordion_list\"><li id=\"menu-item-4915\" class=\"menu-item menu-item-type-post_type menu-item-object-page menu-item-4915\"><a href=\"https:\/\/www.cwu.edu.tr\/tr\/akademik-takvim-2025-2026\/\">Akademik Takvim 2025 &#8211; 2026<\/a><\/li>\n<li id=\"menu-item-4914\" class=\"menu-item menu-item-type-post_type menu-item-object-page menu-item-4914\"><a href=\"https:\/\/www.cwu.edu.tr\/tr\/akademik-takvim\/\">Akademik Takvim 2024 \u2013 2025<\/a><\/li>\n<\/ul>\t\t\t\t\t\t\t<\/div>\n\t\t<\/div>\n<\/div><\/div>\n\n\n<style>.kadence-column1496_199513-ae > .kt-inside-inner-col,.kadence-column1496_199513-ae > .kt-inside-inner-col:before{border-top-left-radius:0px;border-top-right-radius:0px;border-bottom-right-radius:0px;border-bottom-left-radius:0px;}.kadence-column1496_199513-ae > .kt-inside-inner-col{column-gap:var(--global-kb-gap-sm, 1rem);}.kadence-column1496_199513-ae > .kt-inside-inner-col{flex-direction:column;}.kadence-column1496_199513-ae > .kt-inside-inner-col > .aligncenter{width:100%;}.kadence-column1496_199513-ae > .kt-inside-inner-col:before{opacity:0.3;}.kadence-column1496_199513-ae{position:relative;}@media all and (max-width: 1024px){.kadence-column1496_199513-ae > .kt-inside-inner-col{flex-direction:column;justify-content:center;}}@media all and (max-width: 767px){.kadence-column1496_199513-ae > .kt-inside-inner-col{flex-direction:column;justify-content:center;}}<\/style>\n<div class=\"wp-block-kadence-column kadence-column1496_199513-ae\"><div class=\"kt-inside-inner-col\">\n<h2 class=\"wp-block-heading\">Akademik Takvim 2024 &#8211; 2025<\/h2>\n\n\n\n<figure class=\"wp-block-table is-style-stripes\" style=\"font-size:16px\"><table><tbody><tr><td class=\"has-text-align-left\" data-align=\"left\" colspan=\"2\"><strong>G\u00dcZ D\u00d6NEM\u0130<\/strong><\/td><\/tr><tr><td class=\"has-text-align-left\" data-align=\"left\"><strong>BA\u015eLANGI\u00c7 VE B\u0130T\u0130\u015e<\/strong><\/td><td><strong>OLAY<\/strong><\/td><\/tr><tr><td class=\"has-text-align-left\" data-align=\"left\">15 Temmuz 2024 &#8211; 23 A\u011fustos 2024<\/td><td>Yatay Ge\u00e7i\u015f Ba\u015fvuru Tarihleri<\/td><\/tr><tr><td class=\"has-text-align-left\" data-align=\"left\">27 A\u011fustos 2024 (11.00)<\/td><td>Yatay Ge\u00e7i\u015f Sonu\u00e7lar\u0131n\u0131n \u0130lan\u0131<\/td><\/tr><tr><td class=\"has-text-align-left\" data-align=\"left\">28 A\u011fustos 2024 &#8211; 29 A\u011fustos 2024<\/td><td>Yatay Ge\u00e7i\u015fi Kabul Edilenlerin Kesin Kay\u0131tlar\u0131<\/td><\/tr><tr><td class=\"has-text-align-left\" data-align=\"left\">19 A\u011fustos 2024 &#8211; 23 A\u011fustos 2024<\/td><td>\u00d6SYM Taraf\u0131ndan Yerle\u015ftirilen \u00d6\u011frencilerin Kesin Kay\u0131tlar\u0131<\/td><\/tr><tr><td class=\"has-text-align-left\" data-align=\"left\"><em>\u00d6SYM taraf\u0131ndan duyurulacakt\u0131r<\/em><\/td><td>\u00d6SYM Taraf\u0131ndan Ek Yerle\u015ftirme Yap\u0131lan \u00d6\u011frencilerin Kesin Kay\u0131tlar\u0131<\/td><\/tr><tr><td class=\"has-text-align-left\" data-align=\"left\">02 Eyl\u00fcl 2024 &#8211; 20 Eyl\u00fcl 2024<\/td><td>\u00d6\u011frenim \u00dccreti \u00d6demeleri<\/td><\/tr><tr><td class=\"has-text-align-left\" data-align=\"left\">16 Eyl\u00fcl 2024 (11.00)<\/td><td>\u0130ngilizce Yeterlik S\u0131nav\u0131<\/td><\/tr><tr><td class=\"has-text-align-left\" data-align=\"left\">18 Eyl\u00fcl 2024 &#8211; 20 Eyl\u00fcl 2024<\/td><td>\u00c7evrimi\u00e7i Ders Kay\u0131tlar\u0131 ve Dan\u0131\u015fman Onaylar\u0131<\/td><\/tr><tr><td class=\"has-text-align-left\" data-align=\"left\">23 Eyl\u00fcl 2024 &#8211; 3 Ocak 2025<\/td><td>Derslerin Ba\u015flamas\u0131 (Haz\u0131rl\u0131k, Lisans ve Y\u00fcksek Lisans)<\/td><\/tr><tr><td class=\"has-text-align-left\" data-align=\"left\">23 Eyl\u00fcl 2024 (10.00)<\/td><td>Akademik Y\u0131l A\u00e7\u0131l\u0131\u015f T\u00f6reni<\/td><\/tr><tr><td class=\"has-text-align-left\" data-align=\"left\">24 Eyl\u00fcl 2024 &#8211; 27 Eyl\u00fcl 2024<\/td><td>Yeni \u00d6\u011frenciler i\u00e7in Oryantasyon Program\u0131<\/td><\/tr><tr><td class=\"has-text-align-left\" data-align=\"left\">4 Ekim 2024<\/td><td>Ders Muafiyet Ba\u015fvurular\u0131 i\u00e7in Son G\u00fcn<\/td><\/tr><tr><td class=\"has-text-align-left\" data-align=\"left\">18 Ekim 2024<\/td><td>Ge\u00e7 Kay\u0131t i\u00e7in Son G\u00fcn (Cezal\u0131)<\/td><\/tr><tr><td class=\"has-text-align-left\" data-align=\"left\">18 Ekim 2024<\/td><td>Ders Ekleme ve B\u0131rakma i\u00e7in Son G\u00fcn<\/td><\/tr><tr><td class=\"has-text-align-left\" data-align=\"left\">25 Ekim 2024<\/td><td>Kay\u0131t Dondurma i\u00e7in Son G\u00fcn<\/td><\/tr><tr><td class=\"has-text-align-left\" data-align=\"left\">29 Ekim 2024<\/td><td>T\u00fcrkiye Cumhuriyeti Cumhuriyet Bayram\u0131<\/td><\/tr><tr><td class=\"has-text-align-left\" data-align=\"left\">15 Kas\u0131m 2024<\/td><td>Kuzey K\u0131br\u0131s T\u00fcrk Cumhuriyeti Cumhuriyet Bayram\u0131<\/td><\/tr><tr><td class=\"has-text-align-left\" data-align=\"left\">11 Kas\u0131m 2024 &#8211; 16 Kas\u0131m 2024<\/td><td>Ara S\u0131nav Haftas\u0131<\/td><\/tr><tr><td class=\"has-text-align-left\" data-align=\"left\">18 Kas\u0131m 2024 &#8211; 22 Kas\u0131m 2024<\/td><td>Ara S\u0131navlar i\u00e7in Mazeret S\u0131nav\u0131 Ba\u015fvurular\u0131<\/td><\/tr><tr><td class=\"has-text-align-left\" data-align=\"left\">22 Kas\u0131m 2024 (17.00)<\/td><td>Ara S\u0131nav Notlar\u0131n\u0131n \u0130lan Edilmesi i\u00e7in Son G\u00fcn<\/td><\/tr><tr><td class=\"has-text-align-left\" data-align=\"left\">1 Ocak 2025<\/td><td>Y\u0131lba\u015f\u0131 Tatili<\/td><\/tr><tr><td class=\"has-text-align-left\" data-align=\"left\">3 Ocak 2025<\/td><td>Derslerin Son G\u00fcn\u00fc (Haz\u0131rl\u0131k, Lisans ve Y\u00fcksek Lisans)<\/td><\/tr><tr><td class=\"has-text-align-left\" data-align=\"left\">6 Ocak 2025 &#8211; 17 Ocak 2025<\/td><td>D\u00f6nem Sonu S\u0131navlar\u0131<\/td><\/tr><tr><td class=\"has-text-align-left\" data-align=\"left\">24 Ocak 2025 (17.00)<\/td><td>Harf Notlar\u0131n\u0131n Sisteme Giri\u015fi i\u00e7in Son G\u00fcn<\/td><\/tr><tr><td class=\"has-text-align-left\" data-align=\"left\">27 Ocak 2025 &#8211; 31 Ocak 2025<\/td><td>B\u00fct\u00fcnleme S\u0131nav\u0131 Ba\u015fvurular\u0131<\/td><\/tr><tr><td class=\"has-text-align-left\" data-align=\"left\">6 \u015eubat 2025 &#8211; 7 \u015eubat 2025<\/td><td>B\u00fct\u00fcnleme S\u0131navlar\u0131<\/td><\/tr><tr><td class=\"has-text-align-left\" data-align=\"left\">11 \u015eubat 2025 (17.00)<\/td><td>B\u00fct\u00fcnleme S\u0131nav\u0131 Notlar\u0131n\u0131n Sisteme Girilmesi i\u00e7in Son G\u00fcn<\/td><\/tr><tr><td class=\"has-text-align-left\" data-align=\"left\">12 \u015eubat 2025<\/td><td>Tek Ders S\u0131nav\u0131 Ba\u015fvurular\u0131<\/td><\/tr><tr><td class=\"has-text-align-left\" data-align=\"left\">14 \u015eubat 2025<\/td><td>Tek Ders S\u0131navlar\u0131<\/td><\/tr><\/tbody><\/table><\/figure>\n\n\n\n<figure class=\"wp-block-table is-style-stripes\" style=\"font-size:16px\"><table><tbody><tr><td colspan=\"2\"><strong>BAHAR D\u00d6NEM\u0130<\/strong><\/td><\/tr><tr><td><strong>BA\u015eLANGI\u00c7 VE B\u0130T\u0130\u015e<\/strong><\/td><td><strong>OLAY<\/strong><\/td><\/tr><tr><td>3 \u015eubat 2025 &#8211; 14 \u015eubat 2025<\/td><td>\u00d6\u011frenim \u00dccreti \u00d6demeleri<\/td><\/tr><tr><td>10 \u015eubat 2025 (11.00)<\/td><td>\u0130ngilizce Yeterlik S\u0131nav\u0131 (Yeni \u00f6\u011frenciler i\u00e7in)<\/td><\/tr><tr><td>12 \u015eubat 2025 &#8211; 14 \u015eubat 2025<\/td><td>\u00c7evrimi\u00e7i Ders Kay\u0131tlar\u0131 ve Dan\u0131\u015fman Onaylar\u0131<\/td><\/tr><tr><td>17 \u015eubat 2025 &#8211; 4 Haziran 2025<\/td><td>Derslerin Ba\u015flamas\u0131 ve Bitmesi (Haz\u0131rl\u0131k, Lisans ve Y\u00fcksek Lisans)<\/td><\/tr><tr><td>14 Mart 2025<\/td><td>Ders Ekleme ve B\u0131rakma \u0130\u00e7in Son G\u00fcn<\/td><\/tr><tr><td>21 Mart 2025<\/td><td>Kay\u0131t Dondurma i\u00e7in Son G\u00fcn<\/td><\/tr><tr><td>29 Mart 2025<\/td><td>Ramazan Bayram\u0131 (Arife G\u00fcn\u00fc)<\/td><\/tr><tr><td>30 Mart 2025 &#8211; 1 Nisan 2025<\/td><td>Ramazan Bayram\u0131<\/td><\/tr><tr><td>7 Nisan 2025 &#8211; 11 Nisan 2025<\/td><td>Ara S\u0131nav Haftas\u0131<\/td><\/tr><tr><td>14 Nisan 2025 &#8211; 18 Nisan 2025<\/td><td>Ara S\u0131navlar i\u00e7in Mazeret S\u0131nav\u0131 Ba\u015fvurular\u0131<\/td><\/tr><tr><td>18 Nisan 2025 (17.00)<\/td><td>Ara S\u0131nav Notlar\u0131n\u0131n \u0130lan Edilmesi i\u00e7in Son G\u00fcn<\/td><\/tr><tr><td>23 Nisan 2025<\/td><td>Mill\u00ee Egemenlik ve \u00c7ocuk Bayram\u0131<\/td><\/tr><tr><td>1 May\u0131s 2025<\/td><td>Emek ve Dayan\u0131\u015fma G\u00fcn\u00fc<\/td><\/tr><tr><td>19 May\u0131s 2025<\/td><td>Atat\u00fcrk\u2019\u00fc Anma, Gen\u00e7lik ve Spor Bayram\u0131<\/td><\/tr><tr><td>4 Haziran 2025<\/td><td>Derslerin Son G\u00fcn\u00fc (Haz\u0131rl\u0131k, Lisans ve Y\u00fcksek Lisans)<\/td><\/tr><tr><td>5 Haziran 2025<\/td><td>Kurban Bayram\u0131 (Arife G\u00fcn\u00fc)<\/td><\/tr><tr><td>6 Haziran 2025 &#8211; 9 Haziran 2025<\/td><td>Kurban Bayram\u0131<\/td><\/tr><tr><td>10 Haziran 2025 &#8211; 20 Haziran 2025<\/td><td>D\u00f6nem Sonu S\u0131navlar\u0131<\/td><\/tr><tr><td>27 Haziran 2025 (17.00)<\/td><td>Harf Notlar\u0131n Sisteme Giri\u015fi \u0130\u00e7in Son G\u00fcn<\/td><\/tr><tr><td>30 Haziran 2025&nbsp;&#8211; 4 Temmuz 2025&nbsp;<\/td><td>Akademik Ba\u015far\u0131 Bursu Ba\u015fvurular\u0131<\/td><\/tr><tr><td>30 Haziran 2025 &#8211; 4 Temmuz 2025<\/td><td>B\u00fct\u00fcnleme S\u0131nav\u0131 Ba\u015fvurular\u0131<\/td><\/tr><tr><td>4 Temmuz 2025<\/td><td>Mezuniyet T\u00f6reni<\/td><\/tr><tr><td>10 Temmuz 2025 &#8211; 11 Temmuz 2025<\/td><td>B\u00fct\u00fcnleme S\u0131navlar\u0131<\/td><\/tr><tr><td>15 Temmuz 2025 (17.00)<\/td><td>B\u00fct\u00fcnleme S\u0131nav\u0131 Notlar\u0131n\u0131n Sisteme Girilmesi \u0130\u00e7in Son G\u00fcn<\/td><\/tr><tr><td>16 Temmuz 2025<\/td><td>Tek Ders S\u0131nav\u0131 Ba\u015fvurular\u0131<\/td><\/tr><tr><td>18 Temmuz 2025<\/td><td>Tek Ders S\u0131navlar\u0131<\/td><\/tr><\/tbody><\/table><\/figure>\n\n\n\n<figure class=\"wp-block-table is-style-stripes\" style=\"font-size:16px\"><table><tbody><tr><td colspan=\"2\"><strong>YAZ OKULU<\/strong><\/td><\/tr><tr><td><strong>BA\u015eLANGI\u00c7 VE B\u0130T\u0130\u015e<\/strong><\/td><td><strong>OLAY<\/strong><\/td><\/tr><tr><td>30 Haziran 2025 &#8211; 9 Temmuz 2025<\/td><td>Yaz Okulu Ba\u015fvurular\u0131 ve \u00dccret \u00d6demeleri<\/td><\/tr><tr><td>10 Temmuz 2025 &#8211; 11 Temmuz 2025<\/td><td>\u00c7evrimi\u00e7i Ders Kay\u0131tlar\u0131<\/td><\/tr><tr><td>14 Temmuz 2025 &#8211; 29 A\u011fustos 2025<\/td><td>Derslerin Ba\u015flamas\u0131<\/td><\/tr><tr><td>20 Temmuz 2025<\/td><td>Bar\u0131\u015f ve \u00d6zg\u00fcrl\u00fck Bayram\u0131<\/td><\/tr><tr><td>1 A\u011fustos 2025<\/td><td>Toplumsal Direni\u015f Bayram\u0131<\/td><\/tr><tr><td>4 A\u011fustos 2025 &#8211; 8 A\u011fustos 2025<\/td><td>Ara S\u0131navlar (S\u0131navlar haricinde dersler devam edecektir)<\/td><\/tr><tr><td>29 A\u011fustos 2025<\/td><td>Derslerin Son G\u00fcn\u00fc<\/td><\/tr><tr><td>30 A\u011fustos 2025<\/td><td>Zafer Bayram\u0131<\/td><\/tr><tr><td>1 Eyl\u00fcl 2025 &#8211; 3 Eyl\u00fcl 2025<\/td><td>D\u00f6nem Sonu S\u0131navlar\u0131<\/td><\/tr><tr><td>5 Eyl\u00fcl 2025 (17.00)<\/td><td>Harf Notlar\u0131n\u0131n Verilmesi i\u00e7in Son G\u00fcn<\/td><\/tr><\/tbody><\/table><\/figure>\n<\/div><\/div>\n\n<\/div><\/div>","protected":false},"excerpt":{"rendered":"<p>Akademik Takvim 2024 &#8211; 2025 G\u00dcZ D\u00d6NEM\u0130 BA\u015eLANGI\u00c7 VE B\u0130T\u0130\u015e OLAY 15 Temmuz 2024 &#8211; 23 A\u011fustos 2024 Yatay Ge\u00e7i\u015f Ba\u015fvuru Tarihleri 27 A\u011fustos 2024 (11.00) Yatay Ge\u00e7i\u015f Sonu\u00e7lar\u0131n\u0131n \u0130lan\u0131 28 A\u011fustos 2024 &#8211; 29 A\u011fustos 2024 Yatay Ge\u00e7i\u015fi Kabul Edilenlerin Kesin Kay\u0131tlar\u0131 19 A\u011fustos 2024 &#8211; 23 A\u011fustos 2024 \u00d6SYM Taraf\u0131ndan Yerle\u015ftirilen \u00d6\u011frencilerin Kesin&#8230;<\/p>\n","protected":false},"author":1,"featured_media":5265,"parent":0,"menu_order":0,"comment_status":"closed","ping_status":"closed","template":"","meta":{"_coblocks_attr":"","_coblocks_dimensions":"","_coblocks_responsive_height":"","_coblocks_accordion_ie_support":"","_kad_post_transparent":"","_kad_post_title":"","_kad_post_layout":"normal","_kad_post_sidebar_id":"","_kad_post_content_style":"unboxed","_kad_post_vertical_padding":"","_kad_post_feature":"hide","_kad_post_feature_position":"","_kad_post_header":false,"_kad_post_footer":false,"footnotes":""},"class_list":["post-1496","page","type-page","status-publish","has-post-thumbnail","hentry"],"_links":{"self":[{"href":"https:\/\/www.cwu.edu.tr\/tr\/wp-json\/wp\/v2\/pages\/1496","targetHints":{"allow":["GET"]}}],"collection":[{"href":"https:\/\/www.cwu.edu.tr\/tr\/wp-json\/wp\/v2\/pages"}],"about":[{"href":"https:\/\/www.cwu.edu.tr\/tr\/wp-json\/wp\/v2\/types\/page"}],"author":[{"embeddable":true,"href":"https:\/\/www.cwu.edu.tr\/tr\/wp-json\/wp\/v2\/users\/1"}],"replies":[{"embeddable":true,"href":"https:\/\/www.cwu.edu.tr\/tr\/wp-json\/wp\/v2\/comments?post=1496"}],"version-history":[{"count":13,"href":"https:\/\/www.cwu.edu.tr\/tr\/wp-json\/wp\/v2\/pages\/1496\/revisions"}],"predecessor-version":[{"id":5268,"href":"https:\/\/www.cwu.edu.tr\/tr\/wp-json\/wp\/v2\/pages\/1496\/revisions\/5268"}],"wp:featuredmedia":[{"embeddable":true,"href":"https:\/\/www.cwu.edu.tr\/tr\/wp-json\/wp\/v2\/media\/5265"}],"wp:attachment":[{"href":"https:\/\/www.cwu.edu.tr\/tr\/wp-json\/wp\/v2\/media?parent=1496"}],"curies":[{"name":"wp","href":"https:\/\/api.w.org\/{rel}","templated":true}]}}