{"id":2119,"date":"2024-09-10T12:03:51","date_gmt":"2024-09-10T12:03:51","guid":{"rendered":"https:\/\/www.cwu.edu.tr\/tr\/?page_id=2119"},"modified":"2026-04-01T09:34:08","modified_gmt":"2026-04-01T09:34:08","slug":"iktisadi-idari-ve-sosyal-bilimler-fakultesi-dekan-yardimcisi","status":"publish","type":"page","link":"https:\/\/www.cwu.edu.tr\/tr\/iktisadi-idari-ve-sosyal-bilimler-fakultesi-dekan-yardimcisi\/","title":{"rendered":"\u0130ktisadi, \u0130dari ve Sosyal Bilimler Fak\u00fcltesi"},"content":{"rendered":"<style>.kb-row-layout-id2119_19f84c-cb > .kt-row-column-wrap{align-content:start;}:where(.kb-row-layout-id2119_19f84c-cb > .kt-row-column-wrap) > .wp-block-kadence-column{justify-content:start;}.kb-row-layout-id2119_19f84c-cb > .kt-row-column-wrap{column-gap:var(--global-kb-gap-md, 2rem);row-gap:var(--global-kb-gap-md, 2rem);padding-top:var(--global-kb-spacing-sm, 1.5rem);padding-bottom:var(--global-kb-spacing-sm, 1.5rem);grid-template-columns:minmax(0, calc(25% - ((var(--global-kb-gap-md, 2rem) * 1 )\/2)))minmax(0, calc(75% - ((var(--global-kb-gap-md, 2rem) * 1 )\/2)));}.kb-row-layout-id2119_19f84c-cb > .kt-row-layout-overlay{opacity:0.30;}@media all and (max-width: 1024px){.kb-row-layout-id2119_19f84c-cb > .kt-row-column-wrap{grid-template-columns:minmax(0, 1fr) minmax(0, 2fr);}}@media all and (max-width: 767px){.kb-row-layout-id2119_19f84c-cb > .kt-row-column-wrap{grid-template-columns:minmax(0, 1fr);}}<\/style><div class=\"kb-row-layout-wrap kb-row-layout-id2119_19f84c-cb alignnone wp-block-kadence-rowlayout\"><div class=\"kt-row-column-wrap kt-has-2-columns kt-row-layout-right-golden kt-tab-layout-inherit kt-mobile-layout-row kt-row-valign-top\">\n<style>.kadence-column2119_d325b0-41 > .kt-inside-inner-col,.kadence-column2119_d325b0-41 > .kt-inside-inner-col:before{border-top-left-radius:0px;border-top-right-radius:0px;border-bottom-right-radius:0px;border-bottom-left-radius:0px;}.kadence-column2119_d325b0-41 > .kt-inside-inner-col{column-gap:var(--global-kb-gap-sm, 1rem);}.kadence-column2119_d325b0-41 > .kt-inside-inner-col{flex-direction:column;}.kadence-column2119_d325b0-41 > .kt-inside-inner-col > .aligncenter{width:100%;}.kadence-column2119_d325b0-41 > .kt-inside-inner-col:before{opacity:0.3;}.kadence-column2119_d325b0-41{position:relative;}@media all and (max-width: 1024px){.kadence-column2119_d325b0-41 > .kt-inside-inner-col{flex-direction:column;justify-content:center;}}@media all and (max-width: 767px){.kadence-column2119_d325b0-41 > .kt-inside-inner-col{flex-direction:column;justify-content:center;}}<\/style>\n<div class=\"wp-block-kadence-column kadence-column2119_d325b0-41\"><div class=\"kt-inside-inner-col\">\n<div class=\"wp-block-wpb-accordion-menu-or-category-pro-wpb-wmca-shortcode-selector\">\t\t\t<div class=\"wpb_category_n_menu_accordion wpb_accordion_free_version wpb_wmca_accordion_wrapper_theme_transparent wpb_the_menu_accordion\" data-shortcode_id=\"1826\" data-accordion=\"true\" data-indicator_icon=\"+\">\n\t\t\t\t\t\t\t\t<ul id=\"menu-iktisadi-idari-ve-sosyal-bilimler-fakultesi\" class=\"wpb_category_n_menu_accordion_list\"><li id=\"menu-item-2137\" class=\"menu-item menu-item-type-post_type menu-item-object-page menu-item-2137\"><a href=\"https:\/\/www.cwu.edu.tr\/tr\/iktisadi-idari-ve-sosyal-bilimler-fakultesi\/\">\u0130ktisadi, \u0130dari ve Sosyal Bilimler Fak\u00fcltesi<\/a><\/li>\n<li id=\"menu-item-1811\" class=\"menu-item menu-item-type-custom menu-item-object-custom menu-item-has-children menu-item-1811\"><a href=\"#\">\u0130ktisadi, \u0130dari ve Sosyal Bilimler Fak\u00fcltesi Hakk\u0131nda<\/a>\n<ul class=\"sub-menu\">\n\t<li id=\"menu-item-1812\" class=\"menu-item menu-item-type-custom menu-item-object-custom menu-item-1812\"><a href=\"https:\/\/www.cwu.edu.tr\/tr\/iktisadi-idari-ve-sosyal-bilimler-fakultesi-misyon-ve-vizyon\/\">Misyon ve Vizyon<\/a><\/li>\n\t<li id=\"menu-item-1815\" class=\"menu-item menu-item-type-custom menu-item-object-custom menu-item-1815\"><a href=\"https:\/\/www.cwu.edu.tr\/tr\/iktisadi-idari-ve-sosyal-bilimler-fakultesi-degerlerimiz-ve-hedeflerimiz\/\">De\u011ferlerimiz ve Hedeflerimiz<\/a><\/li>\n\t<li id=\"menu-item-1813\" class=\"menu-item menu-item-type-custom menu-item-object-custom menu-item-1813\"><a href=\"https:\/\/www.cwu.edu.tr\/tr\/iktisadi-idari-ve-sosyal-bilimler-fakultesi-dekanin-mesaji\/\">Dekan\u0131n Mesaj\u0131<\/a><\/li>\n\t<li id=\"menu-item-1814\" class=\"menu-item menu-item-type-custom menu-item-object-custom menu-item-1814\"><a href=\"https:\/\/www.cwu.edu.tr\/tr\/iktisadi-idari-ve-sosyal-bilimler-fakultesi-dekan-yardimcisi\/\">Dekan\u0131n Yard\u0131mc\u0131s\u0131<\/a><\/li>\n<\/ul>\n<\/li>\n<li id=\"menu-item-1816\" class=\"menu-item menu-item-type-custom menu-item-object-custom menu-item-has-children menu-item-1816\"><a href=\"#\">Fak\u00fclte Y\u00f6netimi<\/a>\n<ul class=\"sub-menu\">\n\t<li id=\"menu-item-1817\" class=\"menu-item menu-item-type-custom menu-item-object-custom menu-item-1817\"><a href=\"https:\/\/www.cwu.edu.tr\/tr\/iktisadi-idari-ve-sosyal-bilimler-fakultesi-fakulte-kurulu\/\">Fak\u00fclte Kurulu<\/a><\/li>\n\t<li id=\"menu-item-1818\" class=\"menu-item menu-item-type-custom menu-item-object-custom menu-item-1818\"><a href=\"https:\/\/www.cwu.edu.tr\/tr\/iktisadi-idari-ve-sosyal-bilimler-fakultesi-fakulte-yonetim-kurulu\/\">Fak\u00fclte Y\u00f6netim Kurulu<\/a><\/li>\n\t<li id=\"menu-item-2176\" class=\"menu-item menu-item-type-custom menu-item-object-custom menu-item-2176\"><a href=\"https:\/\/www.cwu.edu.tr\/tr\/iktisadi-idari-ve-sosyal-bilimler-fakultesi-senato-temsilcisi\/\">Senato Temsilcisi<\/a><\/li>\n<\/ul>\n<\/li>\n<li id=\"menu-item-1819\" class=\"menu-item menu-item-type-custom menu-item-object-custom menu-item-has-children menu-item-1819\"><a href=\"#\">Akademik Programlar\u0131m\u0131z<\/a>\n<ul class=\"sub-menu\">\n\t<li id=\"menu-item-1820\" class=\"menu-item menu-item-type-post_type menu-item-object-page menu-item-1820\"><a href=\"https:\/\/www.cwu.edu.tr\/tr\/isletme\/\">\u0130\u015fletme (T.C. ve KKTC)<\/a><\/li>\n\t<li id=\"menu-item-1821\" class=\"menu-item menu-item-type-post_type menu-item-object-page menu-item-1821\"><a href=\"https:\/\/www.cwu.edu.tr\/tr\/havacilik-yonetimi\/\">Havac\u0131l\u0131k Y\u00f6netimi (T.C. ve KKTC)<\/a><\/li>\n\t<li id=\"menu-item-1822\" class=\"menu-item menu-item-type-post_type menu-item-object-page menu-item-1822\"><a href=\"https:\/\/www.cwu.edu.tr\/tr\/lojistik\/\">Lojistik (KKTC)<\/a><\/li>\n\t<li id=\"menu-item-1823\" class=\"menu-item menu-item-type-post_type menu-item-object-page menu-item-1823\"><a href=\"https:\/\/www.cwu.edu.tr\/tr\/turizm-isletmeciligi\/\">Turizm ve Otel \u0130\u015fletmecili\u011fi (KKTC)<\/a><\/li>\n\t<li id=\"menu-item-1824\" class=\"menu-item menu-item-type-post_type menu-item-object-page menu-item-1824\"><a href=\"https:\/\/www.cwu.edu.tr\/tr\/psikoloji\/\">Psikoloji (T.C. ve KKTC)<\/a><\/li>\n\t<li id=\"menu-item-2802\" class=\"menu-item menu-item-type-custom menu-item-object-custom menu-item-2802\"><a href=\"https:\/\/www.cwu.edu.tr\/tr\/bolum-ucretleri\/\">B\u00f6l\u00fcmler ve  \u00dccretler<\/a><\/li>\n<\/ul>\n<\/li>\n<\/ul>\t\t\t\t\t\t\t<\/div>\n\t\t<\/div>\n<\/div><\/div>\n\n\n<style>.kadence-column2119_453d06-96 > .kt-inside-inner-col,.kadence-column2119_453d06-96 > .kt-inside-inner-col:before{border-top-left-radius:0px;border-top-right-radius:0px;border-bottom-right-radius:0px;border-bottom-left-radius:0px;}.kadence-column2119_453d06-96 > .kt-inside-inner-col{column-gap:var(--global-kb-gap-sm, 1rem);}.kadence-column2119_453d06-96 > .kt-inside-inner-col{flex-direction:column;}.kadence-column2119_453d06-96 > .kt-inside-inner-col > .aligncenter{width:100%;}.kadence-column2119_453d06-96 > .kt-inside-inner-col:before{opacity:0.3;}.kadence-column2119_453d06-96{position:relative;}@media all and (max-width: 1024px){.kadence-column2119_453d06-96 > .kt-inside-inner-col{flex-direction:column;justify-content:center;}}@media all and (max-width: 767px){.kadence-column2119_453d06-96 > .kt-inside-inner-col{flex-direction:column;justify-content:center;}}<\/style>\n<div class=\"wp-block-kadence-column kadence-column2119_453d06-96\"><div class=\"kt-inside-inner-col\"><style>.wp-block-kadence-advancedheading.kt-adv-heading2119_d4face-fa, .wp-block-kadence-advancedheading.kt-adv-heading2119_d4face-fa[data-kb-block=\"kb-adv-heading2119_d4face-fa\"]{font-style:normal;}.wp-block-kadence-advancedheading.kt-adv-heading2119_d4face-fa mark.kt-highlight, .wp-block-kadence-advancedheading.kt-adv-heading2119_d4face-fa[data-kb-block=\"kb-adv-heading2119_d4face-fa\"] mark.kt-highlight{font-style:normal;color:#f76a0c;-webkit-box-decoration-break:clone;box-decoration-break:clone;padding-top:0px;padding-right:0px;padding-bottom:0px;padding-left:0px;}<\/style>\n<h2 class=\"kt-adv-heading2119_d4face-fa wp-block-kadence-advancedheading\" data-kb-block=\"kb-adv-heading2119_d4face-fa\">Dekan Yard\u0131mc\u0131s\u0131<\/h2>\n\n\n\n<figure class=\"wp-block-table is-style-stripes\"><table><tbody><tr><td class=\"has-text-align-left\" data-align=\"left\" colspan=\"2\"><strong>\u0130ktisadi, \u0130dari ve Sosyal Bilimler Fak\u00fcltesi Dekan Yard\u0131mc\u0131s\u0131<\/strong><\/td><\/tr><tr><td class=\"has-text-align-left\" data-align=\"left\">Dr. Mahboubeh BAHREINI<\/td><td class=\"has-text-align-center\" data-align=\"center\">\u0130ktisadi, \u0130dari ve Sosyal Bilimler Fak\u00fcltesi Dekan Yard\u0131mc\u0131s\u0131<\/td><\/tr><\/tbody><\/table><\/figure>\n<\/div><\/div>\n\n<\/div><\/div>","protected":false},"excerpt":{"rendered":"<p>Dekan Yard\u0131mc\u0131s\u0131 \u0130ktisadi, \u0130dari ve Sosyal Bilimler Fak\u00fcltesi Dekan Yard\u0131mc\u0131s\u0131 Dr. Mahboubeh BAHREINI \u0130ktisadi, \u0130dari ve Sosyal Bilimler Fak\u00fcltesi Dekan Yard\u0131mc\u0131s\u0131<\/p>\n","protected":false},"author":1,"featured_media":0,"parent":0,"menu_order":0,"comment_status":"closed","ping_status":"closed","template":"","meta":{"_coblocks_attr":"","_coblocks_dimensions":"","_coblocks_responsive_height":"","_coblocks_accordion_ie_support":"","_kad_post_transparent":"","_kad_post_title":"","_kad_post_layout":"normal","_kad_post_sidebar_id":"","_kad_post_content_style":"unboxed","_kad_post_vertical_padding":"","_kad_post_feature":"","_kad_post_feature_position":"","_kad_post_header":false,"_kad_post_footer":false,"footnotes":""},"class_list":["post-2119","page","type-page","status-publish","hentry"],"_links":{"self":[{"href":"https:\/\/www.cwu.edu.tr\/tr\/wp-json\/wp\/v2\/pages\/2119","targetHints":{"allow":["GET"]}}],"collection":[{"href":"https:\/\/www.cwu.edu.tr\/tr\/wp-json\/wp\/v2\/pages"}],"about":[{"href":"https:\/\/www.cwu.edu.tr\/tr\/wp-json\/wp\/v2\/types\/page"}],"author":[{"embeddable":true,"href":"https:\/\/www.cwu.edu.tr\/tr\/wp-json\/wp\/v2\/users\/1"}],"replies":[{"embeddable":true,"href":"https:\/\/www.cwu.edu.tr\/tr\/wp-json\/wp\/v2\/comments?post=2119"}],"version-history":[{"count":24,"href":"https:\/\/www.cwu.edu.tr\/tr\/wp-json\/wp\/v2\/pages\/2119\/revisions"}],"predecessor-version":[{"id":5907,"href":"https:\/\/www.cwu.edu.tr\/tr\/wp-json\/wp\/v2\/pages\/2119\/revisions\/5907"}],"wp:attachment":[{"href":"https:\/\/www.cwu.edu.tr\/tr\/wp-json\/wp\/v2\/media?parent=2119"}],"curies":[{"name":"wp","href":"https:\/\/api.w.org\/{rel}","templated":true}]}}