{"id":2147,"date":"2024-09-10T13:08:59","date_gmt":"2024-09-10T13:08:59","guid":{"rendered":"https:\/\/www.cwu.edu.tr\/tr\/?page_id=2147"},"modified":"2025-10-24T13:26:17","modified_gmt":"2025-10-24T13:26:17","slug":"muhendislik-ve-mimarlik-fakultesi-misyon-ve-vizyon","status":"publish","type":"page","link":"https:\/\/www.cwu.edu.tr\/tr\/muhendislik-ve-mimarlik-fakultesi-misyon-ve-vizyon\/","title":{"rendered":"M\u00fchendislik ve Mimarl\u0131k Fak\u00fcltesi"},"content":{"rendered":"<style>.kb-row-layout-id2147_e0a27f-dc > .kt-row-column-wrap{align-content:start;}:where(.kb-row-layout-id2147_e0a27f-dc > .kt-row-column-wrap) > .wp-block-kadence-column{justify-content:start;}.kb-row-layout-id2147_e0a27f-dc > .kt-row-column-wrap{column-gap:var(--global-kb-gap-md, 2rem);row-gap:var(--global-kb-gap-md, 2rem);padding-top:var(--global-kb-spacing-sm, 1.5rem);padding-bottom:var(--global-kb-spacing-sm, 1.5rem);grid-template-columns:minmax(0, calc(25% - ((var(--global-kb-gap-md, 2rem) * 1 )\/2)))minmax(0, calc(75% - ((var(--global-kb-gap-md, 2rem) * 1 )\/2)));}.kb-row-layout-id2147_e0a27f-dc > .kt-row-layout-overlay{opacity:0.30;}@media all and (max-width: 1024px){.kb-row-layout-id2147_e0a27f-dc > .kt-row-column-wrap{grid-template-columns:minmax(0, 1fr) minmax(0, 2fr);}}@media all and (max-width: 767px){.kb-row-layout-id2147_e0a27f-dc > .kt-row-column-wrap{grid-template-columns:minmax(0, 1fr);}}<\/style><div class=\"kb-row-layout-wrap kb-row-layout-id2147_e0a27f-dc alignnone wp-block-kadence-rowlayout\"><div class=\"kt-row-column-wrap kt-has-2-columns kt-row-layout-right-golden kt-tab-layout-inherit kt-mobile-layout-row kt-row-valign-top\">\n<style>.kadence-column2147_a1f58d-6b > .kt-inside-inner-col,.kadence-column2147_a1f58d-6b > .kt-inside-inner-col:before{border-top-left-radius:0px;border-top-right-radius:0px;border-bottom-right-radius:0px;border-bottom-left-radius:0px;}.kadence-column2147_a1f58d-6b > .kt-inside-inner-col{column-gap:var(--global-kb-gap-sm, 1rem);}.kadence-column2147_a1f58d-6b > .kt-inside-inner-col{flex-direction:column;}.kadence-column2147_a1f58d-6b > .kt-inside-inner-col > .aligncenter{width:100%;}.kadence-column2147_a1f58d-6b > .kt-inside-inner-col:before{opacity:0.3;}.kadence-column2147_a1f58d-6b{position:relative;}@media all and (max-width: 1024px){.kadence-column2147_a1f58d-6b > .kt-inside-inner-col{flex-direction:column;justify-content:center;}}@media all and (max-width: 767px){.kadence-column2147_a1f58d-6b > .kt-inside-inner-col{flex-direction:column;justify-content:center;}}<\/style>\n<div class=\"wp-block-kadence-column kadence-column2147_a1f58d-6b\"><div class=\"kt-inside-inner-col\">\n<div class=\"wp-block-wpb-accordion-menu-or-category-pro-wpb-wmca-shortcode-selector\">\t\t\t<div class=\"wpb_category_n_menu_accordion wpb_accordion_free_version wpb_wmca_accordion_wrapper_theme_transparent wpb_the_menu_accordion\" data-shortcode_id=\"1842\" data-accordion=\"true\" data-indicator_icon=\"+\">\n\t\t\t\t\t\t\t\t<ul id=\"menu-muhendislik-ve-mimarlik-fakultesi\" class=\"wpb_category_n_menu_accordion_list\"><li id=\"menu-item-2146\" class=\"menu-item menu-item-type-post_type menu-item-object-page menu-item-2146\"><a href=\"https:\/\/www.cwu.edu.tr\/tr\/muhendislik-ve-mimarlik-fakultesi\/\">M\u00fchendislik ve Mimarl\u0131k Fak\u00fcltesi<\/a><\/li>\n<li id=\"menu-item-1829\" class=\"menu-item menu-item-type-custom menu-item-object-custom menu-item-has-children menu-item-1829\"><a href=\"#\">M\u00fchendislik ve Mimarl\u0131k Fak\u00fcltesi Hakk\u0131nda<\/a>\n<ul class=\"sub-menu\">\n\t<li id=\"menu-item-1833\" class=\"menu-item menu-item-type-custom menu-item-object-custom menu-item-1833\"><a href=\"https:\/\/www.cwu.edu.tr\/tr\/muhendislik-ve-mimarlik-fakultesi-misyon-ve-vizyon\/\">Misyon ve Vizyon<\/a><\/li>\n\t<li id=\"menu-item-1836\" class=\"menu-item menu-item-type-custom menu-item-object-custom menu-item-1836\"><a href=\"https:\/\/www.cwu.edu.tr\/tr\/muhendislik-ve-mimarlik-fakultesi-degerlerimiz-ve-hedeflerimiz\/\">De\u011ferlerimiz ve Hedeflerimiz<\/a><\/li>\n\t<li id=\"menu-item-1834\" class=\"menu-item menu-item-type-custom menu-item-object-custom menu-item-1834\"><a href=\"https:\/\/www.cwu.edu.tr\/tr\/muhendislik-ve-mimarlik-fakultesi-dekanin-mesaji\/\">Dekan\u0131n Mesaj\u0131<\/a><\/li>\n\t<li id=\"menu-item-1835\" class=\"menu-item menu-item-type-custom menu-item-object-custom menu-item-1835\"><a href=\"https:\/\/www.cwu.edu.tr\/tr\/muhendislik-ve-mimarlik-fakultesi-dekanin-yardimcisi\/\">Dekan\u0131n Yard\u0131mc\u0131s\u0131<\/a><\/li>\n<\/ul>\n<\/li>\n<li id=\"menu-item-1830\" class=\"menu-item menu-item-type-custom menu-item-object-custom menu-item-has-children menu-item-1830\"><a href=\"#\">Fak\u00fclte Y\u00f6netimi<\/a>\n<ul class=\"sub-menu\">\n\t<li id=\"menu-item-1837\" class=\"menu-item menu-item-type-custom menu-item-object-custom menu-item-1837\"><a href=\"https:\/\/www.cwu.edu.tr\/tr\/muhendislik-ve-mimarlik-fakultesi-fakulte-kurulu\/\">Fak\u00fclte Kurulu<\/a><\/li>\n\t<li id=\"menu-item-1838\" class=\"menu-item menu-item-type-custom menu-item-object-custom menu-item-1838\"><a href=\"https:\/\/www.cwu.edu.tr\/tr\/muhendislik-ve-mimarlik-fakultesi-fakulte-yonetim-kurulu\/\">Fak\u00fclte Y\u00f6netim Kurulu<\/a><\/li>\n\t<li id=\"menu-item-2175\" class=\"menu-item menu-item-type-custom menu-item-object-custom menu-item-2175\"><a href=\"https:\/\/www.cwu.edu.tr\/tr\/muhendislik-ve-mimarlik-fakultesi-senato-temsilcisi\/\">Senato Temsilcisi<\/a><\/li>\n<\/ul>\n<\/li>\n<li id=\"menu-item-1831\" class=\"menu-item menu-item-type-custom menu-item-object-custom menu-item-has-children menu-item-1831\"><a href=\"#\">Akademik Programlar\u0131m\u0131z<\/a>\n<ul class=\"sub-menu\">\n\t<li id=\"menu-item-1839\" class=\"menu-item menu-item-type-post_type menu-item-object-page menu-item-1839\"><a href=\"https:\/\/www.cwu.edu.tr\/tr\/bilgisayar-muhendisligi\/\">Bilgisayar M\u00fchendisli\u011fi<\/a><\/li>\n\t<li id=\"menu-item-1840\" class=\"menu-item menu-item-type-post_type menu-item-object-page menu-item-1840\"><a href=\"https:\/\/www.cwu.edu.tr\/tr\/bilisim-sistemleri-muhendisligi\/\">Bili\u015fim Sistemleri M\u00fchendisli\u011fi<\/a><\/li>\n\t<li id=\"menu-item-1841\" class=\"menu-item menu-item-type-post_type menu-item-object-page menu-item-1841\"><a href=\"https:\/\/www.cwu.edu.tr\/tr\/elektrik-elektronik-muhendisligi\/\">Elektrik ve Elektronik M\u00fchendisli\u011fi<\/a><\/li>\n\t<li id=\"menu-item-3387\" class=\"menu-item menu-item-type-post_type menu-item-object-page menu-item-3387\"><a href=\"https:\/\/www.cwu.edu.tr\/tr\/bolum-ucretleri\/\">B\u00f6l\u00fcmler ve \u00dccretler<\/a><\/li>\n<\/ul>\n<\/li>\n<\/ul>\t\t\t\t\t\t\t<\/div>\n\t\t<\/div>\n<\/div><\/div>\n\n\n<style>.kadence-column2147_b45081-03 > .kt-inside-inner-col,.kadence-column2147_b45081-03 > .kt-inside-inner-col:before{border-top-left-radius:0px;border-top-right-radius:0px;border-bottom-right-radius:0px;border-bottom-left-radius:0px;}.kadence-column2147_b45081-03 > .kt-inside-inner-col{column-gap:var(--global-kb-gap-sm, 1rem);}.kadence-column2147_b45081-03 > .kt-inside-inner-col{flex-direction:column;}.kadence-column2147_b45081-03 > .kt-inside-inner-col > .aligncenter{width:100%;}.kadence-column2147_b45081-03 > .kt-inside-inner-col:before{opacity:0.3;}.kadence-column2147_b45081-03{position:relative;}@media all and (max-width: 1024px){.kadence-column2147_b45081-03 > .kt-inside-inner-col{flex-direction:column;justify-content:center;}}@media all and (max-width: 767px){.kadence-column2147_b45081-03 > .kt-inside-inner-col{flex-direction:column;justify-content:center;}}<\/style>\n<div class=\"wp-block-kadence-column kadence-column2147_b45081-03\"><div class=\"kt-inside-inner-col\"><style>.wp-block-kadence-advancedheading.kt-adv-heading2147_f85b24-eb, .wp-block-kadence-advancedheading.kt-adv-heading2147_f85b24-eb[data-kb-block=\"kb-adv-heading2147_f85b24-eb\"]{font-style:normal;}.wp-block-kadence-advancedheading.kt-adv-heading2147_f85b24-eb mark.kt-highlight, .wp-block-kadence-advancedheading.kt-adv-heading2147_f85b24-eb[data-kb-block=\"kb-adv-heading2147_f85b24-eb\"] mark.kt-highlight{font-style:normal;color:#f76a0c;-webkit-box-decoration-break:clone;box-decoration-break:clone;padding-top:0px;padding-right:0px;padding-bottom:0px;padding-left:0px;}<\/style>\n<h2 class=\"kt-adv-heading2147_f85b24-eb wp-block-kadence-advancedheading\" data-kb-block=\"kb-adv-heading2147_f85b24-eb\">Misyon ve Vizyon<\/h2>\n\n\n\n<p><strong>Misyon<\/strong>: M\u00fchendislik ve Mimarl\u0131k Fak\u00fcltemizin misyonu, m\u00fchendislik ve mimarl\u0131k disiplinlerinde ulusal ve uluslararas\u0131 d\u00fczeyde en y\u00fcksek akademik ve profesyonel standartlar\u0131 sa\u011flayarak, \u00f6\u011frencilerimize yenilik\u00e7i, yarat\u0131c\u0131 ve \u00e7\u00f6z\u00fcm odakl\u0131 bir e\u011fitim sunmakt\u0131r. Bilimsel ara\u015ft\u0131rma, teknoloji geli\u015ftirme ve toplum ihtiya\u00e7lar\u0131na y\u00f6nelik uygulamalarla, s\u00fcrd\u00fcr\u00fclebilir kalk\u0131nmay\u0131 destekleyen ve etik de\u011ferlere ba\u011fl\u0131 m\u00fchendis ve mimar profesyonelleri yeti\u015ftirmeyi ama\u00e7l\u0131yoruz. Fak\u00fcltemiz, sekt\u00f6rle i\u015fbirlikleri geli\u015ftirerek, ger\u00e7ek d\u00fcnya problemlerine etkili \u00e7\u00f6z\u00fcmler \u00fcretmeyi ve bu alanda liderlik yapmay\u0131 hedeflemektedir.<\/p>\n\n\n\n<p><strong>Vizyon<\/strong>: Fak\u00fcltemizin vizyonu, m\u00fchendislik ve mimarl\u0131k alanlar\u0131nda k\u00fcresel \u00f6l\u00e7ekte tan\u0131nan ve sayg\u0131 duyulan bir e\u011fitim ve ara\u015ft\u0131rma merkezi olmakt\u0131r. Yenilik\u00e7i d\u00fc\u015f\u00fcnce, ileri teknolojiler ve disiplinler aras\u0131 i\u015fbirlikleri ile toplumsal ve \u00e7evresel sorunlara \u00e7\u00f6z\u00fcm sunan, lider ve giri\u015fimci bireyler yeti\u015ftirmeyi ama\u00e7l\u0131yoruz. \u00d6\u011frencilerimize ve ara\u015ft\u0131rmac\u0131lar\u0131m\u0131za uluslararas\u0131 d\u00fczeyde rekabet edebilecek yetkinlikler kazand\u0131rarak, bilimsel bilgiye katk\u0131da bulunan ve topluma de\u011fer katan projelere imza atmay\u0131 hedefliyoruz.<\/p>\n<\/div><\/div>\n\n<\/div><\/div>","protected":false},"excerpt":{"rendered":"<p>Misyon ve Vizyon Misyon: M\u00fchendislik ve Mimarl\u0131k Fak\u00fcltemizin misyonu, m\u00fchendislik ve mimarl\u0131k disiplinlerinde ulusal ve uluslararas\u0131 d\u00fczeyde en y\u00fcksek akademik ve profesyonel standartlar\u0131 sa\u011flayarak, \u00f6\u011frencilerimize yenilik\u00e7i, yarat\u0131c\u0131 ve \u00e7\u00f6z\u00fcm odakl\u0131 bir e\u011fitim sunmakt\u0131r. Bilimsel ara\u015ft\u0131rma, teknoloji geli\u015ftirme ve toplum ihtiya\u00e7lar\u0131na y\u00f6nelik uygulamalarla, s\u00fcrd\u00fcr\u00fclebilir kalk\u0131nmay\u0131 destekleyen ve etik de\u011ferlere ba\u011fl\u0131 m\u00fchendis ve mimar profesyonelleri yeti\u015ftirmeyi ama\u00e7l\u0131yoruz&#8230;.<\/p>\n","protected":false},"author":1,"featured_media":5265,"parent":0,"menu_order":0,"comment_status":"closed","ping_status":"closed","template":"","meta":{"_coblocks_attr":"","_coblocks_dimensions":"","_coblocks_responsive_height":"","_coblocks_accordion_ie_support":"","_kad_post_transparent":"","_kad_post_title":"","_kad_post_layout":"normal","_kad_post_sidebar_id":"","_kad_post_content_style":"unboxed","_kad_post_vertical_padding":"","_kad_post_feature":"","_kad_post_feature_position":"","_kad_post_header":false,"_kad_post_footer":false,"footnotes":""},"class_list":["post-2147","page","type-page","status-publish","has-post-thumbnail","hentry"],"_links":{"self":[{"href":"https:\/\/www.cwu.edu.tr\/tr\/wp-json\/wp\/v2\/pages\/2147","targetHints":{"allow":["GET"]}}],"collection":[{"href":"https:\/\/www.cwu.edu.tr\/tr\/wp-json\/wp\/v2\/pages"}],"about":[{"href":"https:\/\/www.cwu.edu.tr\/tr\/wp-json\/wp\/v2\/types\/page"}],"author":[{"embeddable":true,"href":"https:\/\/www.cwu.edu.tr\/tr\/wp-json\/wp\/v2\/users\/1"}],"replies":[{"embeddable":true,"href":"https:\/\/www.cwu.edu.tr\/tr\/wp-json\/wp\/v2\/comments?post=2147"}],"version-history":[{"count":6,"href":"https:\/\/www.cwu.edu.tr\/tr\/wp-json\/wp\/v2\/pages\/2147\/revisions"}],"predecessor-version":[{"id":5379,"href":"https:\/\/www.cwu.edu.tr\/tr\/wp-json\/wp\/v2\/pages\/2147\/revisions\/5379"}],"wp:featuredmedia":[{"embeddable":true,"href":"https:\/\/www.cwu.edu.tr\/tr\/wp-json\/wp\/v2\/media\/5265"}],"wp:attachment":[{"href":"https:\/\/www.cwu.edu.tr\/tr\/wp-json\/wp\/v2\/media?parent=2147"}],"curies":[{"name":"wp","href":"https:\/\/api.w.org\/{rel}","templated":true}]}}