{"id":2151,"date":"2024-09-10T13:13:04","date_gmt":"2024-09-10T13:13:04","guid":{"rendered":"https:\/\/www.cwu.edu.tr\/tr\/?page_id=2151"},"modified":"2025-10-24T13:27:01","modified_gmt":"2025-10-24T13:27:01","slug":"muhendislik-ve-mimarlik-fakultesi-degerlerimiz-ve-hedeflerimiz","status":"publish","type":"page","link":"https:\/\/www.cwu.edu.tr\/tr\/muhendislik-ve-mimarlik-fakultesi-degerlerimiz-ve-hedeflerimiz\/","title":{"rendered":"M\u00fchendislik ve Mimarl\u0131k Fak\u00fcltesi"},"content":{"rendered":"<style>.kb-row-layout-id2151_824a14-98 > .kt-row-column-wrap{align-content:start;}:where(.kb-row-layout-id2151_824a14-98 > .kt-row-column-wrap) > .wp-block-kadence-column{justify-content:start;}.kb-row-layout-id2151_824a14-98 > .kt-row-column-wrap{column-gap:var(--global-kb-gap-md, 2rem);row-gap:var(--global-kb-gap-md, 2rem);padding-top:var(--global-kb-spacing-sm, 1.5rem);padding-bottom:var(--global-kb-spacing-sm, 1.5rem);grid-template-columns:minmax(0, calc(25% - ((var(--global-kb-gap-md, 2rem) * 1 )\/2)))minmax(0, calc(75% - ((var(--global-kb-gap-md, 2rem) * 1 )\/2)));}.kb-row-layout-id2151_824a14-98 > .kt-row-layout-overlay{opacity:0.30;}@media all and (max-width: 1024px){.kb-row-layout-id2151_824a14-98 > .kt-row-column-wrap{grid-template-columns:minmax(0, 1fr) minmax(0, 2fr);}}@media all and (max-width: 767px){.kb-row-layout-id2151_824a14-98 > .kt-row-column-wrap{grid-template-columns:minmax(0, 1fr);}}<\/style><div class=\"kb-row-layout-wrap kb-row-layout-id2151_824a14-98 alignnone wp-block-kadence-rowlayout\"><div class=\"kt-row-column-wrap kt-has-2-columns kt-row-layout-right-golden kt-tab-layout-inherit kt-mobile-layout-row kt-row-valign-top\">\n<style>.kadence-column2151_d8f7fd-47 > .kt-inside-inner-col,.kadence-column2151_d8f7fd-47 > .kt-inside-inner-col:before{border-top-left-radius:0px;border-top-right-radius:0px;border-bottom-right-radius:0px;border-bottom-left-radius:0px;}.kadence-column2151_d8f7fd-47 > .kt-inside-inner-col{column-gap:var(--global-kb-gap-sm, 1rem);}.kadence-column2151_d8f7fd-47 > .kt-inside-inner-col{flex-direction:column;}.kadence-column2151_d8f7fd-47 > .kt-inside-inner-col > .aligncenter{width:100%;}.kadence-column2151_d8f7fd-47 > .kt-inside-inner-col:before{opacity:0.3;}.kadence-column2151_d8f7fd-47{position:relative;}@media all and (max-width: 1024px){.kadence-column2151_d8f7fd-47 > .kt-inside-inner-col{flex-direction:column;justify-content:center;}}@media all and (max-width: 767px){.kadence-column2151_d8f7fd-47 > .kt-inside-inner-col{flex-direction:column;justify-content:center;}}<\/style>\n<div class=\"wp-block-kadence-column kadence-column2151_d8f7fd-47\"><div class=\"kt-inside-inner-col\">\n<div class=\"wp-block-wpb-accordion-menu-or-category-pro-wpb-wmca-shortcode-selector\">\t\t\t<div class=\"wpb_category_n_menu_accordion wpb_accordion_free_version wpb_wmca_accordion_wrapper_theme_transparent wpb_the_menu_accordion\" data-shortcode_id=\"1842\" data-accordion=\"true\" data-indicator_icon=\"+\">\n\t\t\t\t\t\t\t\t<ul id=\"menu-muhendislik-ve-mimarlik-fakultesi\" class=\"wpb_category_n_menu_accordion_list\"><li id=\"menu-item-2146\" class=\"menu-item menu-item-type-post_type menu-item-object-page menu-item-2146\"><a href=\"https:\/\/www.cwu.edu.tr\/tr\/muhendislik-ve-mimarlik-fakultesi\/\">M\u00fchendislik ve Mimarl\u0131k Fak\u00fcltesi<\/a><\/li>\n<li id=\"menu-item-1829\" class=\"menu-item menu-item-type-custom menu-item-object-custom menu-item-has-children menu-item-1829\"><a href=\"#\">M\u00fchendislik ve Mimarl\u0131k Fak\u00fcltesi Hakk\u0131nda<\/a>\n<ul class=\"sub-menu\">\n\t<li id=\"menu-item-1833\" class=\"menu-item menu-item-type-custom menu-item-object-custom menu-item-1833\"><a href=\"https:\/\/www.cwu.edu.tr\/tr\/muhendislik-ve-mimarlik-fakultesi-misyon-ve-vizyon\/\">Misyon ve Vizyon<\/a><\/li>\n\t<li id=\"menu-item-1836\" class=\"menu-item menu-item-type-custom menu-item-object-custom menu-item-1836\"><a href=\"https:\/\/www.cwu.edu.tr\/tr\/muhendislik-ve-mimarlik-fakultesi-degerlerimiz-ve-hedeflerimiz\/\">De\u011ferlerimiz ve Hedeflerimiz<\/a><\/li>\n\t<li id=\"menu-item-1834\" class=\"menu-item menu-item-type-custom menu-item-object-custom menu-item-1834\"><a href=\"https:\/\/www.cwu.edu.tr\/tr\/muhendislik-ve-mimarlik-fakultesi-dekanin-mesaji\/\">Dekan\u0131n Mesaj\u0131<\/a><\/li>\n\t<li id=\"menu-item-1835\" class=\"menu-item menu-item-type-custom menu-item-object-custom menu-item-1835\"><a href=\"https:\/\/www.cwu.edu.tr\/tr\/muhendislik-ve-mimarlik-fakultesi-dekanin-yardimcisi\/\">Dekan\u0131n Yard\u0131mc\u0131s\u0131<\/a><\/li>\n<\/ul>\n<\/li>\n<li id=\"menu-item-1830\" class=\"menu-item menu-item-type-custom menu-item-object-custom menu-item-has-children menu-item-1830\"><a href=\"#\">Fak\u00fclte Y\u00f6netimi<\/a>\n<ul class=\"sub-menu\">\n\t<li id=\"menu-item-1837\" class=\"menu-item menu-item-type-custom menu-item-object-custom menu-item-1837\"><a href=\"https:\/\/www.cwu.edu.tr\/tr\/muhendislik-ve-mimarlik-fakultesi-fakulte-kurulu\/\">Fak\u00fclte Kurulu<\/a><\/li>\n\t<li id=\"menu-item-1838\" class=\"menu-item menu-item-type-custom menu-item-object-custom menu-item-1838\"><a href=\"https:\/\/www.cwu.edu.tr\/tr\/muhendislik-ve-mimarlik-fakultesi-fakulte-yonetim-kurulu\/\">Fak\u00fclte Y\u00f6netim Kurulu<\/a><\/li>\n\t<li id=\"menu-item-2175\" class=\"menu-item menu-item-type-custom menu-item-object-custom menu-item-2175\"><a href=\"https:\/\/www.cwu.edu.tr\/tr\/muhendislik-ve-mimarlik-fakultesi-senato-temsilcisi\/\">Senato Temsilcisi<\/a><\/li>\n<\/ul>\n<\/li>\n<li id=\"menu-item-1831\" class=\"menu-item menu-item-type-custom menu-item-object-custom menu-item-has-children menu-item-1831\"><a href=\"#\">Akademik Programlar\u0131m\u0131z<\/a>\n<ul class=\"sub-menu\">\n\t<li id=\"menu-item-1839\" class=\"menu-item menu-item-type-post_type menu-item-object-page menu-item-1839\"><a href=\"https:\/\/www.cwu.edu.tr\/tr\/bilgisayar-muhendisligi\/\">Bilgisayar M\u00fchendisli\u011fi<\/a><\/li>\n\t<li id=\"menu-item-1840\" class=\"menu-item menu-item-type-post_type menu-item-object-page menu-item-1840\"><a href=\"https:\/\/www.cwu.edu.tr\/tr\/bilisim-sistemleri-muhendisligi\/\">Bili\u015fim Sistemleri M\u00fchendisli\u011fi<\/a><\/li>\n\t<li id=\"menu-item-1841\" class=\"menu-item menu-item-type-post_type menu-item-object-page menu-item-1841\"><a href=\"https:\/\/www.cwu.edu.tr\/tr\/elektrik-elektronik-muhendisligi\/\">Elektrik ve Elektronik M\u00fchendisli\u011fi<\/a><\/li>\n\t<li id=\"menu-item-3387\" class=\"menu-item menu-item-type-post_type menu-item-object-page menu-item-3387\"><a href=\"https:\/\/www.cwu.edu.tr\/tr\/bolum-ucretleri\/\">B\u00f6l\u00fcmler ve \u00dccretler<\/a><\/li>\n<\/ul>\n<\/li>\n<\/ul>\t\t\t\t\t\t\t<\/div>\n\t\t<\/div>\n<\/div><\/div>\n\n\n<style>.kadence-column2151_775197-e6 > .kt-inside-inner-col,.kadence-column2151_775197-e6 > .kt-inside-inner-col:before{border-top-left-radius:0px;border-top-right-radius:0px;border-bottom-right-radius:0px;border-bottom-left-radius:0px;}.kadence-column2151_775197-e6 > .kt-inside-inner-col{column-gap:var(--global-kb-gap-sm, 1rem);}.kadence-column2151_775197-e6 > .kt-inside-inner-col{flex-direction:column;}.kadence-column2151_775197-e6 > .kt-inside-inner-col > .aligncenter{width:100%;}.kadence-column2151_775197-e6 > .kt-inside-inner-col:before{opacity:0.3;}.kadence-column2151_775197-e6{position:relative;}@media all and (max-width: 1024px){.kadence-column2151_775197-e6 > .kt-inside-inner-col{flex-direction:column;justify-content:center;}}@media all and (max-width: 767px){.kadence-column2151_775197-e6 > .kt-inside-inner-col{flex-direction:column;justify-content:center;}}<\/style>\n<div class=\"wp-block-kadence-column kadence-column2151_775197-e6\"><div class=\"kt-inside-inner-col\"><style>.wp-block-kadence-advancedheading.kt-adv-heading2151_81d4e2-95, .wp-block-kadence-advancedheading.kt-adv-heading2151_81d4e2-95[data-kb-block=\"kb-adv-heading2151_81d4e2-95\"]{font-style:normal;}.wp-block-kadence-advancedheading.kt-adv-heading2151_81d4e2-95 mark.kt-highlight, .wp-block-kadence-advancedheading.kt-adv-heading2151_81d4e2-95[data-kb-block=\"kb-adv-heading2151_81d4e2-95\"] mark.kt-highlight{font-style:normal;color:#f76a0c;-webkit-box-decoration-break:clone;box-decoration-break:clone;padding-top:0px;padding-right:0px;padding-bottom:0px;padding-left:0px;}<\/style>\n<h2 class=\"kt-adv-heading2151_81d4e2-95 wp-block-kadence-advancedheading\" data-kb-block=\"kb-adv-heading2151_81d4e2-95\">De\u011ferlerimiz ve Hedeflerimiz<\/h2>\n\n\n\n<p><strong>De\u011ferlerimiz<\/strong><\/p>\n\n\n\n<p>1) Bilimsel ve Akademik M\u00fckemmeliyet: Bilimsel ara\u015ft\u0131rma ve akademik \u00e7al\u0131\u015fmalarda en y\u00fcksek standartlar\u0131 hedefleriz. Yenilik\u00e7i d\u00fc\u015f\u00fcnce ve titizlikle y\u00fcr\u00fct\u00fclen \u00e7al\u0131\u015fmalar, bilgiye olan ba\u011fl\u0131l\u0131\u011f\u0131m\u0131z\u0131 ve kaliteyi yans\u0131t\u0131r.<br>2) S\u00fcrd\u00fcr\u00fclebilirlik ve \u00c7evre Duyarl\u0131l\u0131\u011f\u0131: S\u00fcrd\u00fcr\u00fclebilir kalk\u0131nma ilkelerini benimseriz. \u00c7evreye olan sorumlulu\u011fumuz do\u011frultusunda, projelerimizde ve e\u011fitimimizde ekolojik dengeyi g\u00f6zetiriz.<br>3) Etik ve Sosyal Sorumluluk: Her alanda etik de\u011ferlere ve toplumsal sorumluluk bilincine sahip bir yakla\u015f\u0131m\u0131 destekleriz. Adil ve d\u00fcr\u00fcst davran\u0131\u015flar, t\u00fcm faaliyetlerimizin temelini olu\u015fturur.<br>4) Yenilik\u00e7ilik ve Yarat\u0131c\u0131l\u0131k: Yenilik\u00e7i \u00e7\u00f6z\u00fcmler geli\u015ftirmek ve yarat\u0131c\u0131 d\u00fc\u015f\u00fcnme yetisini te\u015fvik etmek, e\u011fitim ve ara\u015ft\u0131rma faaliyetlerimizin merkezindedir. Teknolojideki en son geli\u015fmeleri takip eder ve uygulamalar\u0131m\u0131za entegre ederiz.<br>5) Disiplinler Aras\u0131 \u0130\u015fbirli\u011fi: Farkl\u0131 disiplinlerden gelen bilgilerin birle\u015fimiyle g\u00fc\u00e7l\u00fc ve etkili sonu\u00e7lar elde ederiz. \u0130\u015fbirli\u011fi ve tak\u0131m \u00e7al\u0131\u015fmas\u0131na olan inanc\u0131m\u0131z, projelerimizin ba\u015far\u0131s\u0131n\u0131 art\u0131r\u0131r.<br>6) \u00d6\u011frenci Odakl\u0131l\u0131k: \u00d6\u011frencilerimizin akademik ve ki\u015fisel geli\u015fimini destekleriz. Bireysel yetenekleri te\u015fvik eden, ilgi alanlar\u0131n\u0131 geni\u015fleten ve profesyonel becerileri art\u0131ran bir e\u011fitim sunar\u0131z.<br>7) Toplumla Entegrasyon: Toplumun ihtiya\u00e7lar\u0131n\u0131 anlamak ve bu ihtiya\u00e7lara y\u00f6nelik \u00e7\u00f6z\u00fcmler sunmak \u00f6nceli\u011fimizdir. Toplumsal katk\u0131 sa\u011flayan projeler geli\u015ftirir ve toplumla g\u00fc\u00e7l\u00fc bir ba\u011f kurar\u0131z.<\/p>\n\n\n\n<p><strong>Hedeflerimiz<\/strong><\/p>\n\n\n\n<p>1) Global E\u011fitim Kalitesi: Uluslararas\u0131 standartlarda e\u011fitim sunarak, mezunlar\u0131m\u0131z\u0131n d\u00fcnya \u00e7ap\u0131nda rekabet edebilir yetkinliklere sahip olmas\u0131n\u0131 sa\u011flamak.<br>2) Ara\u015ft\u0131rma ve \u0130novasyon: Bilimsel ara\u015ft\u0131rma ve teknoloji geli\u015ftirme alan\u0131nda \u00f6nc\u00fc projelere imza atmak ve sekt\u00f6rdeki yenilik\u00e7i uygulamalar\u0131 desteklemek.<br>3) Sekt\u00f6rle \u0130\u015fbirlikleri: Sanayi ve i\u015f d\u00fcnyas\u0131 ile g\u00fc\u00e7l\u00fc i\u015fbirlikleri kurarak, ger\u00e7ek d\u00fcnya problemlerine etkili \u00e7\u00f6z\u00fcmler geli\u015ftirmek ve uygulamal\u0131 e\u011fitim olanaklar\u0131 sunmak.<br>4) S\u00fcrd\u00fcr\u00fclebilir Projeler: \u00c7evresel s\u00fcrd\u00fcr\u00fclebilirli\u011fi te\u015fvik eden ve toplumsal yarar sa\u011flayan projeler geli\u015ftirerek, \u00e7evre ve toplum dostu uygulamalar\u0131 desteklemek.<br>5) Kariyer Geli\u015fimi ve Mentorluk: \u00d6\u011frencilerimize ve mezunlar\u0131m\u0131za kariyer geli\u015fimi konusunda destek olmak, mentorluk hizmetleri sunmak ve i\u015f hayat\u0131na ge\u00e7i\u015f s\u00fcre\u00e7lerini kolayla\u015ft\u0131rmak.<br>6) Uluslararas\u0131 \u0130\u015fbirlikleri: Uluslararas\u0131 \u00fcniversiteler ve ara\u015ft\u0131rma kurumlar\u0131 ile i\u015fbirlikleri kurarak, global bilgi payla\u015f\u0131m\u0131n\u0131 te\u015fvik etmek ve akademik ortakl\u0131klar geli\u015ftirmek.<br>7) Sosyal ve K\u00fclt\u00fcrel Katk\u0131: Toplumsal ve k\u00fclt\u00fcrel etkinlikler d\u00fczenleyerek, \u00f6\u011frencilerimizin sosyal sorumluluk bilincini art\u0131rmak ve topluma katk\u0131da bulunmak.<\/p>\n<\/div><\/div>\n\n<\/div><\/div>","protected":false},"excerpt":{"rendered":"<p>De\u011ferlerimiz ve Hedeflerimiz De\u011ferlerimiz 1) Bilimsel ve Akademik M\u00fckemmeliyet: Bilimsel ara\u015ft\u0131rma ve akademik \u00e7al\u0131\u015fmalarda en y\u00fcksek standartlar\u0131 hedefleriz. Yenilik\u00e7i d\u00fc\u015f\u00fcnce ve titizlikle y\u00fcr\u00fct\u00fclen \u00e7al\u0131\u015fmalar, bilgiye olan ba\u011fl\u0131l\u0131\u011f\u0131m\u0131z\u0131 ve kaliteyi yans\u0131t\u0131r.2) S\u00fcrd\u00fcr\u00fclebilirlik ve \u00c7evre Duyarl\u0131l\u0131\u011f\u0131: S\u00fcrd\u00fcr\u00fclebilir kalk\u0131nma ilkelerini benimseriz. \u00c7evreye olan sorumlulu\u011fumuz do\u011frultusunda, projelerimizde ve e\u011fitimimizde ekolojik dengeyi g\u00f6zetiriz.3) Etik ve Sosyal Sorumluluk: Her alanda etik&#8230;<\/p>\n","protected":false},"author":1,"featured_media":5265,"parent":0,"menu_order":0,"comment_status":"closed","ping_status":"closed","template":"","meta":{"_coblocks_attr":"","_coblocks_dimensions":"","_coblocks_responsive_height":"","_coblocks_accordion_ie_support":"","_kad_post_transparent":"","_kad_post_title":"","_kad_post_layout":"normal","_kad_post_sidebar_id":"","_kad_post_content_style":"unboxed","_kad_post_vertical_padding":"","_kad_post_feature":"","_kad_post_feature_position":"","_kad_post_header":false,"_kad_post_footer":false,"footnotes":""},"class_list":["post-2151","page","type-page","status-publish","has-post-thumbnail","hentry"],"_links":{"self":[{"href":"https:\/\/www.cwu.edu.tr\/tr\/wp-json\/wp\/v2\/pages\/2151","targetHints":{"allow":["GET"]}}],"collection":[{"href":"https:\/\/www.cwu.edu.tr\/tr\/wp-json\/wp\/v2\/pages"}],"about":[{"href":"https:\/\/www.cwu.edu.tr\/tr\/wp-json\/wp\/v2\/types\/page"}],"author":[{"embeddable":true,"href":"https:\/\/www.cwu.edu.tr\/tr\/wp-json\/wp\/v2\/users\/1"}],"replies":[{"embeddable":true,"href":"https:\/\/www.cwu.edu.tr\/tr\/wp-json\/wp\/v2\/comments?post=2151"}],"version-history":[{"count":7,"href":"https:\/\/www.cwu.edu.tr\/tr\/wp-json\/wp\/v2\/pages\/2151\/revisions"}],"predecessor-version":[{"id":5380,"href":"https:\/\/www.cwu.edu.tr\/tr\/wp-json\/wp\/v2\/pages\/2151\/revisions\/5380"}],"wp:featuredmedia":[{"embeddable":true,"href":"https:\/\/www.cwu.edu.tr\/tr\/wp-json\/wp\/v2\/media\/5265"}],"wp:attachment":[{"href":"https:\/\/www.cwu.edu.tr\/tr\/wp-json\/wp\/v2\/media?parent=2151"}],"curies":[{"name":"wp","href":"https:\/\/api.w.org\/{rel}","templated":true}]}}