{"id":2153,"date":"2024-09-10T13:17:08","date_gmt":"2024-09-10T13:17:08","guid":{"rendered":"https:\/\/www.cwu.edu.tr\/tr\/?page_id=2153"},"modified":"2025-10-24T13:27:39","modified_gmt":"2025-10-24T13:27:39","slug":"muhendislik-ve-mimarlik-fakultesi-dekanin-mesaji","status":"publish","type":"page","link":"https:\/\/www.cwu.edu.tr\/tr\/muhendislik-ve-mimarlik-fakultesi-dekanin-mesaji\/","title":{"rendered":"M\u00fchendislik ve Mimarl\u0131k Fak\u00fcltesi"},"content":{"rendered":"<style>.kb-row-layout-id2153_464137-61 > .kt-row-column-wrap{align-content:start;}:where(.kb-row-layout-id2153_464137-61 > .kt-row-column-wrap) > .wp-block-kadence-column{justify-content:start;}.kb-row-layout-id2153_464137-61 > .kt-row-column-wrap{column-gap:var(--global-kb-gap-md, 2rem);row-gap:var(--global-kb-gap-md, 2rem);padding-top:var(--global-kb-spacing-sm, 1.5rem);padding-bottom:var(--global-kb-spacing-sm, 1.5rem);grid-template-columns:minmax(0, calc(25% - ((var(--global-kb-gap-md, 2rem) * 1 )\/2)))minmax(0, calc(75% - ((var(--global-kb-gap-md, 2rem) * 1 )\/2)));}.kb-row-layout-id2153_464137-61 > .kt-row-layout-overlay{opacity:0.30;}@media all and (max-width: 1024px){.kb-row-layout-id2153_464137-61 > .kt-row-column-wrap{grid-template-columns:minmax(0, 1fr) minmax(0, 2fr);}}@media all and (max-width: 767px){.kb-row-layout-id2153_464137-61 > .kt-row-column-wrap{grid-template-columns:minmax(0, 1fr);}}<\/style><div class=\"kb-row-layout-wrap kb-row-layout-id2153_464137-61 alignnone wp-block-kadence-rowlayout\"><div class=\"kt-row-column-wrap kt-has-2-columns kt-row-layout-right-golden kt-tab-layout-inherit kt-mobile-layout-row kt-row-valign-top\">\n<style>.kadence-column2153_937422-33 > .kt-inside-inner-col,.kadence-column2153_937422-33 > .kt-inside-inner-col:before{border-top-left-radius:0px;border-top-right-radius:0px;border-bottom-right-radius:0px;border-bottom-left-radius:0px;}.kadence-column2153_937422-33 > .kt-inside-inner-col{column-gap:var(--global-kb-gap-sm, 1rem);}.kadence-column2153_937422-33 > .kt-inside-inner-col{flex-direction:column;}.kadence-column2153_937422-33 > .kt-inside-inner-col > .aligncenter{width:100%;}.kadence-column2153_937422-33 > .kt-inside-inner-col:before{opacity:0.3;}.kadence-column2153_937422-33{position:relative;}@media all and (max-width: 1024px){.kadence-column2153_937422-33 > .kt-inside-inner-col{flex-direction:column;justify-content:center;}}@media all and (max-width: 767px){.kadence-column2153_937422-33 > .kt-inside-inner-col{flex-direction:column;justify-content:center;}}<\/style>\n<div class=\"wp-block-kadence-column kadence-column2153_937422-33\"><div class=\"kt-inside-inner-col\">\n<div class=\"wp-block-wpb-accordion-menu-or-category-pro-wpb-wmca-shortcode-selector\">\t\t\t<div class=\"wpb_category_n_menu_accordion wpb_accordion_free_version wpb_wmca_accordion_wrapper_theme_transparent wpb_the_menu_accordion\" data-shortcode_id=\"1842\" data-accordion=\"true\" data-indicator_icon=\"+\">\n\t\t\t\t\t\t\t\t<ul id=\"menu-muhendislik-ve-mimarlik-fakultesi\" class=\"wpb_category_n_menu_accordion_list\"><li id=\"menu-item-2146\" class=\"menu-item menu-item-type-post_type menu-item-object-page menu-item-2146\"><a href=\"https:\/\/www.cwu.edu.tr\/tr\/muhendislik-ve-mimarlik-fakultesi\/\">M\u00fchendislik ve Mimarl\u0131k Fak\u00fcltesi<\/a><\/li>\n<li id=\"menu-item-1829\" class=\"menu-item menu-item-type-custom menu-item-object-custom menu-item-has-children menu-item-1829\"><a href=\"#\">M\u00fchendislik ve Mimarl\u0131k Fak\u00fcltesi Hakk\u0131nda<\/a>\n<ul class=\"sub-menu\">\n\t<li id=\"menu-item-1833\" class=\"menu-item menu-item-type-custom menu-item-object-custom menu-item-1833\"><a href=\"https:\/\/www.cwu.edu.tr\/tr\/muhendislik-ve-mimarlik-fakultesi-misyon-ve-vizyon\/\">Misyon ve Vizyon<\/a><\/li>\n\t<li id=\"menu-item-1836\" class=\"menu-item menu-item-type-custom menu-item-object-custom menu-item-1836\"><a href=\"https:\/\/www.cwu.edu.tr\/tr\/muhendislik-ve-mimarlik-fakultesi-degerlerimiz-ve-hedeflerimiz\/\">De\u011ferlerimiz ve Hedeflerimiz<\/a><\/li>\n\t<li id=\"menu-item-1834\" class=\"menu-item menu-item-type-custom menu-item-object-custom menu-item-1834\"><a href=\"https:\/\/www.cwu.edu.tr\/tr\/muhendislik-ve-mimarlik-fakultesi-dekanin-mesaji\/\">Dekan\u0131n Mesaj\u0131<\/a><\/li>\n\t<li id=\"menu-item-1835\" class=\"menu-item menu-item-type-custom menu-item-object-custom menu-item-1835\"><a href=\"https:\/\/www.cwu.edu.tr\/tr\/muhendislik-ve-mimarlik-fakultesi-dekanin-yardimcisi\/\">Dekan\u0131n Yard\u0131mc\u0131s\u0131<\/a><\/li>\n<\/ul>\n<\/li>\n<li id=\"menu-item-1830\" class=\"menu-item menu-item-type-custom menu-item-object-custom menu-item-has-children menu-item-1830\"><a href=\"#\">Fak\u00fclte Y\u00f6netimi<\/a>\n<ul class=\"sub-menu\">\n\t<li id=\"menu-item-1837\" class=\"menu-item menu-item-type-custom menu-item-object-custom menu-item-1837\"><a href=\"https:\/\/www.cwu.edu.tr\/tr\/muhendislik-ve-mimarlik-fakultesi-fakulte-kurulu\/\">Fak\u00fclte Kurulu<\/a><\/li>\n\t<li id=\"menu-item-1838\" class=\"menu-item menu-item-type-custom menu-item-object-custom menu-item-1838\"><a href=\"https:\/\/www.cwu.edu.tr\/tr\/muhendislik-ve-mimarlik-fakultesi-fakulte-yonetim-kurulu\/\">Fak\u00fclte Y\u00f6netim Kurulu<\/a><\/li>\n\t<li id=\"menu-item-2175\" class=\"menu-item menu-item-type-custom menu-item-object-custom menu-item-2175\"><a href=\"https:\/\/www.cwu.edu.tr\/tr\/muhendislik-ve-mimarlik-fakultesi-senato-temsilcisi\/\">Senato Temsilcisi<\/a><\/li>\n<\/ul>\n<\/li>\n<li id=\"menu-item-1831\" class=\"menu-item menu-item-type-custom menu-item-object-custom menu-item-has-children menu-item-1831\"><a href=\"#\">Akademik Programlar\u0131m\u0131z<\/a>\n<ul class=\"sub-menu\">\n\t<li id=\"menu-item-1839\" class=\"menu-item menu-item-type-post_type menu-item-object-page menu-item-1839\"><a href=\"https:\/\/www.cwu.edu.tr\/tr\/bilgisayar-muhendisligi\/\">Bilgisayar M\u00fchendisli\u011fi<\/a><\/li>\n\t<li id=\"menu-item-1840\" class=\"menu-item menu-item-type-post_type menu-item-object-page menu-item-1840\"><a href=\"https:\/\/www.cwu.edu.tr\/tr\/bilisim-sistemleri-muhendisligi\/\">Bili\u015fim Sistemleri M\u00fchendisli\u011fi<\/a><\/li>\n\t<li id=\"menu-item-1841\" class=\"menu-item menu-item-type-post_type menu-item-object-page menu-item-1841\"><a href=\"https:\/\/www.cwu.edu.tr\/tr\/elektrik-elektronik-muhendisligi\/\">Elektrik ve Elektronik M\u00fchendisli\u011fi<\/a><\/li>\n\t<li id=\"menu-item-3387\" class=\"menu-item menu-item-type-post_type menu-item-object-page menu-item-3387\"><a href=\"https:\/\/www.cwu.edu.tr\/tr\/bolum-ucretleri\/\">B\u00f6l\u00fcmler ve \u00dccretler<\/a><\/li>\n<\/ul>\n<\/li>\n<\/ul>\t\t\t\t\t\t\t<\/div>\n\t\t<\/div>\n<\/div><\/div>\n\n\n<style>.kadence-column2153_cf32b9-47 > .kt-inside-inner-col,.kadence-column2153_cf32b9-47 > .kt-inside-inner-col:before{border-top-left-radius:0px;border-top-right-radius:0px;border-bottom-right-radius:0px;border-bottom-left-radius:0px;}.kadence-column2153_cf32b9-47 > .kt-inside-inner-col{column-gap:var(--global-kb-gap-sm, 1rem);}.kadence-column2153_cf32b9-47 > .kt-inside-inner-col{flex-direction:column;}.kadence-column2153_cf32b9-47 > .kt-inside-inner-col > .aligncenter{width:100%;}.kadence-column2153_cf32b9-47 > .kt-inside-inner-col:before{opacity:0.3;}.kadence-column2153_cf32b9-47{position:relative;}@media all and (max-width: 1024px){.kadence-column2153_cf32b9-47 > .kt-inside-inner-col{flex-direction:column;justify-content:center;}}@media all and (max-width: 767px){.kadence-column2153_cf32b9-47 > .kt-inside-inner-col{flex-direction:column;justify-content:center;}}<\/style>\n<div class=\"wp-block-kadence-column kadence-column2153_cf32b9-47\"><div class=\"kt-inside-inner-col\"><style>.wp-block-kadence-advancedheading.kt-adv-heading2153_823ab5-b8, .wp-block-kadence-advancedheading.kt-adv-heading2153_823ab5-b8[data-kb-block=\"kb-adv-heading2153_823ab5-b8\"]{font-style:normal;}.wp-block-kadence-advancedheading.kt-adv-heading2153_823ab5-b8 mark.kt-highlight, .wp-block-kadence-advancedheading.kt-adv-heading2153_823ab5-b8[data-kb-block=\"kb-adv-heading2153_823ab5-b8\"] mark.kt-highlight{font-style:normal;color:#f76a0c;-webkit-box-decoration-break:clone;box-decoration-break:clone;padding-top:0px;padding-right:0px;padding-bottom:0px;padding-left:0px;}<\/style>\n<h2 class=\"kt-adv-heading2153_823ab5-b8 wp-block-kadence-advancedheading\" data-kb-block=\"kb-adv-heading2153_823ab5-b8\">Dekan\u0131n Mesaj\u0131<\/h2>\n\n\n\n<p>De\u011ferli \u00d6\u011frencilerimiz, Akademisyenlerimiz ve Misafirlerimiz,<\/p>\n\n\n\n<p>M\u00fchendislik ve Mimarl\u0131k Fak\u00fcltemize ho\u015f geldiniz!<\/p>\n\n\n\n<p>Fak\u00fcltemiz, m\u00fchendislik ve mimarl\u0131k alanlar\u0131nda en y\u00fcksek akademik standartlar\u0131 hedefleyen, yenilik\u00e7i ve s\u00fcrd\u00fcr\u00fclebilir bir e\u011fitim anlay\u0131\u015f\u0131na sahiptir. Misyonumuz, \u00f6\u011frencilerimizi sadece teknik bilgiyle de\u011fil, ayn\u0131 zamanda yarat\u0131c\u0131 d\u00fc\u015f\u00fcnme, problem \u00e7\u00f6zme ve liderlik yetenekleriyle donatmakt\u0131r. Her bir \u00f6\u011frencimizin potansiyelini en \u00fcst d\u00fczeye \u00e7\u0131karmak i\u00e7in titizlikle \u00e7al\u0131\u015f\u0131yoruz.<\/p>\n\n\n\n<p>Vizyonumuz, k\u00fcresel \u00f6l\u00e7ekte tan\u0131nan ve sayg\u0131 g\u00f6ren bir e\u011fitim ve ara\u015ft\u0131rma merkezi olmakt\u0131r. Bilimin ve teknolojinin h\u0131zla geli\u015fti\u011fi bu \u00e7a\u011fda, sekt\u00f6rdeki en son yenilikleri takip ederek ve uluslararas\u0131 i\u015fbirlikleri kurarak, hem akademik hem de profesyonel d\u00fcnyada \u00f6nc\u00fc olmay\u0131 ama\u00e7l\u0131yoruz. Fak\u00fcltemiz, sadece akademik ba\u015far\u0131y\u0131 de\u011fil, ayn\u0131 zamanda toplumsal ve \u00e7evresel sorumlulu\u011fu da \u00f6n planda tutmaktad\u0131r.<\/p>\n\n\n\n<p>E\u011fitim ve ara\u015ft\u0131rma faaliyetlerimizde, disiplinler aras\u0131 i\u015fbirlikleri ve inovatif yakla\u015f\u0131mlar ile \u00f6\u011frencilerimizin ve ara\u015ft\u0131rmac\u0131lar\u0131m\u0131z\u0131n en iyi sonu\u00e7lar\u0131 elde etmelerini sa\u011fl\u0131yoruz. Ayr\u0131ca, sanayi ile g\u00fc\u00e7l\u00fc i\u015fbirlikleri kurarak, ger\u00e7ek d\u00fcnya problemlerine etkili \u00e7\u00f6z\u00fcmler sunmay\u0131 ve sekt\u00f6rdeki geli\u015fmelere \u00f6nc\u00fcl\u00fck etmeyi hedefliyoruz.<\/p>\n\n\n\n<p>Fak\u00fcltemiz, size sadece bilgi de\u011fil, ayn\u0131 zamanda ilham verecek bir \u00f6\u011frenme ortam\u0131 sunmaktad\u0131r. Burada ge\u00e7irdi\u011finiz s\u00fcre zarf\u0131nda hem akademik hem de ki\u015fisel anlamda b\u00fcy\u00fck bir geli\u015fim g\u00f6sterece\u011finize inan\u0131yoruz. \u00d6\u011frencilerimizin ve \u00f6\u011fretim \u00fcyelerimizin ba\u015far\u0131lar\u0131, bize gurur ve motivasyon kayna\u011f\u0131 olmaktad\u0131r.<\/p>\n\n\n\n<p>Sizleri, bilimsel merak\u0131n\u0131z\u0131 besleyen, yenilik\u00e7i projelere imza atan ve topluma katk\u0131da bulunan bireyler olarak yeti\u015ftirmek i\u00e7in buraday\u0131z. Fak\u00fcltemizde ge\u00e7irece\u011finiz zaman\u0131n, hem ki\u015fisel hem de profesyonel geli\u015fiminiz i\u00e7in verimli ve ilham verici olmas\u0131n\u0131 diliyorum.<\/p>\n\n\n<style>.wp-block-kadence-advancedheading.kt-adv-heading2153_597113-ef, .wp-block-kadence-advancedheading.kt-adv-heading2153_597113-ef[data-kb-block=\"kb-adv-heading2153_597113-ef\"]{text-align:right;font-style:normal;}.wp-block-kadence-advancedheading.kt-adv-heading2153_597113-ef mark.kt-highlight, .wp-block-kadence-advancedheading.kt-adv-heading2153_597113-ef[data-kb-block=\"kb-adv-heading2153_597113-ef\"] mark.kt-highlight{font-style:normal;color:#f76a0c;-webkit-box-decoration-break:clone;box-decoration-break:clone;padding-top:0px;padding-right:0px;padding-bottom:0px;padding-left:0px;}<\/style>\n<p class=\"kt-adv-heading2153_597113-ef wp-block-kadence-advancedheading\" data-kb-block=\"kb-adv-heading2153_597113-ef\"><strong>Prof. Dr. Zeka MAZHAR (Dekan)<\/strong><\/p>\n<\/div><\/div>\n\n<\/div><\/div>","protected":false},"excerpt":{"rendered":"<p>Dekan\u0131n Mesaj\u0131 De\u011ferli \u00d6\u011frencilerimiz, Akademisyenlerimiz ve Misafirlerimiz, M\u00fchendislik ve Mimarl\u0131k Fak\u00fcltemize ho\u015f geldiniz! Fak\u00fcltemiz, m\u00fchendislik ve mimarl\u0131k alanlar\u0131nda en y\u00fcksek akademik standartlar\u0131 hedefleyen, yenilik\u00e7i ve s\u00fcrd\u00fcr\u00fclebilir bir e\u011fitim anlay\u0131\u015f\u0131na sahiptir. Misyonumuz, \u00f6\u011frencilerimizi sadece teknik bilgiyle de\u011fil, ayn\u0131 zamanda yarat\u0131c\u0131 d\u00fc\u015f\u00fcnme, problem \u00e7\u00f6zme ve liderlik yetenekleriyle donatmakt\u0131r. Her bir \u00f6\u011frencimizin potansiyelini en \u00fcst d\u00fczeye \u00e7\u0131karmak i\u00e7in&#8230;<\/p>\n","protected":false},"author":1,"featured_media":5265,"parent":0,"menu_order":0,"comment_status":"closed","ping_status":"closed","template":"","meta":{"_coblocks_attr":"","_coblocks_dimensions":"","_coblocks_responsive_height":"","_coblocks_accordion_ie_support":"","_kad_post_transparent":"","_kad_post_title":"","_kad_post_layout":"normal","_kad_post_sidebar_id":"","_kad_post_content_style":"unboxed","_kad_post_vertical_padding":"","_kad_post_feature":"","_kad_post_feature_position":"","_kad_post_header":false,"_kad_post_footer":false,"footnotes":""},"class_list":["post-2153","page","type-page","status-publish","has-post-thumbnail","hentry"],"_links":{"self":[{"href":"https:\/\/www.cwu.edu.tr\/tr\/wp-json\/wp\/v2\/pages\/2153","targetHints":{"allow":["GET"]}}],"collection":[{"href":"https:\/\/www.cwu.edu.tr\/tr\/wp-json\/wp\/v2\/pages"}],"about":[{"href":"https:\/\/www.cwu.edu.tr\/tr\/wp-json\/wp\/v2\/types\/page"}],"author":[{"embeddable":true,"href":"https:\/\/www.cwu.edu.tr\/tr\/wp-json\/wp\/v2\/users\/1"}],"replies":[{"embeddable":true,"href":"https:\/\/www.cwu.edu.tr\/tr\/wp-json\/wp\/v2\/comments?post=2153"}],"version-history":[{"count":6,"href":"https:\/\/www.cwu.edu.tr\/tr\/wp-json\/wp\/v2\/pages\/2153\/revisions"}],"predecessor-version":[{"id":5381,"href":"https:\/\/www.cwu.edu.tr\/tr\/wp-json\/wp\/v2\/pages\/2153\/revisions\/5381"}],"wp:featuredmedia":[{"embeddable":true,"href":"https:\/\/www.cwu.edu.tr\/tr\/wp-json\/wp\/v2\/media\/5265"}],"wp:attachment":[{"href":"https:\/\/www.cwu.edu.tr\/tr\/wp-json\/wp\/v2\/media?parent=2153"}],"curies":[{"name":"wp","href":"https:\/\/api.w.org\/{rel}","templated":true}]}}