{"id":2301,"date":"2024-09-12T06:45:36","date_gmt":"2024-09-12T06:45:36","guid":{"rendered":"https:\/\/www.cwu.edu.tr\/tr\/?page_id=2301"},"modified":"2026-02-02T14:35:30","modified_gmt":"2026-02-02T14:35:30","slug":"muhendislik-ve-mimarlik-fakultesi-senato-temsilcisi","status":"publish","type":"page","link":"https:\/\/www.cwu.edu.tr\/tr\/muhendislik-ve-mimarlik-fakultesi-senato-temsilcisi\/","title":{"rendered":"M\u00fchendislik ve Mimarl\u0131k Fak\u00fcltesi"},"content":{"rendered":"<style>.kb-row-layout-id2301_704411-9c > .kt-row-column-wrap{align-content:start;}:where(.kb-row-layout-id2301_704411-9c > .kt-row-column-wrap) > .wp-block-kadence-column{justify-content:start;}.kb-row-layout-id2301_704411-9c > .kt-row-column-wrap{column-gap:var(--global-kb-gap-md, 2rem);row-gap:var(--global-kb-gap-md, 2rem);padding-top:var(--global-kb-spacing-md, 2rem);padding-bottom:var(--global-kb-spacing-sm, 1.5rem);grid-template-columns:minmax(0, calc(25% - ((var(--global-kb-gap-md, 2rem) * 1 )\/2)))minmax(0, calc(75% - ((var(--global-kb-gap-md, 2rem) * 1 )\/2)));}.kb-row-layout-id2301_704411-9c > .kt-row-layout-overlay{opacity:0.30;}@media all and (max-width: 1024px){.kb-row-layout-id2301_704411-9c > .kt-row-column-wrap{grid-template-columns:minmax(0, 1fr) minmax(0, 2fr);}}@media all and (max-width: 767px){.kb-row-layout-id2301_704411-9c > .kt-row-column-wrap{grid-template-columns:minmax(0, 1fr);}}<\/style><div class=\"kb-row-layout-wrap kb-row-layout-id2301_704411-9c alignnone wp-block-kadence-rowlayout\"><div class=\"kt-row-column-wrap kt-has-2-columns kt-row-layout-right-golden kt-tab-layout-inherit kt-mobile-layout-row kt-row-valign-top\">\n<style>.kadence-column2301_24e698-88 > .kt-inside-inner-col,.kadence-column2301_24e698-88 > .kt-inside-inner-col:before{border-top-left-radius:0px;border-top-right-radius:0px;border-bottom-right-radius:0px;border-bottom-left-radius:0px;}.kadence-column2301_24e698-88 > .kt-inside-inner-col{column-gap:var(--global-kb-gap-sm, 1rem);}.kadence-column2301_24e698-88 > .kt-inside-inner-col{flex-direction:column;}.kadence-column2301_24e698-88 > .kt-inside-inner-col > .aligncenter{width:100%;}.kadence-column2301_24e698-88 > .kt-inside-inner-col:before{opacity:0.3;}.kadence-column2301_24e698-88{position:relative;}@media all and (max-width: 1024px){.kadence-column2301_24e698-88 > .kt-inside-inner-col{flex-direction:column;justify-content:center;}}@media all and (max-width: 767px){.kadence-column2301_24e698-88 > .kt-inside-inner-col{flex-direction:column;justify-content:center;}}<\/style>\n<div class=\"wp-block-kadence-column kadence-column2301_24e698-88\"><div class=\"kt-inside-inner-col\">\n<div class=\"wp-block-wpb-accordion-menu-or-category-pro-wpb-wmca-shortcode-selector\">\t\t\t<div class=\"wpb_category_n_menu_accordion wpb_accordion_free_version wpb_wmca_accordion_wrapper_theme_transparent wpb_the_menu_accordion\" data-shortcode_id=\"1842\" data-accordion=\"true\" data-indicator_icon=\"+\">\n\t\t\t\t\t\t\t\t<ul id=\"menu-muhendislik-ve-mimarlik-fakultesi\" class=\"wpb_category_n_menu_accordion_list\"><li id=\"menu-item-2146\" class=\"menu-item menu-item-type-post_type menu-item-object-page menu-item-2146\"><a href=\"https:\/\/www.cwu.edu.tr\/tr\/muhendislik-ve-mimarlik-fakultesi\/\">M\u00fchendislik ve Mimarl\u0131k Fak\u00fcltesi<\/a><\/li>\n<li id=\"menu-item-1829\" class=\"menu-item menu-item-type-custom menu-item-object-custom menu-item-has-children menu-item-1829\"><a href=\"#\">M\u00fchendislik ve Mimarl\u0131k Fak\u00fcltesi Hakk\u0131nda<\/a>\n<ul class=\"sub-menu\">\n\t<li id=\"menu-item-1833\" class=\"menu-item menu-item-type-custom menu-item-object-custom menu-item-1833\"><a href=\"https:\/\/www.cwu.edu.tr\/tr\/muhendislik-ve-mimarlik-fakultesi-misyon-ve-vizyon\/\">Misyon ve Vizyon<\/a><\/li>\n\t<li id=\"menu-item-1836\" class=\"menu-item menu-item-type-custom menu-item-object-custom menu-item-1836\"><a href=\"https:\/\/www.cwu.edu.tr\/tr\/muhendislik-ve-mimarlik-fakultesi-degerlerimiz-ve-hedeflerimiz\/\">De\u011ferlerimiz ve Hedeflerimiz<\/a><\/li>\n\t<li id=\"menu-item-1834\" class=\"menu-item menu-item-type-custom menu-item-object-custom menu-item-1834\"><a href=\"https:\/\/www.cwu.edu.tr\/tr\/muhendislik-ve-mimarlik-fakultesi-dekanin-mesaji\/\">Dekan\u0131n Mesaj\u0131<\/a><\/li>\n\t<li id=\"menu-item-1835\" class=\"menu-item menu-item-type-custom menu-item-object-custom menu-item-1835\"><a href=\"https:\/\/www.cwu.edu.tr\/tr\/muhendislik-ve-mimarlik-fakultesi-dekanin-yardimcisi\/\">Dekan\u0131n Yard\u0131mc\u0131s\u0131<\/a><\/li>\n<\/ul>\n<\/li>\n<li id=\"menu-item-1830\" class=\"menu-item menu-item-type-custom menu-item-object-custom menu-item-has-children menu-item-1830\"><a href=\"#\">Fak\u00fclte Y\u00f6netimi<\/a>\n<ul class=\"sub-menu\">\n\t<li id=\"menu-item-1837\" class=\"menu-item menu-item-type-custom menu-item-object-custom menu-item-1837\"><a href=\"https:\/\/www.cwu.edu.tr\/tr\/muhendislik-ve-mimarlik-fakultesi-fakulte-kurulu\/\">Fak\u00fclte Kurulu<\/a><\/li>\n\t<li id=\"menu-item-1838\" class=\"menu-item menu-item-type-custom menu-item-object-custom menu-item-1838\"><a href=\"https:\/\/www.cwu.edu.tr\/tr\/muhendislik-ve-mimarlik-fakultesi-fakulte-yonetim-kurulu\/\">Fak\u00fclte Y\u00f6netim Kurulu<\/a><\/li>\n\t<li id=\"menu-item-2175\" class=\"menu-item menu-item-type-custom menu-item-object-custom menu-item-2175\"><a href=\"https:\/\/www.cwu.edu.tr\/tr\/muhendislik-ve-mimarlik-fakultesi-senato-temsilcisi\/\">Senato Temsilcisi<\/a><\/li>\n<\/ul>\n<\/li>\n<li id=\"menu-item-1831\" class=\"menu-item menu-item-type-custom menu-item-object-custom menu-item-has-children menu-item-1831\"><a href=\"#\">Akademik Programlar\u0131m\u0131z<\/a>\n<ul class=\"sub-menu\">\n\t<li id=\"menu-item-1839\" class=\"menu-item menu-item-type-post_type menu-item-object-page menu-item-1839\"><a href=\"https:\/\/www.cwu.edu.tr\/tr\/bilgisayar-muhendisligi\/\">Bilgisayar M\u00fchendisli\u011fi<\/a><\/li>\n\t<li id=\"menu-item-1840\" class=\"menu-item menu-item-type-post_type menu-item-object-page menu-item-1840\"><a href=\"https:\/\/www.cwu.edu.tr\/tr\/bilisim-sistemleri-muhendisligi\/\">Bili\u015fim Sistemleri M\u00fchendisli\u011fi<\/a><\/li>\n\t<li id=\"menu-item-1841\" class=\"menu-item menu-item-type-post_type menu-item-object-page menu-item-1841\"><a href=\"https:\/\/www.cwu.edu.tr\/tr\/elektrik-elektronik-muhendisligi\/\">Elektrik ve Elektronik M\u00fchendisli\u011fi<\/a><\/li>\n\t<li id=\"menu-item-3387\" class=\"menu-item menu-item-type-post_type menu-item-object-page menu-item-3387\"><a href=\"https:\/\/www.cwu.edu.tr\/tr\/bolum-ucretleri\/\">B\u00f6l\u00fcmler ve \u00dccretler<\/a><\/li>\n<\/ul>\n<\/li>\n<\/ul>\t\t\t\t\t\t\t<\/div>\n\t\t<\/div>\n<\/div><\/div>\n\n\n<style>.kadence-column2301_c864ce-83 > .kt-inside-inner-col,.kadence-column2301_c864ce-83 > .kt-inside-inner-col:before{border-top-left-radius:0px;border-top-right-radius:0px;border-bottom-right-radius:0px;border-bottom-left-radius:0px;}.kadence-column2301_c864ce-83 > .kt-inside-inner-col{column-gap:var(--global-kb-gap-sm, 1rem);}.kadence-column2301_c864ce-83 > .kt-inside-inner-col{flex-direction:column;}.kadence-column2301_c864ce-83 > .kt-inside-inner-col > .aligncenter{width:100%;}.kadence-column2301_c864ce-83 > .kt-inside-inner-col:before{opacity:0.3;}.kadence-column2301_c864ce-83{position:relative;}@media all and (max-width: 1024px){.kadence-column2301_c864ce-83 > .kt-inside-inner-col{flex-direction:column;justify-content:center;}}@media all and (max-width: 767px){.kadence-column2301_c864ce-83 > .kt-inside-inner-col{flex-direction:column;justify-content:center;}}<\/style>\n<div class=\"wp-block-kadence-column kadence-column2301_c864ce-83\"><div class=\"kt-inside-inner-col\"><style>.wp-block-kadence-advancedheading.kt-adv-heading2301_732383-d4, .wp-block-kadence-advancedheading.kt-adv-heading2301_732383-d4[data-kb-block=\"kb-adv-heading2301_732383-d4\"]{font-style:normal;}.wp-block-kadence-advancedheading.kt-adv-heading2301_732383-d4 mark.kt-highlight, .wp-block-kadence-advancedheading.kt-adv-heading2301_732383-d4[data-kb-block=\"kb-adv-heading2301_732383-d4\"] mark.kt-highlight{font-style:normal;color:#f76a0c;-webkit-box-decoration-break:clone;box-decoration-break:clone;padding-top:0px;padding-right:0px;padding-bottom:0px;padding-left:0px;}<\/style>\n<h2 class=\"kt-adv-heading2301_732383-d4 wp-block-kadence-advancedheading\" data-kb-block=\"kb-adv-heading2301_732383-d4\">Fak\u00fclte Senato Temsilcisi<\/h2>\n\n\n<style>.kb-row-layout-id2301_c2b08c-64 > .kt-row-column-wrap{align-content:start;}:where(.kb-row-layout-id2301_c2b08c-64 > .kt-row-column-wrap) > .wp-block-kadence-column{justify-content:start;}.kb-row-layout-id2301_c2b08c-64 > .kt-row-column-wrap{column-gap:var(--global-kb-gap-md, 2rem);row-gap:var(--global-kb-gap-md, 2rem);max-width:var( --global-content-width, 1440px );padding-left:var(--global-content-edge-padding);padding-right:var(--global-content-edge-padding);padding-top:24px;padding-right:0px;padding-bottom:0px;padding-left:0px;}.kb-row-layout-id2301_c2b08c-64 > .kt-row-column-wrap > div:not(.added-for-specificity){grid-column:initial;}.kb-row-layout-id2301_c2b08c-64 > .kt-row-column-wrap{grid-template-columns:repeat(3, minmax(0, 1fr));}.kb-row-layout-id2301_c2b08c-64 > .kt-row-layout-overlay{opacity:0.30;}@media all and (max-width: 1024px){.kb-row-layout-id2301_c2b08c-64 > .kt-row-column-wrap > div:not(.added-for-specificity){grid-column:initial;}}@media all and (max-width: 1024px){.kb-row-layout-id2301_c2b08c-64 > .kt-row-column-wrap{grid-template-columns:repeat(3, minmax(0, 1fr));}}@media all and (max-width: 767px){.kb-row-layout-id2301_c2b08c-64 > .kt-row-column-wrap > div:not(.added-for-specificity){grid-column:initial;}.kb-row-layout-id2301_c2b08c-64 > .kt-row-column-wrap{grid-template-columns:minmax(0, 1fr);}}<\/style><div class=\"kb-row-layout-wrap kb-row-layout-id2301_c2b08c-64 alignnone wp-block-kadence-rowlayout\"><div class=\"kt-row-column-wrap kt-has-3-columns kt-row-layout-equal kt-tab-layout-inherit kt-mobile-layout-row kt-row-valign-top kb-theme-content-width\">\n<style>.kadence-column2301_6f8f52-60 > .kt-inside-inner-col,.kadence-column2301_6f8f52-60 > .kt-inside-inner-col:before{border-top-left-radius:0px;border-top-right-radius:0px;border-bottom-right-radius:0px;border-bottom-left-radius:0px;}.kadence-column2301_6f8f52-60 > .kt-inside-inner-col{column-gap:var(--global-kb-gap-sm, 1rem);}.kadence-column2301_6f8f52-60 > .kt-inside-inner-col{flex-direction:column;}.kadence-column2301_6f8f52-60 > .kt-inside-inner-col > .aligncenter{width:100%;}.kadence-column2301_6f8f52-60 > .kt-inside-inner-col:before{opacity:0.3;}.kadence-column2301_6f8f52-60{position:relative;}@media all and (max-width: 1024px){.kadence-column2301_6f8f52-60 > .kt-inside-inner-col{flex-direction:column;justify-content:center;}}@media all and (max-width: 767px){.kadence-column2301_6f8f52-60 > .kt-inside-inner-col{flex-direction:column;justify-content:center;}}<\/style>\n<div class=\"wp-block-kadence-column kadence-column2301_6f8f52-60\"><div class=\"kt-inside-inner-col\"><style>.kadence-column2301_c5aab3-96 > .kt-inside-inner-col,.kadence-column2301_c5aab3-96 > .kt-inside-inner-col:before{border-top-left-radius:0px;border-top-right-radius:0px;border-bottom-right-radius:0px;border-bottom-left-radius:0px;}.kadence-column2301_c5aab3-96 > .kt-inside-inner-col{column-gap:var(--global-kb-gap-sm, 1rem);}.kadence-column2301_c5aab3-96 > .kt-inside-inner-col{flex-direction:column;}.kadence-column2301_c5aab3-96 > .kt-inside-inner-col > .aligncenter{width:100%;}.kadence-column2301_c5aab3-96 > .kt-inside-inner-col:before{opacity:0.3;}.kadence-column2301_c5aab3-96{position:relative;}@media all and (max-width: 1024px){.kadence-column2301_c5aab3-96 > .kt-inside-inner-col{flex-direction:column;justify-content:center;}}@media all and (max-width: 767px){.kadence-column2301_c5aab3-96 > .kt-inside-inner-col{flex-direction:column;justify-content:center;}}<\/style>\n<div class=\"wp-block-kadence-column kadence-column2301_c5aab3-96\"><div class=\"kt-inside-inner-col\"><div class=\"wp-block-image\">\n<figure class=\"aligncenter size-full is-resized\"><img loading=\"lazy\" decoding=\"async\" width=\"600\" height=\"600\" src=\"https:\/\/www.cwu.edu.tr\/tr\/wp-content\/uploads\/2024\/10\/Yrd.-Doc.-Dr.-Gbenga-Olayinka-OJO.jpeg\" alt=\"Yrd. Do\u00e7. Dr. Gbenga Olayinka OJO\" class=\"wp-image-3909\" style=\"width:220px\" srcset=\"https:\/\/www.cwu.edu.tr\/tr\/wp-content\/uploads\/2024\/10\/Yrd.-Doc.-Dr.-Gbenga-Olayinka-OJO.jpeg 600w, https:\/\/www.cwu.edu.tr\/tr\/wp-content\/uploads\/2024\/10\/Yrd.-Doc.-Dr.-Gbenga-Olayinka-OJO-300x300.jpeg 300w, https:\/\/www.cwu.edu.tr\/tr\/wp-content\/uploads\/2024\/10\/Yrd.-Doc.-Dr.-Gbenga-Olayinka-OJO-150x150.jpeg 150w\" sizes=\"auto, (max-width: 600px) 100vw, 600px\" \/><\/figure><\/div>\n\n\n<h6 class=\"wp-block-heading has-text-align-center\" style=\"font-size:16px\">Yrd. Do\u00e7. Dr. Gbenga Olayinka OJO<\/h6>\n<\/div><\/div>\n<\/div><\/div>\n\n\n<style>.kadence-column2301_144c37-d4 > .kt-inside-inner-col,.kadence-column2301_144c37-d4 > .kt-inside-inner-col:before{border-top-left-radius:0px;border-top-right-radius:0px;border-bottom-right-radius:0px;border-bottom-left-radius:0px;}.kadence-column2301_144c37-d4 > .kt-inside-inner-col{column-gap:var(--global-kb-gap-sm, 1rem);}.kadence-column2301_144c37-d4 > .kt-inside-inner-col{flex-direction:column;}.kadence-column2301_144c37-d4 > .kt-inside-inner-col > .aligncenter{width:100%;}.kadence-column2301_144c37-d4 > .kt-inside-inner-col:before{opacity:0.3;}.kadence-column2301_144c37-d4{position:relative;}@media all and (max-width: 1024px){.kadence-column2301_144c37-d4 > .kt-inside-inner-col{flex-direction:column;justify-content:center;}}@media all and (max-width: 767px){.kadence-column2301_144c37-d4 > .kt-inside-inner-col{flex-direction:column;justify-content:center;}}<\/style>\n<div class=\"wp-block-kadence-column kadence-column2301_144c37-d4\"><div class=\"kt-inside-inner-col\"><\/div><\/div>\n\n\n<style>.kadence-column2301_c68412-84 > .kt-inside-inner-col,.kadence-column2301_c68412-84 > .kt-inside-inner-col:before{border-top-left-radius:0px;border-top-right-radius:0px;border-bottom-right-radius:0px;border-bottom-left-radius:0px;}.kadence-column2301_c68412-84 > .kt-inside-inner-col{column-gap:var(--global-kb-gap-sm, 1rem);}.kadence-column2301_c68412-84 > .kt-inside-inner-col{flex-direction:column;}.kadence-column2301_c68412-84 > .kt-inside-inner-col > .aligncenter{width:100%;}.kadence-column2301_c68412-84 > .kt-inside-inner-col:before{opacity:0.3;}.kadence-column2301_c68412-84{position:relative;}@media all and (max-width: 1024px){.kadence-column2301_c68412-84 > .kt-inside-inner-col{flex-direction:column;justify-content:center;}}@media all and (max-width: 767px){.kadence-column2301_c68412-84 > .kt-inside-inner-col{flex-direction:column;justify-content:center;}}<\/style>\n<div class=\"wp-block-kadence-column kadence-column2301_c68412-84\"><div class=\"kt-inside-inner-col\"><\/div><\/div>\n\n<\/div><\/div><\/div><\/div>\n\n<\/div><\/div>","protected":false},"excerpt":{"rendered":"<p>Fak\u00fclte Senato Temsilcisi Yrd. Do\u00e7. Dr. Gbenga Olayinka OJO<\/p>\n","protected":false},"author":1,"featured_media":5265,"parent":0,"menu_order":0,"comment_status":"closed","ping_status":"closed","template":"","meta":{"_coblocks_attr":"","_coblocks_dimensions":"","_coblocks_responsive_height":"","_coblocks_accordion_ie_support":"","_kad_post_transparent":"","_kad_post_title":"","_kad_post_layout":"normal","_kad_post_sidebar_id":"","_kad_post_content_style":"unboxed","_kad_post_vertical_padding":"","_kad_post_feature":"","_kad_post_feature_position":"","_kad_post_header":false,"_kad_post_footer":false,"footnotes":""},"class_list":["post-2301","page","type-page","status-publish","has-post-thumbnail","hentry"],"_links":{"self":[{"href":"https:\/\/www.cwu.edu.tr\/tr\/wp-json\/wp\/v2\/pages\/2301","targetHints":{"allow":["GET"]}}],"collection":[{"href":"https:\/\/www.cwu.edu.tr\/tr\/wp-json\/wp\/v2\/pages"}],"about":[{"href":"https:\/\/www.cwu.edu.tr\/tr\/wp-json\/wp\/v2\/types\/page"}],"author":[{"embeddable":true,"href":"https:\/\/www.cwu.edu.tr\/tr\/wp-json\/wp\/v2\/users\/1"}],"replies":[{"embeddable":true,"href":"https:\/\/www.cwu.edu.tr\/tr\/wp-json\/wp\/v2\/comments?post=2301"}],"version-history":[{"count":6,"href":"https:\/\/www.cwu.edu.tr\/tr\/wp-json\/wp\/v2\/pages\/2301\/revisions"}],"predecessor-version":[{"id":5839,"href":"https:\/\/www.cwu.edu.tr\/tr\/wp-json\/wp\/v2\/pages\/2301\/revisions\/5839"}],"wp:featuredmedia":[{"embeddable":true,"href":"https:\/\/www.cwu.edu.tr\/tr\/wp-json\/wp\/v2\/media\/5265"}],"wp:attachment":[{"href":"https:\/\/www.cwu.edu.tr\/tr\/wp-json\/wp\/v2\/media?parent=2301"}],"curies":[{"name":"wp","href":"https:\/\/api.w.org\/{rel}","templated":true}]}}