{"id":2344,"date":"2024-09-12T10:44:30","date_gmt":"2024-09-12T10:44:30","guid":{"rendered":"https:\/\/www.cwu.edu.tr\/tr\/?page_id=2344"},"modified":"2025-10-24T13:15:08","modified_gmt":"2025-10-24T13:15:08","slug":"lisansustu-egitim-enstitusu-dekanin-mesaji","status":"publish","type":"page","link":"https:\/\/www.cwu.edu.tr\/tr\/lisansustu-egitim-enstitusu-dekanin-mesaji\/","title":{"rendered":"Lisans\u00fcst\u00fc E\u011fitim Enstit\u00fcs\u00fc"},"content":{"rendered":"<style>.kb-row-layout-id2344_5ece48-db > .kt-row-column-wrap{align-content:start;}:where(.kb-row-layout-id2344_5ece48-db > .kt-row-column-wrap) > .wp-block-kadence-column{justify-content:start;}.kb-row-layout-id2344_5ece48-db > .kt-row-column-wrap{column-gap:var(--global-kb-gap-md, 2rem);row-gap:var(--global-kb-gap-md, 2rem);padding-top:var(--global-kb-spacing-sm, 1.5rem);padding-bottom:var(--global-kb-spacing-sm, 1.5rem);grid-template-columns:minmax(0, calc(25% - ((var(--global-kb-gap-md, 2rem) * 1 )\/2)))minmax(0, calc(75% - ((var(--global-kb-gap-md, 2rem) * 1 )\/2)));}.kb-row-layout-id2344_5ece48-db > .kt-row-layout-overlay{opacity:0.30;}@media all and (max-width: 1024px){.kb-row-layout-id2344_5ece48-db > .kt-row-column-wrap{grid-template-columns:minmax(0, 1fr) minmax(0, 2fr);}}@media all and (max-width: 767px){.kb-row-layout-id2344_5ece48-db > .kt-row-column-wrap{grid-template-columns:minmax(0, 1fr);}}<\/style><div class=\"kb-row-layout-wrap kb-row-layout-id2344_5ece48-db alignnone wp-block-kadence-rowlayout\"><div class=\"kt-row-column-wrap kt-has-2-columns kt-row-layout-right-golden kt-tab-layout-inherit kt-mobile-layout-row kt-row-valign-top\">\n<style>.kadence-column2344_3edbfd-ff > .kt-inside-inner-col,.kadence-column2344_3edbfd-ff > .kt-inside-inner-col:before{border-top-left-radius:0px;border-top-right-radius:0px;border-bottom-right-radius:0px;border-bottom-left-radius:0px;}.kadence-column2344_3edbfd-ff > .kt-inside-inner-col{column-gap:var(--global-kb-gap-sm, 1rem);}.kadence-column2344_3edbfd-ff > .kt-inside-inner-col{flex-direction:column;}.kadence-column2344_3edbfd-ff > .kt-inside-inner-col > .aligncenter{width:100%;}.kadence-column2344_3edbfd-ff > .kt-inside-inner-col:before{opacity:0.3;}.kadence-column2344_3edbfd-ff{position:relative;}@media all and (max-width: 1024px){.kadence-column2344_3edbfd-ff > .kt-inside-inner-col{flex-direction:column;justify-content:center;}}@media all and (max-width: 767px){.kadence-column2344_3edbfd-ff > .kt-inside-inner-col{flex-direction:column;justify-content:center;}}<\/style>\n<div class=\"wp-block-kadence-column kadence-column2344_3edbfd-ff\"><div class=\"kt-inside-inner-col\">\n<div class=\"wp-block-wpb-accordion-menu-or-category-pro-wpb-wmca-shortcode-selector\">\t\t\t<div class=\"wpb_category_n_menu_accordion wpb_accordion_free_version wpb_wmca_accordion_wrapper_theme_transparent wpb_the_menu_accordion\" data-shortcode_id=\"2282\" data-accordion=\"true\" data-indicator_icon=\"+\">\n\t\t\t\t\t\t\t\t<ul id=\"menu-lisansustu-egitim-enstitusu\" class=\"wpb_category_n_menu_accordion_list\"><li id=\"menu-item-2271\" class=\"menu-item menu-item-type-post_type menu-item-object-page menu-item-2271\"><a href=\"https:\/\/www.cwu.edu.tr\/tr\/lisansustu-egitim-enstitusu\/\">Lisans\u00fcst\u00fc E\u011fitim Enstit\u00fcs\u00fc<\/a><\/li>\n<li id=\"menu-item-2270\" class=\"menu-item menu-item-type-custom menu-item-object-custom menu-item-has-children menu-item-2270\"><a href=\"#\">Lisans\u00fcst\u00fc E\u011fitim Enstit\u00fcs\u00fc Hakk\u0131nda<\/a>\n<ul class=\"sub-menu\">\n\t<li id=\"menu-item-2275\" class=\"menu-item menu-item-type-custom menu-item-object-custom menu-item-2275\"><a href=\"https:\/\/www.cwu.edu.tr\/tr\/lisansustu-egitim-enstitusu-misyon-ve-vizyon\/\">Misyon ve Vizyon<\/a><\/li>\n\t<li id=\"menu-item-2276\" class=\"menu-item menu-item-type-custom menu-item-object-custom menu-item-2276\"><a href=\"https:\/\/www.cwu.edu.tr\/tr\/lisansustu-egitim-enstitusu-degerlerimiz-ve-hedeflerimiz\/\">De\u011ferlerimiz ve Hedeflerimiz<\/a><\/li>\n\t<li id=\"menu-item-2277\" class=\"menu-item menu-item-type-custom menu-item-object-custom menu-item-2277\"><a href=\"https:\/\/www.cwu.edu.tr\/tr\/lisansustu-egitim-enstitusu-dekanin-mesaji\/\">Dekan\u0131n Mesaj\u0131<\/a><\/li>\n\t<li id=\"menu-item-2278\" class=\"menu-item menu-item-type-custom menu-item-object-custom menu-item-2278\"><a href=\"https:\/\/www.cwu.edu.tr\/tr\/lisansustu-egitim-enstitusu-dekan-yardimcisi\/\">Dekan\u0131n Yard\u0131mc\u0131s\u0131<\/a><\/li>\n<\/ul>\n<\/li>\n<li id=\"menu-item-2272\" class=\"menu-item menu-item-type-custom menu-item-object-custom menu-item-has-children menu-item-2272\"><a href=\"#\">Enstit\u00fc Y\u00f6netimi<\/a>\n<ul class=\"sub-menu\">\n\t<li id=\"menu-item-2279\" class=\"menu-item menu-item-type-custom menu-item-object-custom menu-item-2279\"><a href=\"https:\/\/www.cwu.edu.tr\/tr\/lisansustu-egitim-enstitusu-enstitu-kurulu\/\">Enstit\u00fc Kurulu<\/a><\/li>\n\t<li id=\"menu-item-2280\" class=\"menu-item menu-item-type-custom menu-item-object-custom menu-item-2280\"><a href=\"https:\/\/www.cwu.edu.tr\/tr\/lisansustu-egitim-enstitusu-enstitu-yonetim-kurulu\/\">Enstit\u00fc Y\u00f6netim Kurulu<\/a><\/li>\n<\/ul>\n<\/li>\n<li id=\"menu-item-2273\" class=\"menu-item menu-item-type-custom menu-item-object-custom menu-item-has-children menu-item-2273\"><a href=\"#\">Akademik Programlar\u0131m\u0131z<\/a>\n<ul class=\"sub-menu\">\n\t<li id=\"menu-item-2281\" class=\"menu-item menu-item-type-post_type menu-item-object-page menu-item-2281\"><a href=\"https:\/\/www.cwu.edu.tr\/tr\/isletme-yuksek-lisansi-mba\/\">\u0130\u015fletme Y\u00fcksek Lisans\u0131 MBA (KKTC)<\/a><\/li>\n<\/ul>\n<\/li>\n<\/ul>\t\t\t\t\t\t\t<\/div>\n\t\t<\/div>\n<\/div><\/div>\n\n\n<style>.kadence-column2344_eaad51-6c > .kt-inside-inner-col,.kadence-column2344_eaad51-6c > .kt-inside-inner-col:before{border-top-left-radius:0px;border-top-right-radius:0px;border-bottom-right-radius:0px;border-bottom-left-radius:0px;}.kadence-column2344_eaad51-6c > .kt-inside-inner-col{column-gap:var(--global-kb-gap-sm, 1rem);}.kadence-column2344_eaad51-6c > .kt-inside-inner-col{flex-direction:column;}.kadence-column2344_eaad51-6c > .kt-inside-inner-col > .aligncenter{width:100%;}.kadence-column2344_eaad51-6c > .kt-inside-inner-col:before{opacity:0.3;}.kadence-column2344_eaad51-6c{position:relative;}@media all and (max-width: 1024px){.kadence-column2344_eaad51-6c > .kt-inside-inner-col{flex-direction:column;justify-content:center;}}@media all and (max-width: 767px){.kadence-column2344_eaad51-6c > .kt-inside-inner-col{flex-direction:column;justify-content:center;}}<\/style>\n<div class=\"wp-block-kadence-column kadence-column2344_eaad51-6c\"><div class=\"kt-inside-inner-col\"><style>.wp-block-kadence-advancedheading.kt-adv-heading2344_aa854c-e8, .wp-block-kadence-advancedheading.kt-adv-heading2344_aa854c-e8[data-kb-block=\"kb-adv-heading2344_aa854c-e8\"]{font-style:normal;}.wp-block-kadence-advancedheading.kt-adv-heading2344_aa854c-e8 mark.kt-highlight, .wp-block-kadence-advancedheading.kt-adv-heading2344_aa854c-e8[data-kb-block=\"kb-adv-heading2344_aa854c-e8\"] mark.kt-highlight{font-style:normal;color:#f76a0c;-webkit-box-decoration-break:clone;box-decoration-break:clone;padding-top:0px;padding-right:0px;padding-bottom:0px;padding-left:0px;}<\/style>\n<h2 class=\"kt-adv-heading2344_aa854c-e8 wp-block-kadence-advancedheading\" data-kb-block=\"kb-adv-heading2344_aa854c-e8\">Dekan\u0131n Mesaj\u0131<\/h2>\n\n\n\n<p>De\u011ferli \u00d6\u011frencilerimiz, Akademisyenlerimiz ve Payda\u015flar\u0131m\u0131z,<\/p>\n\n\n\n<p>Lisans\u00fcst\u00fc E\u011fitim Enstit\u00fcs\u00fc olarak, sizleri aram\u0131zda g\u00f6rmekten b\u00fcy\u00fck mutluluk duyuyoruz. E\u011fitimde m\u00fckemmeliyet ve bilimsel ara\u015ft\u0131rma konusundaki kararl\u0131l\u0131\u011f\u0131m\u0131z, enstit\u00fcm\u00fcz\u00fcn temel ta\u015flar\u0131n\u0131 olu\u015fturur. Amac\u0131m\u0131z, siz de\u011ferli \u00f6\u011frencilerimize sadece bilgi de\u011fil, ayn\u0131 zamanda d\u00fc\u015f\u00fcnme ve ara\u015ft\u0131rma becerileri kazand\u0131rarak, gelece\u011fin liderleri ve yenilik\u00e7ileri olman\u0131z\u0131 sa\u011flamakt\u0131r.<\/p>\n\n\n\n<p>Yenilik\u00e7i ve disiplinler aras\u0131 bir e\u011fitim anlay\u0131\u015f\u0131yla, toplumsal ve k\u00fcresel sorunlara \u00e7\u00f6z\u00fcm odakl\u0131 yakla\u015f\u0131m\u0131m\u0131z\u0131 s\u00fcrd\u00fcrmekteyiz. E\u011fitim ve ara\u015ft\u0131rma s\u00fcre\u00e7lerimizde s\u00fcrekli bir geli\u015fim i\u00e7inde olarak, sizlere en iyi akademik ve profesyonel f\u0131rsatlar\u0131 sunmay\u0131 hedefliyoruz.<\/p>\n\n\n\n<p>Sizlerle birlikte, bilimsel s\u0131n\u0131rlar\u0131 zorlayarak, gelece\u011fin \u015fekillenmesine katk\u0131da bulunmay\u0131 d\u00f6rt g\u00f6zle bekliyoruz. Ba\u015far\u0131lar\u0131n\u0131z\u0131n enstit\u00fcm\u00fcz\u00fcn prestijini daha da art\u0131raca\u011f\u0131na olan inanc\u0131m\u0131z tamd\u0131r.<\/p>\n\n\n<style>.wp-block-kadence-advancedheading.kt-adv-heading2344_251d7c-2d, .wp-block-kadence-advancedheading.kt-adv-heading2344_251d7c-2d[data-kb-block=\"kb-adv-heading2344_251d7c-2d\"]{text-align:right;font-style:normal;}.wp-block-kadence-advancedheading.kt-adv-heading2344_251d7c-2d mark.kt-highlight, .wp-block-kadence-advancedheading.kt-adv-heading2344_251d7c-2d[data-kb-block=\"kb-adv-heading2344_251d7c-2d\"] mark.kt-highlight{font-style:normal;color:#f76a0c;-webkit-box-decoration-break:clone;box-decoration-break:clone;padding-top:0px;padding-right:0px;padding-bottom:0px;padding-left:0px;}<\/style>\n<p class=\"kt-adv-heading2344_251d7c-2d wp-block-kadence-advancedheading\" data-kb-block=\"kb-adv-heading2344_251d7c-2d\"><strong>Prof. Dr. Zeka MAZHAR (M\u00fcd\u00fcr V.)<\/strong><\/p>\n<\/div><\/div>\n\n<\/div><\/div>","protected":false},"excerpt":{"rendered":"<p>Dekan\u0131n Mesaj\u0131 De\u011ferli \u00d6\u011frencilerimiz, Akademisyenlerimiz ve Payda\u015flar\u0131m\u0131z, Lisans\u00fcst\u00fc E\u011fitim Enstit\u00fcs\u00fc olarak, sizleri aram\u0131zda g\u00f6rmekten b\u00fcy\u00fck mutluluk duyuyoruz. E\u011fitimde m\u00fckemmeliyet ve bilimsel ara\u015ft\u0131rma konusundaki kararl\u0131l\u0131\u011f\u0131m\u0131z, enstit\u00fcm\u00fcz\u00fcn temel ta\u015flar\u0131n\u0131 olu\u015fturur. Amac\u0131m\u0131z, siz de\u011ferli \u00f6\u011frencilerimize sadece bilgi de\u011fil, ayn\u0131 zamanda d\u00fc\u015f\u00fcnme ve ara\u015ft\u0131rma becerileri kazand\u0131rarak, gelece\u011fin liderleri ve yenilik\u00e7ileri olman\u0131z\u0131 sa\u011flamakt\u0131r. Yenilik\u00e7i ve disiplinler aras\u0131 bir e\u011fitim anlay\u0131\u015f\u0131yla,&#8230;<\/p>\n","protected":false},"author":1,"featured_media":5265,"parent":0,"menu_order":0,"comment_status":"closed","ping_status":"closed","template":"","meta":{"_coblocks_attr":"","_coblocks_dimensions":"","_coblocks_responsive_height":"","_coblocks_accordion_ie_support":"","_kad_post_transparent":"","_kad_post_title":"","_kad_post_layout":"normal","_kad_post_sidebar_id":"","_kad_post_content_style":"unboxed","_kad_post_vertical_padding":"","_kad_post_feature":"","_kad_post_feature_position":"","_kad_post_header":false,"_kad_post_footer":false,"footnotes":""},"class_list":["post-2344","page","type-page","status-publish","has-post-thumbnail","hentry"],"_links":{"self":[{"href":"https:\/\/www.cwu.edu.tr\/tr\/wp-json\/wp\/v2\/pages\/2344","targetHints":{"allow":["GET"]}}],"collection":[{"href":"https:\/\/www.cwu.edu.tr\/tr\/wp-json\/wp\/v2\/pages"}],"about":[{"href":"https:\/\/www.cwu.edu.tr\/tr\/wp-json\/wp\/v2\/types\/page"}],"author":[{"embeddable":true,"href":"https:\/\/www.cwu.edu.tr\/tr\/wp-json\/wp\/v2\/users\/1"}],"replies":[{"embeddable":true,"href":"https:\/\/www.cwu.edu.tr\/tr\/wp-json\/wp\/v2\/comments?post=2344"}],"version-history":[{"count":3,"href":"https:\/\/www.cwu.edu.tr\/tr\/wp-json\/wp\/v2\/pages\/2344\/revisions"}],"predecessor-version":[{"id":5364,"href":"https:\/\/www.cwu.edu.tr\/tr\/wp-json\/wp\/v2\/pages\/2344\/revisions\/5364"}],"wp:featuredmedia":[{"embeddable":true,"href":"https:\/\/www.cwu.edu.tr\/tr\/wp-json\/wp\/v2\/media\/5265"}],"wp:attachment":[{"href":"https:\/\/www.cwu.edu.tr\/tr\/wp-json\/wp\/v2\/media?parent=2344"}],"curies":[{"name":"wp","href":"https:\/\/api.w.org\/{rel}","templated":true}]}}