{"id":4247,"date":"2025-01-07T20:46:03","date_gmt":"2025-01-07T20:46:03","guid":{"rendered":"https:\/\/www.cwu.edu.tr\/tr\/?page_id=4247"},"modified":"2025-10-24T13:42:59","modified_gmt":"2025-10-24T13:42:59","slug":"ogrenim-ucretleri","status":"publish","type":"page","link":"https:\/\/www.cwu.edu.tr\/tr\/ogrenim-ucretleri\/","title":{"rendered":"\u00d6\u011frenim \u00dccretleri"},"content":{"rendered":"<style>.kb-row-layout-id4247_3033c0-3d > .kt-row-column-wrap{align-content:start;}:where(.kb-row-layout-id4247_3033c0-3d > .kt-row-column-wrap) > .wp-block-kadence-column{justify-content:start;}.kb-row-layout-id4247_3033c0-3d > .kt-row-column-wrap{column-gap:var(--global-kb-gap-md, 2rem);row-gap:var(--global-kb-gap-md, 2rem);padding-top:var(--global-kb-spacing-sm, 1.5rem);padding-bottom:var(--global-kb-spacing-sm, 1.5rem);grid-template-columns:minmax(0, calc(25% - ((var(--global-kb-gap-md, 2rem) * 1 )\/2)))minmax(0, calc(75% - ((var(--global-kb-gap-md, 2rem) * 1 )\/2)));}.kb-row-layout-id4247_3033c0-3d > .kt-row-layout-overlay{opacity:0.30;}@media all and (max-width: 1024px){.kb-row-layout-id4247_3033c0-3d > .kt-row-column-wrap{grid-template-columns:minmax(0, 1fr) minmax(0, 2fr);}}@media all and (max-width: 767px){.kb-row-layout-id4247_3033c0-3d > .kt-row-column-wrap{grid-template-columns:minmax(0, 1fr);}}<\/style><div class=\"kb-row-layout-wrap kb-row-layout-id4247_3033c0-3d alignnone wp-block-kadence-rowlayout\"><div class=\"kt-row-column-wrap kt-has-2-columns kt-row-layout-right-golden kt-tab-layout-inherit kt-mobile-layout-row kt-row-valign-top\">\n<style>.kadence-column4247_59f146-41 > .kt-inside-inner-col,.kadence-column4247_59f146-41 > .kt-inside-inner-col:before{border-top-left-radius:0px;border-top-right-radius:0px;border-bottom-right-radius:0px;border-bottom-left-radius:0px;}.kadence-column4247_59f146-41 > .kt-inside-inner-col{column-gap:var(--global-kb-gap-sm, 1rem);}.kadence-column4247_59f146-41 > .kt-inside-inner-col{flex-direction:column;}.kadence-column4247_59f146-41 > .kt-inside-inner-col > .aligncenter{width:100%;}.kadence-column4247_59f146-41 > .kt-inside-inner-col:before{opacity:0.3;}.kadence-column4247_59f146-41{position:relative;}@media all and (max-width: 1024px){.kadence-column4247_59f146-41 > .kt-inside-inner-col{flex-direction:column;justify-content:center;}}@media all and (max-width: 767px){.kadence-column4247_59f146-41 > .kt-inside-inner-col{flex-direction:column;justify-content:center;}}<\/style>\n<div class=\"wp-block-kadence-column kadence-column4247_59f146-41\"><div class=\"kt-inside-inner-col\">\t\t\t<div class=\"wpb_category_n_menu_accordion wpb_accordion_free_version wpb_wmca_accordion_wrapper_theme_transparent wpb_the_menu_accordion\" data-shortcode_id=\"4323\" data-accordion=\"true\" data-indicator_icon=\"+\">\n\t\t\t\t\t\t\t\t<ul id=\"menu-t-c-aday-ogrenciler\" class=\"wpb_category_n_menu_accordion_list\"><li id=\"menu-item-4314\" class=\"menu-item menu-item-type-post_type menu-item-object-page menu-item-4314\"><a href=\"https:\/\/www.cwu.edu.tr\/tr\/ogrenim-ucretleri\/\">\u00d6\u011frenim \u00dccretleri<\/a><\/li>\n<li id=\"menu-item-4315\" class=\"menu-item menu-item-type-post_type menu-item-object-page menu-item-4315\"><a href=\"https:\/\/www.cwu.edu.tr\/tr\/t-c-aday-ogrencilerin-kabul-kosullari\/\">T.C. Aday \u00d6\u011frencilerin Kabul Ko\u015fullar\u0131<\/a><\/li>\n<li id=\"menu-item-4316\" class=\"menu-item menu-item-type-post_type menu-item-object-page menu-item-4316\"><a href=\"https:\/\/www.cwu.edu.tr\/tr\/programlar-ve-kontenjanlar\/\">Programlar ve Kontenjanlar<\/a><\/li>\n<li id=\"menu-item-4317\" class=\"menu-item menu-item-type-post_type menu-item-object-page menu-item-4317\"><a href=\"https:\/\/www.cwu.edu.tr\/tr\/cevrimici-kayit-kilavuzu\/\">\u00c7evrimi\u00e7i Kay\u0131t K\u0131lavuzu<\/a><\/li>\n<li id=\"menu-item-4318\" class=\"menu-item menu-item-type-post_type menu-item-object-page menu-item-4318\"><a href=\"https:\/\/www.cwu.edu.tr\/tr\/yatay-gecis\/\">Yatay Ge\u00e7i\u015f<\/a><\/li>\n<li id=\"menu-item-4319\" class=\"menu-item menu-item-type-post_type menu-item-object-page menu-item-4319\"><a href=\"https:\/\/www.cwu.edu.tr\/tr\/burs-olanaklari\/\">Burs Olanaklar\u0131<\/a><\/li>\n<li id=\"menu-item-4320\" class=\"menu-item menu-item-type-post_type menu-item-object-page menu-item-4320\"><a href=\"https:\/\/www.cwu.edu.tr\/tr\/yeni-ogrencilerin-yapmasi-gerekenler\/\">Yeni \u00d6\u011frencilerin Yapmas\u0131 Gerekenler<\/a><\/li>\n<li id=\"menu-item-4321\" class=\"menu-item menu-item-type-post_type menu-item-object-page menu-item-4321\"><a href=\"https:\/\/www.cwu.edu.tr\/tr\/muhaceret-islemleri\/\">Muhaceret \u0130\u015flemleri<\/a><\/li>\n<li id=\"menu-item-4322\" class=\"menu-item menu-item-type-post_type menu-item-object-page menu-item-4322\"><a href=\"https:\/\/www.cwu.edu.tr\/tr\/banka-hesaplarimiz\/\">Banka Hesap Bilgilerimiz<\/a><\/li>\n<\/ul>\t\t\t\t\t\t\t<\/div>\n\t\t\n<\/div><\/div>\n\n\n<style>.kadence-column4247_1947d3-b0 > .kt-inside-inner-col,.kadence-column4247_1947d3-b0 > .kt-inside-inner-col:before{border-top-left-radius:0px;border-top-right-radius:0px;border-bottom-right-radius:0px;border-bottom-left-radius:0px;}.kadence-column4247_1947d3-b0 > .kt-inside-inner-col{column-gap:var(--global-kb-gap-sm, 1rem);}.kadence-column4247_1947d3-b0 > .kt-inside-inner-col{flex-direction:column;}.kadence-column4247_1947d3-b0 > .kt-inside-inner-col > .aligncenter{width:100%;}.kadence-column4247_1947d3-b0 > .kt-inside-inner-col:before{opacity:0.3;}.kadence-column4247_1947d3-b0{position:relative;}@media all and (max-width: 1024px){.kadence-column4247_1947d3-b0 > .kt-inside-inner-col{flex-direction:column;justify-content:center;}}@media all and (max-width: 767px){.kadence-column4247_1947d3-b0 > .kt-inside-inner-col{flex-direction:column;justify-content:center;}}<\/style>\n<div class=\"wp-block-kadence-column kadence-column4247_1947d3-b0\"><div class=\"kt-inside-inner-col\"><style>.wp-block-kadence-advancedheading.kt-adv-heading4247_a5cf46-d5, .wp-block-kadence-advancedheading.kt-adv-heading4247_a5cf46-d5[data-kb-block=\"kb-adv-heading4247_a5cf46-d5\"]{text-align:center;font-style:normal;}.wp-block-kadence-advancedheading.kt-adv-heading4247_a5cf46-d5 mark.kt-highlight, .wp-block-kadence-advancedheading.kt-adv-heading4247_a5cf46-d5[data-kb-block=\"kb-adv-heading4247_a5cf46-d5\"] mark.kt-highlight{font-style:normal;color:#f76a0c;-webkit-box-decoration-break:clone;box-decoration-break:clone;padding-top:0px;padding-right:0px;padding-bottom:0px;padding-left:0px;}<\/style>\n<h2 class=\"kt-adv-heading4247_a5cf46-d5 wp-block-kadence-advancedheading\" data-kb-block=\"kb-adv-heading4247_a5cf46-d5\">2025-2026 E\u011e\u0130T\u0130M \u00d6\u011eRET\u0130M YILI \u00dcCRET TABLOSU<\/h2>\n\n\n\n<figure class=\"wp-block-table has-small-font-size\"><table><tbody><tr><td><strong>\u0130KT\u0130SAD\u0130, \u0130DAR\u0130 VE SOSYAL B\u0130L\u0130MLER FAK\u00dcLTES\u0130<\/strong><\/td><td><strong>TAM \u00dcCRETL\u0130 (TL)<\/strong> <\/td><td><strong>KAYIT \u00dcCRET\u0130 (USD)<\/strong><\/td><td><strong>%50 BURSLU<\/strong><\/td><\/tr><tr><td>HAVACILIK Y\u00d6NET\u0130M\u0130 (\u0130ngilizce)<\/td><td>200.000<\/td><td>300<\/td><td>100.000<\/td><\/tr><tr><td>\u0130\u015eLETME (\u0130ngilizce)<\/td><td>200.000<\/td><td>300<\/td><td>100.000<\/td><\/tr><tr><td>PS\u0130KOLOJ\u0130 (T\u00fcrk\u00e7e)<\/td><td>250.000<\/td><td>300<\/td><td>125.000<\/td><\/tr><tr><td><strong>M\u00dcHEND\u0130SL\u0130K VE M\u0130MARLIK FAK\u00dcLTES\u0130<\/strong><\/td><td><strong>TAM \u00dcCRETL\u0130<\/strong><\/td><td><\/td><td><strong>%50 BURSLU<\/strong><\/td><\/tr><tr><td>B\u0130LG\u0130SAYAR M\u00dcHEND\u0130SL\u0130\u011e\u0130 (\u0130ngilizce)<\/td><td>200.000<\/td><td>300<\/td><td>100.000<\/td><\/tr><\/tbody><\/table><\/figure>\n\n\n\n<p><\/p>\n\n\n\n<p><mark style=\"background-color:rgba(0, 0, 0, 0);color:#d91313\" class=\"has-inline-color\"><strong>NOT:<\/strong><\/mark> <strong>E\u011fitim \u00fccretlerine 5% KDV ve 300 USD kay\u0131t \u00fccreti dahil de\u011fildir.<\/strong><\/p>\n\n\n\n<p><mark style=\"background-color:rgba(0, 0, 0, 0);color:#d91313\" class=\"has-inline-color\"><strong>NOT:<\/strong><\/mark> <strong>%100 burslu yerle\u015fen \u00f6\u011frencilerden e\u011fitim ve \u00f6\u011fretim y\u0131l\u0131 ba\u015f\u0131nda olmak \u00fczere akademik y\u0131l i\u00e7in <strong>400 USD<\/strong><\/strong> <strong>kay\u0131t ve aktivite \u00fccreti al\u0131nacakt\u0131r.<\/strong><\/p>\n<\/div><\/div>\n\n<\/div><\/div>","protected":false},"excerpt":{"rendered":"<p>2025-2026 E\u011e\u0130T\u0130M \u00d6\u011eRET\u0130M YILI \u00dcCRET TABLOSU \u0130KT\u0130SAD\u0130, \u0130DAR\u0130 VE SOSYAL B\u0130L\u0130MLER FAK\u00dcLTES\u0130 TAM \u00dcCRETL\u0130 (TL) KAYIT \u00dcCRET\u0130 (USD) %50 BURSLU HAVACILIK Y\u00d6NET\u0130M\u0130 (\u0130ngilizce) 200.000 300 100.000 \u0130\u015eLETME (\u0130ngilizce) 200.000 300 100.000 PS\u0130KOLOJ\u0130 (T\u00fcrk\u00e7e) 250.000 300 125.000 M\u00dcHEND\u0130SL\u0130K VE M\u0130MARLIK FAK\u00dcLTES\u0130 TAM \u00dcCRETL\u0130 %50 BURSLU B\u0130LG\u0130SAYAR M\u00dcHEND\u0130SL\u0130\u011e\u0130 (\u0130ngilizce) 200.000 300 100.000 NOT: E\u011fitim \u00fccretlerine 5% KDV&#8230;<\/p>\n","protected":false},"author":1,"featured_media":5265,"parent":0,"menu_order":0,"comment_status":"closed","ping_status":"closed","template":"","meta":{"_coblocks_attr":"","_coblocks_dimensions":"","_coblocks_responsive_height":"","_coblocks_accordion_ie_support":"","_kad_post_transparent":"","_kad_post_title":"","_kad_post_layout":"normal","_kad_post_sidebar_id":"","_kad_post_content_style":"unboxed","_kad_post_vertical_padding":"show","_kad_post_feature":"","_kad_post_feature_position":"","_kad_post_header":false,"_kad_post_footer":false,"footnotes":""},"class_list":["post-4247","page","type-page","status-publish","has-post-thumbnail","hentry"],"_links":{"self":[{"href":"https:\/\/www.cwu.edu.tr\/tr\/wp-json\/wp\/v2\/pages\/4247","targetHints":{"allow":["GET"]}}],"collection":[{"href":"https:\/\/www.cwu.edu.tr\/tr\/wp-json\/wp\/v2\/pages"}],"about":[{"href":"https:\/\/www.cwu.edu.tr\/tr\/wp-json\/wp\/v2\/types\/page"}],"author":[{"embeddable":true,"href":"https:\/\/www.cwu.edu.tr\/tr\/wp-json\/wp\/v2\/users\/1"}],"replies":[{"embeddable":true,"href":"https:\/\/www.cwu.edu.tr\/tr\/wp-json\/wp\/v2\/comments?post=4247"}],"version-history":[{"count":15,"href":"https:\/\/www.cwu.edu.tr\/tr\/wp-json\/wp\/v2\/pages\/4247\/revisions"}],"predecessor-version":[{"id":5395,"href":"https:\/\/www.cwu.edu.tr\/tr\/wp-json\/wp\/v2\/pages\/4247\/revisions\/5395"}],"wp:featuredmedia":[{"embeddable":true,"href":"https:\/\/www.cwu.edu.tr\/tr\/wp-json\/wp\/v2\/media\/5265"}],"wp:attachment":[{"href":"https:\/\/www.cwu.edu.tr\/tr\/wp-json\/wp\/v2\/media?parent=4247"}],"curies":[{"name":"wp","href":"https:\/\/api.w.org\/{rel}","templated":true}]}}