{"id":4283,"date":"2025-01-07T21:26:26","date_gmt":"2025-01-07T21:26:26","guid":{"rendered":"https:\/\/www.cwu.edu.tr\/tr\/?page_id=4283"},"modified":"2025-10-24T12:59:19","modified_gmt":"2025-10-24T12:59:19","slug":"kktc-ucretler","status":"publish","type":"page","link":"https:\/\/www.cwu.edu.tr\/tr\/kktc-ucretler\/","title":{"rendered":"KKTC \u00dccretler"},"content":{"rendered":"<style>.kb-row-layout-id4283_c26ed6-2b > .kt-row-column-wrap{align-content:start;}:where(.kb-row-layout-id4283_c26ed6-2b > .kt-row-column-wrap) > .wp-block-kadence-column{justify-content:start;}.kb-row-layout-id4283_c26ed6-2b > .kt-row-column-wrap{column-gap:var(--global-kb-gap-md, 2rem);row-gap:var(--global-kb-gap-md, 2rem);padding-bottom:var(--global-kb-spacing-sm, 1.5rem);grid-template-columns:minmax(0, calc(25% - ((var(--global-kb-gap-md, 2rem) * 1 )\/2)))minmax(0, calc(75% - ((var(--global-kb-gap-md, 2rem) * 1 )\/2)));}.kb-row-layout-id4283_c26ed6-2b > .kt-row-layout-overlay{opacity:0.30;}@media all and (max-width: 1024px){.kb-row-layout-id4283_c26ed6-2b > .kt-row-column-wrap{grid-template-columns:minmax(0, 1fr) minmax(0, 2fr);}}@media all and (max-width: 767px){.kb-row-layout-id4283_c26ed6-2b > .kt-row-column-wrap{grid-template-columns:minmax(0, 1fr);}}<\/style><div class=\"kb-row-layout-wrap kb-row-layout-id4283_c26ed6-2b alignnone wp-block-kadence-rowlayout\"><div class=\"kt-row-column-wrap kt-has-2-columns kt-row-layout-right-golden kt-tab-layout-inherit kt-mobile-layout-row kt-row-valign-top\">\n<style>.kadence-column4283_21c0b9-e1 > .kt-inside-inner-col,.kadence-column4283_21c0b9-e1 > .kt-inside-inner-col:before{border-top-left-radius:0px;border-top-right-radius:0px;border-bottom-right-radius:0px;border-bottom-left-radius:0px;}.kadence-column4283_21c0b9-e1 > .kt-inside-inner-col{column-gap:var(--global-kb-gap-sm, 1rem);}.kadence-column4283_21c0b9-e1 > .kt-inside-inner-col{flex-direction:column;}.kadence-column4283_21c0b9-e1 > .kt-inside-inner-col > .aligncenter{width:100%;}.kadence-column4283_21c0b9-e1 > .kt-inside-inner-col:before{opacity:0.3;}.kadence-column4283_21c0b9-e1{position:relative;}@media all and (max-width: 1024px){.kadence-column4283_21c0b9-e1 > .kt-inside-inner-col{flex-direction:column;justify-content:center;}}@media all and (max-width: 767px){.kadence-column4283_21c0b9-e1 > .kt-inside-inner-col{flex-direction:column;justify-content:center;}}<\/style>\n<div class=\"wp-block-kadence-column kadence-column4283_21c0b9-e1\"><div class=\"kt-inside-inner-col\">\t\t\t<div class=\"wpb_category_n_menu_accordion wpb_accordion_free_version wpb_wmca_accordion_wrapper_theme_transparent wpb_the_menu_accordion\" data-shortcode_id=\"4332\" data-accordion=\"true\" data-indicator_icon=\"+\">\n\t\t\t\t\t\t\t\t<ul id=\"menu-kktc-aday-ogrenciler\" class=\"wpb_category_n_menu_accordion_list\"><li id=\"menu-item-4333\" class=\"menu-item menu-item-type-post_type menu-item-object-page menu-item-4333\"><a href=\"https:\/\/www.cwu.edu.tr\/tr\/kktc-aday-akademik-programlar\/\">KKTC Aday Akademik Programlar<\/a><\/li>\n<li id=\"menu-item-4334\" class=\"menu-item menu-item-type-post_type menu-item-object-page menu-item-4334\"><a href=\"https:\/\/www.cwu.edu.tr\/tr\/giris-ve-bursluluk-sinavi\/\">Giri\u015f ve Bursluluk S\u0131nav\u0131<\/a><\/li>\n<li id=\"menu-item-4335\" class=\"menu-item menu-item-type-post_type menu-item-object-page menu-item-4335\"><a href=\"https:\/\/www.cwu.edu.tr\/tr\/yatay-gecis\/\">Yatay Ge\u00e7i\u015f<\/a><\/li>\n<li id=\"menu-item-4336\" class=\"menu-item menu-item-type-post_type menu-item-object-page menu-item-4336\"><a href=\"https:\/\/www.cwu.edu.tr\/tr\/kktc-ucretler\/\">KKTC \u00dccretler<\/a><\/li>\n<li id=\"menu-item-4337\" class=\"menu-item menu-item-type-post_type menu-item-object-page menu-item-4337\"><a href=\"https:\/\/www.cwu.edu.tr\/tr\/kktc-vatandasi-ogrencilerin-kabul-kosullari\/\">KKTC Vatanda\u015f\u0131 \u00d6\u011frencilerin Kabul Ko\u015fullar\u0131<\/a><\/li>\n<li id=\"menu-item-4338\" class=\"menu-item menu-item-type-post_type menu-item-object-page menu-item-4338\"><a href=\"https:\/\/www.cwu.edu.tr\/tr\/banka-hesaplarimiz\/\">Banka Hesap Bilgilerimiz<\/a><\/li>\n<li id=\"menu-item-4339\" class=\"menu-item menu-item-type-custom menu-item-object-custom menu-item-4339\"><a href=\"#\"><strong>L\u0130SANS\u00dcST\u00dc PROGRAMLAR<\/strong><\/a><\/li>\n<li id=\"menu-item-4340\" class=\"menu-item menu-item-type-post_type menu-item-object-page menu-item-4340\"><a href=\"https:\/\/www.cwu.edu.tr\/tr\/isletme-yuksek-lisansi-mba\/\">\u0130\u015fletme Y\u00fcksek Lisans\u0131 MBA<\/a><\/li>\n<li id=\"menu-item-4341\" class=\"menu-item menu-item-type-post_type menu-item-object-page menu-item-4341\"><a href=\"https:\/\/www.cwu.edu.tr\/tr\/yuksek-lisans-kayit-ve-kabul-kosullari\/\">Y\u00fcksek Lisans Kay\u0131t ve Kabul Ko\u015fullar\u0131<\/a><\/li>\n<li id=\"menu-item-4342\" class=\"menu-item menu-item-type-post_type menu-item-object-page menu-item-4342\"><a href=\"https:\/\/www.cwu.edu.tr\/tr\/isletme-yuksek-lisansi-ucret-ve-burslar\/\">Y\u00fcksek Lisans\u0131 \u00dccret ve Burslar<\/a><\/li>\n<\/ul>\t\t\t\t\t\t\t<\/div>\n\t\t\n<\/div><\/div>\n\n\n<style>.kadence-column4283_0712bf-02 > .kt-inside-inner-col,.kadence-column4283_0712bf-02 > .kt-inside-inner-col:before{border-top-left-radius:0px;border-top-right-radius:0px;border-bottom-right-radius:0px;border-bottom-left-radius:0px;}.kadence-column4283_0712bf-02 > .kt-inside-inner-col{column-gap:var(--global-kb-gap-sm, 1rem);}.kadence-column4283_0712bf-02 > .kt-inside-inner-col{flex-direction:column;}.kadence-column4283_0712bf-02 > .kt-inside-inner-col > .aligncenter{width:100%;}.kadence-column4283_0712bf-02 > .kt-inside-inner-col:before{opacity:0.3;}.kadence-column4283_0712bf-02{position:relative;}@media all and (max-width: 1024px){.kadence-column4283_0712bf-02 > .kt-inside-inner-col{flex-direction:column;justify-content:center;}}@media all and (max-width: 767px){.kadence-column4283_0712bf-02 > .kt-inside-inner-col{flex-direction:column;justify-content:center;}}<\/style>\n<div class=\"wp-block-kadence-column kadence-column4283_0712bf-02\"><div class=\"kt-inside-inner-col\"><style>.wp-block-kadence-advancedheading.kt-adv-heading4283_adda4d-2a, .wp-block-kadence-advancedheading.kt-adv-heading4283_adda4d-2a[data-kb-block=\"kb-adv-heading4283_adda4d-2a\"]{text-align:center;font-style:normal;}.wp-block-kadence-advancedheading.kt-adv-heading4283_adda4d-2a mark.kt-highlight, .wp-block-kadence-advancedheading.kt-adv-heading4283_adda4d-2a[data-kb-block=\"kb-adv-heading4283_adda4d-2a\"] mark.kt-highlight{font-style:normal;color:#f76a0c;-webkit-box-decoration-break:clone;box-decoration-break:clone;padding-top:0px;padding-right:0px;padding-bottom:0px;padding-left:0px;}<\/style>\n<h2 class=\"kt-adv-heading4283_adda4d-2a wp-block-kadence-advancedheading\" data-kb-block=\"kb-adv-heading4283_adda4d-2a\">2025-2026 E\u011e\u0130T\u0130M \u00d6\u011eRET\u0130M YILI \u00dcCRET TABLOSU (KKTC \u00dccretler)<\/h2>\n\n\n\n<figure class=\"wp-block-table has-small-font-size\"><table><tbody><tr><td><strong>\u0130KT\u0130SAD\u0130, \u0130DAR\u0130 VE SOSYAL B\u0130L\u0130MLER FAK\u00dcLTES\u0130<\/strong><\/td><td><strong>TAM \u00dcCRETL\u0130 (TL)<\/strong> <\/td><td><strong>KAYIT \u00dcCRET\u0130 (USD)<\/strong><\/td><td><strong>%50 BURSLU<\/strong><\/td><\/tr><tr><td>Havac\u0131l\u0131k Y\u00f6netimi (\u0130ngilizce)<\/td><td>200.000<\/td><td>300<\/td><td>100.000<\/td><\/tr><tr><td>\u0130\u015fletme (\u0130ngilizce)<\/td><td>200.000<\/td><td>300<\/td><td>100.000<\/td><\/tr><tr><td>Psikoloji (T\u00fcrk\u00e7e)<\/td><td>250.000<\/td><td>300<\/td><td>125.000<\/td><\/tr><tr><td>Lojistik Program\u0131<\/td><td>200.000<\/td><td>300<\/td><td>100.000<\/td><\/tr><tr><td>Turizm ve Otel \u0130\u015fletmecili\u011fi<\/td><td>200.000<\/td><td>300<\/td><td>100.000<\/td><\/tr><tr><td>Psikoloji (\u0130ngilizce)<\/td><td>200.000<\/td><td>300<\/td><td>100.000<\/td><\/tr><tr><td><strong>M\u00dcHEND\u0130SL\u0130K VE M\u0130MARLIK FAK\u00dcLTES\u0130<\/strong><\/td><td><strong>TAM \u00dcCRETL\u0130<\/strong><\/td><td><strong>KAYIT \u00dcCRET\u0130 (USD)<\/strong><\/td><td><strong><strong>%50 BURSLU<\/strong><\/strong><\/td><\/tr><tr><td>Bilgisayar M\u00fchendisli\u011fi (\u0130ngilizce)<\/td><td>200.000<\/td><td>300<\/td><td>100.000<\/td><\/tr><tr><td>Bili\u015fim Sistemleri M\u00fchendisli\u011fi<\/td><td>200.000<\/td><td>300<\/td><td>100.000<\/td><\/tr><tr><td>Elektrik-Elektronik M\u00fchendisli\u011fi<\/td><td>200.000<\/td><td>300<\/td><td>100.000<\/td><\/tr><\/tbody><\/table><\/figure>\n\n\n\n<p><mark style=\"background-color:rgba(0, 0, 0, 0);color:#d91313\" class=\"has-inline-color\"><strong>NOT:<\/strong><\/mark>&nbsp;<strong>E\u011fitim \u00fccretlerine 5% KDV ve 300 USD kay\u0131t \u00fccreti dahil de\u011fildir.<\/strong><\/p>\n\n\n\n<p><mark style=\"background-color:rgba(0, 0, 0, 0);color:#d91313\" class=\"has-inline-color\"><strong>NOT:<\/strong><\/mark> <strong>%100 burslu yerle\u015fen \u00f6\u011frencilerden e\u011fitim ve \u00f6\u011fretim y\u0131l\u0131 ba\u015f\u0131nda olmak \u00fczere akademik y\u0131l i\u00e7in <strong>400 USD<\/strong><\/strong> <strong>kay\u0131t ve aktivite \u00fccreti al\u0131nacakt\u0131r.<\/strong><\/p>\n\n\n\n<h2 class=\"wp-block-heading\">KKTC Burslar<\/h2>\n\n\n\n<p>T\u00fcm \u00f6\u011frencilerine verilecek burslar \u00fcniversitemiz taraf\u0131ndan KKTC \u00f6\u011frencilerine yap\u0131lacak bursluluk s\u0131nav\u0131na g\u00f6re belirlenir. Detayl\u0131 bilgi i\u00e7in ileti\u015fim formu doldurabilir veya bize ula\u015fabilirsiniz.<\/p>\n<\/div><\/div>\n\n<\/div><\/div>","protected":false},"excerpt":{"rendered":"<p>2025-2026 E\u011e\u0130T\u0130M \u00d6\u011eRET\u0130M YILI \u00dcCRET TABLOSU (KKTC \u00dccretler) \u0130KT\u0130SAD\u0130, \u0130DAR\u0130 VE SOSYAL B\u0130L\u0130MLER FAK\u00dcLTES\u0130 TAM \u00dcCRETL\u0130 (TL) KAYIT \u00dcCRET\u0130 (USD) %50 BURSLU Havac\u0131l\u0131k Y\u00f6netimi (\u0130ngilizce) 200.000 300 100.000 \u0130\u015fletme (\u0130ngilizce) 200.000 300 100.000 Psikoloji (T\u00fcrk\u00e7e) 250.000 300 125.000 Lojistik Program\u0131 200.000 300 100.000 Turizm ve Otel \u0130\u015fletmecili\u011fi 200.000 300 100.000 Psikoloji (\u0130ngilizce) 200.000 300 100.000&#8230;<\/p>\n","protected":false},"author":1,"featured_media":5265,"parent":0,"menu_order":0,"comment_status":"closed","ping_status":"closed","template":"","meta":{"_coblocks_attr":"","_coblocks_dimensions":"","_coblocks_responsive_height":"","_coblocks_accordion_ie_support":"","_kad_post_transparent":"","_kad_post_title":"","_kad_post_layout":"normal","_kad_post_sidebar_id":"","_kad_post_content_style":"unboxed","_kad_post_vertical_padding":"","_kad_post_feature":"","_kad_post_feature_position":"","_kad_post_header":false,"_kad_post_footer":false,"footnotes":""},"class_list":["post-4283","page","type-page","status-publish","has-post-thumbnail","hentry"],"_links":{"self":[{"href":"https:\/\/www.cwu.edu.tr\/tr\/wp-json\/wp\/v2\/pages\/4283","targetHints":{"allow":["GET"]}}],"collection":[{"href":"https:\/\/www.cwu.edu.tr\/tr\/wp-json\/wp\/v2\/pages"}],"about":[{"href":"https:\/\/www.cwu.edu.tr\/tr\/wp-json\/wp\/v2\/types\/page"}],"author":[{"embeddable":true,"href":"https:\/\/www.cwu.edu.tr\/tr\/wp-json\/wp\/v2\/users\/1"}],"replies":[{"embeddable":true,"href":"https:\/\/www.cwu.edu.tr\/tr\/wp-json\/wp\/v2\/comments?post=4283"}],"version-history":[{"count":13,"href":"https:\/\/www.cwu.edu.tr\/tr\/wp-json\/wp\/v2\/pages\/4283\/revisions"}],"predecessor-version":[{"id":5346,"href":"https:\/\/www.cwu.edu.tr\/tr\/wp-json\/wp\/v2\/pages\/4283\/revisions\/5346"}],"wp:featuredmedia":[{"embeddable":true,"href":"https:\/\/www.cwu.edu.tr\/tr\/wp-json\/wp\/v2\/media\/5265"}],"wp:attachment":[{"href":"https:\/\/www.cwu.edu.tr\/tr\/wp-json\/wp\/v2\/media?parent=4283"}],"curies":[{"name":"wp","href":"https:\/\/api.w.org\/{rel}","templated":true}]}}