{"id":4911,"date":"2025-07-23T07:21:28","date_gmt":"2025-07-23T07:21:28","guid":{"rendered":"https:\/\/www.cwu.edu.tr\/tr\/?page_id=4911"},"modified":"2026-02-19T08:28:10","modified_gmt":"2026-02-19T08:28:10","slug":"akademik-takvim-2025-2026","status":"publish","type":"page","link":"https:\/\/www.cwu.edu.tr\/tr\/akademik-takvim-2025-2026\/","title":{"rendered":"Akademik Takvim 2025 \u2013 2026"},"content":{"rendered":"<style>.kb-row-layout-id4911_f6bb94-be > .kt-row-column-wrap{align-content:start;}:where(.kb-row-layout-id4911_f6bb94-be > .kt-row-column-wrap) > .wp-block-kadence-column{justify-content:start;}.kb-row-layout-id4911_f6bb94-be > .kt-row-column-wrap{column-gap:var(--global-kb-gap-md, 2rem);row-gap:var(--global-kb-gap-md, 2rem);padding-top:var(--global-kb-spacing-sm, 1.5rem);padding-bottom:var(--global-kb-spacing-sm, 1.5rem);grid-template-columns:minmax(0, calc(25% - ((var(--global-kb-gap-md, 2rem) * 1 )\/2)))minmax(0, calc(75% - ((var(--global-kb-gap-md, 2rem) * 1 )\/2)));}.kb-row-layout-id4911_f6bb94-be > .kt-row-layout-overlay{opacity:0.30;}@media all and (max-width: 1024px){.kb-row-layout-id4911_f6bb94-be > .kt-row-column-wrap{grid-template-columns:minmax(0, 1fr) minmax(0, 2fr);}}@media all and (max-width: 767px){.kb-row-layout-id4911_f6bb94-be > .kt-row-column-wrap{grid-template-columns:minmax(0, 1fr);}}<\/style><div class=\"kb-row-layout-wrap kb-row-layout-id4911_f6bb94-be alignnone wp-block-kadence-rowlayout\"><div class=\"kt-row-column-wrap kt-has-2-columns kt-row-layout-right-golden kt-tab-layout-inherit kt-mobile-layout-row kt-row-valign-top\">\n<style>.kadence-column4911_b2e428-93 > .kt-inside-inner-col,.kadence-column4911_b2e428-93 > .kt-inside-inner-col:before{border-top-left-radius:0px;border-top-right-radius:0px;border-bottom-right-radius:0px;border-bottom-left-radius:0px;}.kadence-column4911_b2e428-93 > .kt-inside-inner-col{column-gap:var(--global-kb-gap-sm, 1rem);}.kadence-column4911_b2e428-93 > .kt-inside-inner-col{flex-direction:column;}.kadence-column4911_b2e428-93 > .kt-inside-inner-col > .aligncenter{width:100%;}.kadence-column4911_b2e428-93 > .kt-inside-inner-col:before{opacity:0.3;}.kadence-column4911_b2e428-93{position:relative;}@media all and (max-width: 1024px){.kadence-column4911_b2e428-93 > .kt-inside-inner-col{flex-direction:column;justify-content:center;}}@media all and (max-width: 767px){.kadence-column4911_b2e428-93 > .kt-inside-inner-col{flex-direction:column;justify-content:center;}}<\/style>\n<div class=\"wp-block-kadence-column kadence-column4911_b2e428-93\"><div class=\"kt-inside-inner-col\">\n<div class=\"wp-block-wpb-accordion-menu-or-category-pro-wpb-wmca-shortcode-selector\">\t\t\t<div class=\"wpb_category_n_menu_accordion wpb_accordion_free_version wpb_wmca_accordion_wrapper_theme_transparent wpb_the_menu_accordion\" data-shortcode_id=\"4916\" data-accordion=\"true\" data-indicator_icon=\"+\">\n\t\t\t\t\t\t\t\t<ul id=\"menu-akademik-takvim-sidebar\" class=\"wpb_category_n_menu_accordion_list\"><li id=\"menu-item-4915\" class=\"menu-item menu-item-type-post_type menu-item-object-page menu-item-4915\"><a href=\"https:\/\/www.cwu.edu.tr\/tr\/akademik-takvim-2025-2026\/\">Akademik Takvim 2025 &#8211; 2026<\/a><\/li>\n<li id=\"menu-item-4914\" class=\"menu-item menu-item-type-post_type menu-item-object-page menu-item-4914\"><a href=\"https:\/\/www.cwu.edu.tr\/tr\/akademik-takvim\/\">Akademik Takvim 2024 \u2013 2025<\/a><\/li>\n<\/ul>\t\t\t\t\t\t\t<\/div>\n\t\t<\/div>\n<\/div><\/div>\n\n\n<style>.kadence-column4911_344ea0-5c > .kt-inside-inner-col,.kadence-column4911_344ea0-5c > .kt-inside-inner-col:before{border-top-left-radius:0px;border-top-right-radius:0px;border-bottom-right-radius:0px;border-bottom-left-radius:0px;}.kadence-column4911_344ea0-5c > .kt-inside-inner-col{column-gap:var(--global-kb-gap-sm, 1rem);}.kadence-column4911_344ea0-5c > .kt-inside-inner-col{flex-direction:column;}.kadence-column4911_344ea0-5c > .kt-inside-inner-col > .aligncenter{width:100%;}.kadence-column4911_344ea0-5c > .kt-inside-inner-col:before{opacity:0.3;}.kadence-column4911_344ea0-5c{position:relative;}@media all and (max-width: 1024px){.kadence-column4911_344ea0-5c > .kt-inside-inner-col{flex-direction:column;justify-content:center;}}@media all and (max-width: 767px){.kadence-column4911_344ea0-5c > .kt-inside-inner-col{flex-direction:column;justify-content:center;}}<\/style>\n<div class=\"wp-block-kadence-column kadence-column4911_344ea0-5c\"><div class=\"kt-inside-inner-col\">\n<h2 class=\"wp-block-heading\">Akademik Takvim 2025 \u2013 2026<\/h2>\n\n\n\n<figure class=\"wp-block-table is-style-stripes\" style=\"font-size:15px\"><table><tbody><tr><td class=\"has-text-align-center\" data-align=\"center\"><strong>BA\u015eLANGI\u00c7<\/strong><\/td><td class=\"has-text-align-left\" data-align=\"left\"><strong>B\u0130T\u0130\u015e<\/strong><\/td><td><strong>2025-2026 E\u011fitim-\u00d6\u011fretim Y\u0131l\u0131 G\u00fcz Yar\u0131y\u0131l\u0131 Akademik Takvimi<\/strong><\/td><\/tr><tr><td class=\"has-text-align-center\" data-align=\"center\">14 Temmuz 2025 Pazartesi<\/td><td class=\"has-text-align-left\" data-align=\"left\">22 A\u011fustos 2025 Cuma<\/td><td>Yatay Ge\u00e7i\u015f Ba\u015fvuru Tarihleri<\/td><\/tr><tr><td class=\"has-text-align-center\" data-align=\"center\" colspan=\"2\">27 A\u011fustos 2025 \u00c7ar\u015famba<\/td><td class=\"has-text-align-left\" data-align=\"left\">Yatay Ge\u00e7i\u015f Sonu\u00e7lar\u0131n\u0131n \u0130lan\u0131 (17.00)<\/td><\/tr><tr><td class=\"has-text-align-center\" data-align=\"center\" colspan=\"2\">\u00d6SYM taraf\u0131ndan belirlenecektir.<\/td><td class=\"has-text-align-left\" data-align=\"left\">\u00d6SYM Taraf\u0131ndan Yeni Yerle\u015ftirilen \u00d6\u011frencilerin Kesin Kay\u0131tlar\u0131<\/td><\/tr><tr><td class=\"has-text-align-center\" data-align=\"center\">28 A\u011fustos 2025 Per\u015fembe<\/td><td class=\"has-text-align-left\" data-align=\"left\">29 A\u011fustos 2025 Cuma<\/td><td>Yatay Ge\u00e7i\u015fi Kabul edilenlerin Kesin Kay\u0131tlar\u0131n\u0131n Yap\u0131lmas\u0131<\/td><\/tr><tr><td class=\"has-text-align-center\" data-align=\"center\" colspan=\"2\">\u00d6SYM taraf\u0131ndan belirlenecektir.<\/td><td class=\"has-text-align-left\" data-align=\"left\">\u00d6SYM Taraf\u0131ndan Ek Yerle\u015ftirme Yap\u0131lan \u00d6\u011frencilerin Kesin Kay\u0131tlar\u0131<\/td><\/tr><tr><td class=\"has-text-align-center\" data-align=\"center\">01 Eyl\u00fcl 2025 Pazartesi<\/td><td class=\"has-text-align-left\" data-align=\"left\">19 Eyl\u00fcl 2025 Cuma<\/td><td>\u00d6\u011fretim \u00dccreti \u00d6demeleri<\/td><\/tr><tr><td class=\"has-text-align-center\" data-align=\"center\" colspan=\"2\"><mark style=\"background-color:rgba(0, 0, 0, 0);color:#d70a0a\" class=\"has-inline-color\">4 Eyl\u00fcl 2025 Per\u015fembe<\/mark><\/td><td class=\"has-text-align-left\" data-align=\"left\"><mark style=\"background-color:rgba(0, 0, 0, 0);color:#d70a0a\" class=\"has-inline-color\">Mevlid Kandili (Resmi Tatil)<\/mark><\/td><\/tr><tr><td class=\"has-text-align-center\" data-align=\"center\" colspan=\"2\">15 Eyl\u00fcl 2025 Pazartesi<\/td><td class=\"has-text-align-left\" data-align=\"left\">\u0130ngilizce Yeterlik S\u0131nav\u0131 (11:00)<\/td><\/tr><tr><td class=\"has-text-align-center\" data-align=\"center\">17 Eyl\u00fcl 2025 \u00c7ar\u015famba<\/td><td class=\"has-text-align-left\" data-align=\"left\">19 Eyl\u00fcl 2025 Cuma<\/td><td>\u00c7evrimi\u00e7i Ders Kay\u0131tlar\u0131 ve Dan\u0131\u015fman Onaylar\u0131<\/td><\/tr><tr><td class=\"has-text-align-center\" data-align=\"center\" colspan=\"2\">22 Eyl\u00fcl 2025 Pazartesi<\/td><td class=\"has-text-align-left\" data-align=\"left\">Derslerin Ba\u015flamas\u0131 (Haz\u0131rl\u0131k, Lisans ve Y\u00fcksek Lisans)<\/td><\/tr><tr><td class=\"has-text-align-center\" data-align=\"center\">23 Eyl\u00fcl 2025 Sal\u0131<\/td><td class=\"has-text-align-left\" data-align=\"left\">26 Eyl\u00fcl 2025 Cuma<\/td><td>Yeni \u00d6\u011frenciler \u0130\u00e7in Oryantasyon Program\u0131<\/td><\/tr><tr><td class=\"has-text-align-center\" data-align=\"center\" colspan=\"2\">3 Ekim 2025 Cuma<\/td><td class=\"has-text-align-left\" data-align=\"left\">Ders Muafiyet Ba\u015fvurular\u0131 i\u00e7in Son G\u00fcn<\/td><\/tr><tr><td class=\"has-text-align-center\" data-align=\"center\" colspan=\"2\">17 Ekim 2025 Cuma<\/td><td class=\"has-text-align-left\" data-align=\"left\">Ge\u00e7 Kay\u0131t \u0130\u00e7in Son G\u00fcn (Cezal\u0131)<\/td><\/tr><tr><td class=\"has-text-align-center\" data-align=\"center\" colspan=\"2\">17 Ekim 2025 Cuma<\/td><td class=\"has-text-align-left\" data-align=\"left\">Ders Ekleme ve B\u0131rakmak \u0130\u00e7in Son G\u00fcn<\/td><\/tr><tr><td class=\"has-text-align-center\" data-align=\"center\" colspan=\"2\">24 Ekim 2025 Cuma<\/td><td class=\"has-text-align-left\" data-align=\"left\">Kay\u0131t Dondurmak \u0130\u00e7in Son G\u00fcn<\/td><\/tr><tr><td class=\"has-text-align-center\" data-align=\"center\" colspan=\"2\"><mark style=\"background-color:rgba(0, 0, 0, 0);color:#d70a0a\" class=\"has-inline-color\">29 Ekim 2025 \u00c7ar\u015famba<\/mark><\/td><td class=\"has-text-align-left\" data-align=\"left\"><mark style=\"background-color:rgba(0, 0, 0, 0);color:#d70a0a\" class=\"has-inline-color\">T. C. Cumhuriyet Bayram\u0131 (Resmi Tatil)<\/mark><\/td><\/tr><tr><td class=\"has-text-align-center\" data-align=\"center\">8 Kas\u0131m 2025 Cumartesi<\/td><td class=\"has-text-align-left\" data-align=\"left\">14 Kas\u0131m 2025 Cuma<\/td><td>Ara S\u0131nav Haftas\u0131<\/td><\/tr><tr><td class=\"has-text-align-center\" data-align=\"center\" colspan=\"2\"><mark style=\"background-color:rgba(0, 0, 0, 0);color:#d70a0a\" class=\"has-inline-color\">15 Kas\u0131m 2025 Cumartesi<\/mark><\/td><td class=\"has-text-align-left\" data-align=\"left\"><mark style=\"background-color:rgba(0, 0, 0, 0);color:#d70a0a\" class=\"has-inline-color\">KKTC Cumhuriyet Bayram\u0131 (Resmi Tatil)<\/mark><\/td><\/tr><tr><td class=\"has-text-align-center\" data-align=\"center\">17 Kas\u0131m 2025 Pazartesi<\/td><td class=\"has-text-align-left\" data-align=\"left\">21 Kas\u0131m 2025 Cuma<\/td><td>Ara S\u0131nav Mazeret S\u0131nav Ba\u015fvurular\u0131<\/td><\/tr><tr><td class=\"has-text-align-center\" data-align=\"center\" colspan=\"2\">21 Kas\u0131m 2025 Cuma<\/td><td class=\"has-text-align-left\" data-align=\"left\">Ara S\u0131nav Notlar\u0131n\u0131n \u0130lan Edilece\u011fi Son G\u00fcn (17:00)<\/td><\/tr><tr><td class=\"has-text-align-center\" data-align=\"center\" colspan=\"2\"><mark style=\"background-color:rgba(0, 0, 0, 0);color:#d70a0a\" class=\"has-inline-color\">1 Ocak 2026 Per\u015fembe<\/mark><\/td><td class=\"has-text-align-left\" data-align=\"left\"><mark style=\"background-color:rgba(0, 0, 0, 0);color:#d70a0a\" class=\"has-inline-color\">Y\u0131lba\u015f\u0131 Tatili (Resmi Tatil)<\/mark><\/td><\/tr><tr><td class=\"has-text-align-center\" data-align=\"center\" colspan=\"2\">2 Ocak 2026 Cuma<\/td><td class=\"has-text-align-left\" data-align=\"left\">Derslerin Son G\u00fcn\u00fc (Haz\u0131rl\u0131k, Lisans ve Y\u00fcksek Lisans)<\/td><\/tr><tr><td class=\"has-text-align-center\" data-align=\"center\">5 Ocak 2026 Pazartesi<\/td><td class=\"has-text-align-left\" data-align=\"left\">16 Ocak 2026 Cuma<\/td><td>Final S\u0131navlar\u0131 D\u00f6nemi<\/td><\/tr><tr><td class=\"has-text-align-center\" data-align=\"center\" colspan=\"2\">22 Ocak 2026 Per\u015fembe<\/td><td class=\"has-text-align-left\" data-align=\"left\">Notlar\u0131n\u0131n Sisteme Giri\u015fi \u0130\u00e7in Son G\u00fcn (17:00)<\/td><\/tr><tr><td class=\"has-text-align-center\" data-align=\"center\">23 Ocak 2026 Cuma<\/td><td class=\"has-text-align-left\" data-align=\"left\">26 Ocak 2026 Pazartesi<\/td><td>B\u00fct\u00fcnleme S\u0131nav Ba\u015fvurular\u0131<\/td><\/tr><tr><td class=\"has-text-align-center\" data-align=\"center\">29 Ocak 2026 Per\u015fembe<\/td><td class=\"has-text-align-left\" data-align=\"left\">30 Ocak 2026 Cuma<\/td><td>B\u00fct\u00fcnleme S\u0131navlar\u0131<\/td><\/tr><tr><td class=\"has-text-align-center\" data-align=\"center\" colspan=\"2\">2 \u015eubat 2026 Pazartesi<\/td><td class=\"has-text-align-left\" data-align=\"left\">B\u00fct\u00fcnleme S\u0131nav Notlar\u0131n\u0131n Sisteme Girilmesi \u0130\u00e7in Son G\u00fcn<\/td><\/tr><tr><td class=\"has-text-align-center\" data-align=\"center\" colspan=\"2\">4 \u015eubat 2026 \u00c7ar\u015famba<\/td><td class=\"has-text-align-left\" data-align=\"left\">Tek Ders S\u0131nav Ba\u015fvurular\u0131<\/td><\/tr><tr><td class=\"has-text-align-center\" data-align=\"center\" colspan=\"2\">6 \u015eubat 2026 Cuma<\/td><td class=\"has-text-align-left\" data-align=\"left\">Tek Ders S\u0131navlar\u0131<\/td><\/tr><tr><td class=\"has-text-align-center\" data-align=\"center\"><strong>BA\u015eLANGI\u00c7<\/strong><\/td><td class=\"has-text-align-left\" data-align=\"left\"><strong>B\u0130T\u0130\u015e<\/strong><\/td><td><strong>2025-2026 E\u011fitim-\u00d6\u011fretim Y\u0131l\u0131 Bahar Yar\u0131y\u0131l\u0131 Akademik Takvimi<\/strong><\/td><\/tr><tr><td class=\"has-text-align-center\" data-align=\"center\">26 Ocak 2026 Pazartesi<\/td><td class=\"has-text-align-left\" data-align=\"left\">6 \u015eubat 2026 Cuma<\/td><td>\u00d6\u011frenim \u00dccreti \u00d6demeleri<\/td><\/tr><tr><td class=\"has-text-align-center\" data-align=\"center\">6 \u015eubat 2026 Cuma<\/td><td class=\"has-text-align-left\" data-align=\"left\">13 \u015eubat 2026 Cuma<\/td><td>\u00c7evrimi\u00e7i Ders Kay\u0131tlar\u0131 Dan\u0131\u015fman Onaylar\u0131<\/td><\/tr><tr><td class=\"has-text-align-center\" data-align=\"center\" colspan=\"2\">16 \u015eubat 2026 Pazartesi<\/td><td class=\"has-text-align-left\" data-align=\"left\">Derslerin Ba\u015flamas\u0131 (Haz\u0131rl\u0131k, Lisans ve Y\u00fcksek Lisans)<\/td><\/tr><tr><td class=\"has-text-align-center\" data-align=\"center\" colspan=\"2\">16-20 \u015eubat 2026 Pazartesi (11:00)<\/td><td class=\"has-text-align-left\" data-align=\"left\">\u0130ngilizce Yeterlik S\u0131nav\u0131 (Yeni \u00f6\u011frenciler i\u00e7in)<\/td><\/tr><tr><td class=\"has-text-align-center\" data-align=\"center\" colspan=\"2\">13 Mart 2026 Cuma<\/td><td class=\"has-text-align-left\" data-align=\"left\">Ders Ekleme ve B\u0131rakmak \u0130\u00e7in Son G\u00fcn<\/td><\/tr><tr><td class=\"has-text-align-center\" data-align=\"center\" colspan=\"2\">18 Mart 2026 \u00c7ar\u015famba<\/td><td class=\"has-text-align-left\" data-align=\"left\">Kay\u0131t Dondurmak \u0130\u00e7in Son G\u00fcn<\/td><\/tr><tr><td class=\"has-text-align-center\" data-align=\"center\" colspan=\"2\"><mark style=\"background-color:rgba(0, 0, 0, 0);color:#d70a0a\" class=\"has-inline-color\">19 Mart 2026 Per\u015fembe<\/mark><\/td><td class=\"has-text-align-left\" data-align=\"left\"><mark style=\"background-color:rgba(0, 0, 0, 0);color:#d70a0a\" class=\"has-inline-color\">Ramazan Bayram\u0131 (Arife G\u00fcn\u00fc)<\/mark><\/td><\/tr><tr><td class=\"has-text-align-center\" data-align=\"center\"><mark style=\"background-color:rgba(0, 0, 0, 0);color:#d70a0a\" class=\"has-inline-color\">20 Mart 2026 Cuma<\/mark><\/td><td class=\"has-text-align-left\" data-align=\"left\"><mark style=\"background-color:rgba(0, 0, 0, 0);color:#d70a0a\" class=\"has-inline-color\">22 Mart 2026 Pazar<\/mark><\/td><td><mark style=\"background-color:rgba(0, 0, 0, 0);color:#d70a0a\" class=\"has-inline-color\">Ramazan Bayram\u0131 (Resmi Tatil)<\/mark><\/td><\/tr><tr><td class=\"has-text-align-center\" data-align=\"center\">6 Nisan 2026 Pazartesi<\/td><td class=\"has-text-align-left\" data-align=\"left\">11 Nisan 2026 Cumartesi<\/td><td>Ara S\u0131nav Haftas\u0131<\/td><\/tr><tr><td class=\"has-text-align-center\" data-align=\"center\" colspan=\"2\">16 Nisan 2026 Per\u015fembe<\/td><td class=\"has-text-align-left\" data-align=\"left\">Ara S\u0131nav Notlar\u0131n\u0131n \u0130lan Edilece\u011fi Son G\u00fcn (17:00)<\/td><\/tr><tr><td class=\"has-text-align-center\" data-align=\"center\">13 Nisan 2026 Pazartesi<\/td><td class=\"has-text-align-left\" data-align=\"left\">17 Nisan 2026 Cuma<\/td><td>Ara S\u0131nav Mazeret S\u0131nav Ba\u015fvurular\u0131<\/td><\/tr><tr><td class=\"has-text-align-center\" data-align=\"center\" colspan=\"2\"><mark style=\"background-color:rgba(0, 0, 0, 0);color:#d70a0a\" class=\"has-inline-color\">23 Nisan 2026 Per\u015fembe<\/mark><\/td><td class=\"has-text-align-left\" data-align=\"left\"><mark style=\"background-color:rgba(0, 0, 0, 0);color:#d70a0a\" class=\"has-inline-color\">Milli Egemenlik ve \u00c7ocuk Bayram\u0131 (Resmi Tatil)<\/mark><\/td><\/tr><tr><td class=\"has-text-align-center\" data-align=\"center\" colspan=\"2\"><mark style=\"background-color:rgba(0, 0, 0, 0);color:#d70a0a\" class=\"has-inline-color\">1 May\u0131s 2026 Cuma<\/mark><\/td><td class=\"has-text-align-left\" data-align=\"left\"><mark style=\"background-color:rgba(0, 0, 0, 0);color:#d70a0a\" class=\"has-inline-color\">Emek ve Dayan\u0131\u015fma G\u00fcn\u00fc (\u0130\u015f\u00e7i Bayram\u0131-Resmi Tatil)<\/mark><\/td><\/tr><tr><td class=\"has-text-align-center\" data-align=\"center\" colspan=\"2\"><mark style=\"background-color:rgba(0, 0, 0, 0);color:#d70a0a\" class=\"has-inline-color\">19 May\u0131s 2026 Sal\u0131<\/mark><\/td><td class=\"has-text-align-left\" data-align=\"left\"><mark style=\"background-color:rgba(0, 0, 0, 0);color:#d70a0a\" class=\"has-inline-color\">Atat\u00fcrk&#8217;\u00fc Anma, Gen\u00e7lik ve Spor Bayram\u0131 (Resmi Tatil)<\/mark><\/td><\/tr><tr><td class=\"has-text-align-center\" data-align=\"center\" colspan=\"2\"><mark style=\"background-color:rgba(0, 0, 0, 0);color:#d70a0a\" class=\"has-inline-color\">26 May\u0131s 2026 Sal\u0131<\/mark><\/td><td class=\"has-text-align-left\" data-align=\"left\"><mark style=\"background-color:rgba(0, 0, 0, 0);color:#d70a0a\" class=\"has-inline-color\">Kurban Bayram\u0131 (Arife G\u00fcn\u00fc)<\/mark><\/td><\/tr><tr><td class=\"has-text-align-center\" data-align=\"center\"><mark style=\"background-color:rgba(0, 0, 0, 0);color:#d70a0a\" class=\"has-inline-color\">27 May\u0131s 2026 \u00c7ar\u015famba<\/mark><\/td><td class=\"has-text-align-left\" data-align=\"left\"><mark style=\"background-color:rgba(0, 0, 0, 0);color:#d70a0a\" class=\"has-inline-color\">30 May\u0131s 2026 Cumartesi<\/mark><\/td><td><mark style=\"background-color:rgba(0, 0, 0, 0);color:#d70a0a\" class=\"has-inline-color\">Kurban Bayram\u0131 (Resmi Tatil)<\/mark><\/td><\/tr><tr><td class=\"has-text-align-center\" data-align=\"center\" colspan=\"2\">5 Haziran 2026 Cuma<\/td><td class=\"has-text-align-left\" data-align=\"left\">Derslerin son g\u00fcn\u00fc (Haz\u0131rl\u0131k, Lisans ve Y\u00fcksek Lisans)<\/td><\/tr><tr><td class=\"has-text-align-center\" data-align=\"center\">8 Haziran 2026 Pazartesi<\/td><td class=\"has-text-align-left\" data-align=\"left\">17 Haziran 2026 \u00c7ar\u015famba<\/td><td>D\u00f6nem Sonu S\u0131navlar\u0131 (Final S\u0131navlar\u0131)<\/td><\/tr><tr><td class=\"has-text-align-center\" data-align=\"center\" colspan=\"2\">22 Haziran 2026 Pazartesi<\/td><td class=\"has-text-align-left\" data-align=\"left\">Harf Notlar\u0131n Sisteme Giri\u015fi \u0130\u00e7in Son G\u00fcn&nbsp; (17:00)<\/td><\/tr><tr><td class=\"has-text-align-center\" data-align=\"center\">23 Haziran 2026 Sal\u0131<\/td><td class=\"has-text-align-left\" data-align=\"left\">24 Haziran 2026 \u00c7ar\u015famba<\/td><td>B\u00fct\u00fcnleme S\u0131nav Ba\u015fvurular\u0131<\/td><\/tr><tr><td class=\"has-text-align-center\" data-align=\"center\">29 Haziran 2026 Pazartesi<\/td><td class=\"has-text-align-left\" data-align=\"left\">30 Haziran 2026 Sal\u0131<\/td><td>B\u00fct\u00fcnleme S\u0131navlar\u0131<\/td><\/tr><tr><td class=\"has-text-align-center\" data-align=\"center\" colspan=\"2\">1 Temmuz 2026 \u00c7ar\u015famba<\/td><td class=\"has-text-align-left\" data-align=\"left\">B\u00fct\u00fcnleme S\u0131nav Notlar\u0131n\u0131n Sisteme Girilmesi \u0130\u00e7in Son G\u00fcn<\/td><\/tr><tr><td class=\"has-text-align-center\" data-align=\"center\" colspan=\"2\">2 Temmuz 2026 Per\u015fembe<\/td><td class=\"has-text-align-left\" data-align=\"left\">Tek Ders S\u0131nav\u0131 Ba\u015fvurular\u0131<\/td><\/tr><tr><td class=\"has-text-align-center\" data-align=\"center\" colspan=\"2\">3 Temmuz 2026 Cuma<\/td><td class=\"has-text-align-left\" data-align=\"left\">Tek Ders S\u0131navlar\u0131<\/td><\/tr><tr><td class=\"has-text-align-center\" data-align=\"center\" colspan=\"2\">10 Temmuz 2026 Cuma<\/td><td class=\"has-text-align-left\" data-align=\"left\">Mezuniyet T\u00f6reni<\/td><\/tr><tr><td class=\"has-text-align-center\" data-align=\"center\"><strong>BA\u015eLANGI\u00c7<\/strong><\/td><td class=\"has-text-align-left\" data-align=\"left\"><strong>B\u0130T\u0130\u015e<\/strong><\/td><td><strong>2025-2026 E\u011fitim-\u00d6\u011fretim Y\u0131l\u0131 Yaz D\u00f6nemi Akademik Takvimi<\/strong><\/td><\/tr><tr><td class=\"has-text-align-center\" data-align=\"center\">1 Temmuz 2026 \u00c7ar\u015famba<\/td><td class=\"has-text-align-left\" data-align=\"left\">9 Temmuz 2026 Per\u015fembe<\/td><td>Yaz Okulu Ba\u015fvurular\u0131 ve \u00dccret \u00d6demeleri<\/td><\/tr><tr><td class=\"has-text-align-center\" data-align=\"center\" colspan=\"2\"><mark style=\"background-color:rgba(0, 0, 0, 0);color:#d70a0a\" class=\"has-inline-color\">20 Temmuz 2026 Pazartesi<\/mark><\/td><td class=\"has-text-align-left\" data-align=\"left\"><mark style=\"background-color:rgba(0, 0, 0, 0);color:#d70a0a\" class=\"has-inline-color\">KKTC Bar\u0131\u015f ve \u00d6zg\u00fcrl\u00fck Bayram\u0131 (Resmi Tatil)<\/mark><\/td><\/tr><tr><td class=\"has-text-align-center\" data-align=\"center\" colspan=\"2\">21 Temmuz 2026 Sal\u0131<\/td><td class=\"has-text-align-left\" data-align=\"left\">Derslerin Ba\u015flamas\u0131<\/td><\/tr><tr><td class=\"has-text-align-center\" data-align=\"center\" colspan=\"2\"><mark style=\"background-color:rgba(0, 0, 0, 0);color:#d70a0a\" class=\"has-inline-color\">1 A\u011fustos 2026 Cumartesi<\/mark><\/td><td class=\"has-text-align-left\" data-align=\"left\"><mark style=\"background-color:rgba(0, 0, 0, 0);color:#d70a0a\" class=\"has-inline-color\">KKTC Toplumsal Direni\u015f Bayram\u0131 (Resmi Tatil)<\/mark><\/td><\/tr><tr><td class=\"has-text-align-center\" data-align=\"center\">10 A\u011fustos 2026 Pazartesi<\/td><td class=\"has-text-align-left\" data-align=\"left\">14 A\u011fustos 2026 Cuma<\/td><td>Ara S\u0131navlar (S\u0131navlar haricinde dersler devam edecektir)<\/td><\/tr><tr><td class=\"has-text-align-center\" data-align=\"center\" colspan=\"2\"><mark style=\"background-color:rgba(0, 0, 0, 0);color:#d70a0a\" class=\"has-inline-color\">24 A\u011fustos 2026 Pazartesi<\/mark><\/td><td class=\"has-text-align-left\" data-align=\"left\"><mark style=\"background-color:rgba(0, 0, 0, 0);color:#d70a0a\" class=\"has-inline-color\">Mevlid Kandili (Resmi Tatil)<\/mark><\/td><\/tr><tr><td class=\"has-text-align-center\" data-align=\"center\" colspan=\"2\"><mark style=\"background-color:rgba(0, 0, 0, 0);color:#d70a0a\" class=\"has-inline-color\">30 A\u011fustos 2026 Pazar<\/mark><\/td><td class=\"has-text-align-left\" data-align=\"left\"><mark style=\"background-color:rgba(0, 0, 0, 0);color:#d70a0a\" class=\"has-inline-color\">Zafer Bayram\u0131 (Resmi Tatil)<\/mark><\/td><\/tr><tr><td class=\"has-text-align-center\" data-align=\"center\" colspan=\"2\">7 Eyl\u00fcl 2026 Pazartesi<\/td><td class=\"has-text-align-left\" data-align=\"left\">Derslerin Son G\u00fcn\u00fc<\/td><\/tr><tr><td class=\"has-text-align-center\" data-align=\"center\">8 Eyl\u00fcl 2026 Sal\u0131<\/td><td class=\"has-text-align-left\" data-align=\"left\">10 Eyl\u00fcl 2026 Per\u015fembe<\/td><td>D\u00f6nem Sonu S\u0131navlar\u0131<\/td><\/tr><tr><td class=\"has-text-align-center\" data-align=\"center\" colspan=\"2\">11 Eyl\u00fcl 2026 Cuma<\/td><td class=\"has-text-align-left\" data-align=\"left\">Harf Notlar\u0131n\u0131n Verilmesi \u0130\u00e7in Son G\u00fcn<\/td><\/tr><\/tbody><\/table><\/figure>\n<\/div><\/div>\n\n<\/div><\/div>","protected":false},"excerpt":{"rendered":"<p>Akademik Takvim 2025 \u2013 2026 BA\u015eLANGI\u00c7 B\u0130T\u0130\u015e 2025-2026 E\u011fitim-\u00d6\u011fretim Y\u0131l\u0131 G\u00fcz Yar\u0131y\u0131l\u0131 Akademik Takvimi 14 Temmuz 2025 Pazartesi 22 A\u011fustos 2025 Cuma Yatay Ge\u00e7i\u015f Ba\u015fvuru Tarihleri 27 A\u011fustos 2025 \u00c7ar\u015famba Yatay Ge\u00e7i\u015f Sonu\u00e7lar\u0131n\u0131n \u0130lan\u0131 (17.00) \u00d6SYM taraf\u0131ndan belirlenecektir. \u00d6SYM Taraf\u0131ndan Yeni Yerle\u015ftirilen \u00d6\u011frencilerin Kesin Kay\u0131tlar\u0131 28 A\u011fustos 2025 Per\u015fembe 29 A\u011fustos 2025 Cuma Yatay Ge\u00e7i\u015fi&#8230;<\/p>\n","protected":false},"author":1,"featured_media":5265,"parent":0,"menu_order":0,"comment_status":"closed","ping_status":"closed","template":"","meta":{"_coblocks_attr":"","_coblocks_dimensions":"","_coblocks_responsive_height":"","_coblocks_accordion_ie_support":"","_kad_post_transparent":"","_kad_post_title":"","_kad_post_layout":"normal","_kad_post_sidebar_id":"","_kad_post_content_style":"unboxed","_kad_post_vertical_padding":"default","_kad_post_feature":"hide","_kad_post_feature_position":"","_kad_post_header":false,"_kad_post_footer":false,"footnotes":""},"class_list":["post-4911","page","type-page","status-publish","has-post-thumbnail","hentry"],"_links":{"self":[{"href":"https:\/\/www.cwu.edu.tr\/tr\/wp-json\/wp\/v2\/pages\/4911","targetHints":{"allow":["GET"]}}],"collection":[{"href":"https:\/\/www.cwu.edu.tr\/tr\/wp-json\/wp\/v2\/pages"}],"about":[{"href":"https:\/\/www.cwu.edu.tr\/tr\/wp-json\/wp\/v2\/types\/page"}],"author":[{"embeddable":true,"href":"https:\/\/www.cwu.edu.tr\/tr\/wp-json\/wp\/v2\/users\/1"}],"replies":[{"embeddable":true,"href":"https:\/\/www.cwu.edu.tr\/tr\/wp-json\/wp\/v2\/comments?post=4911"}],"version-history":[{"count":11,"href":"https:\/\/www.cwu.edu.tr\/tr\/wp-json\/wp\/v2\/pages\/4911\/revisions"}],"predecessor-version":[{"id":5855,"href":"https:\/\/www.cwu.edu.tr\/tr\/wp-json\/wp\/v2\/pages\/4911\/revisions\/5855"}],"wp:featuredmedia":[{"embeddable":true,"href":"https:\/\/www.cwu.edu.tr\/tr\/wp-json\/wp\/v2\/media\/5265"}],"wp:attachment":[{"href":"https:\/\/www.cwu.edu.tr\/tr\/wp-json\/wp\/v2\/media?parent=4911"}],"curies":[{"name":"wp","href":"https:\/\/api.w.org\/{rel}","templated":true}]}}